{"id":13454,"date":"2015-03-13T21:57:13","date_gmt":"2015-03-13T19:57:13","guid":{"rendered":"https:\/\/editura-unibuc.ro\/?page_id=13454"},"modified":"2023-02-23T11:32:02","modified_gmt":"2023-02-23T09:32:02","slug":"termeni-si-conditii","status":"publish","type":"page","link":"https:\/\/editura-unibuc.ro\/en\/termeni-si-conditii\/","title":{"rendered":"Legal Terms"},"content":{"rendered":"<p>Acest site include informa\u021bii protejate de legea copyright-ului \u0219i referin\u021be la materiale \u0219i informa\u021bie privat\u0103 care pot fi utilizate doar cu aprobarea expres\u0103 a tuturor p\u0103r\u021bilor implicate.<\/p>\n<p>Con\u021binutul site-ului este protejat de legisla\u021bia rom\u00e2n\u0103 \u0219i interna\u021bional\u0103. Orice copiere, reproducere, distribu\u021bie, publicare, difuzare sau transfer de orice fel \u0219i prin orice mijloc, par\u021bial sau integral, a con\u021binutului site-ului f\u0103r\u0103 acordul scris prealabil al Editurii Universit\u0103\u021bii din Bucure\u0219ti \u2013 Bucharest University Press sunt strict interzise \u0219i reprezint\u0103 o \u00eenc\u0103lcare a prevederilor legale privind drepturile de proprietate intelectual\u0103.<\/p>\n","protected":false},"excerpt":{"rendered":"<p>Acest site include informa\u021bii protejate de legea copyright-ului \u0219i referin\u021be la materiale \u0219i informa\u021bie privat\u0103 care pot fi utilizate doar cu aprobarea expres\u0103 a tuturor p\u0103r\u021bilor implicate. Con\u021binutul site-ului este protejat de legisla\u021bia rom\u00e2n\u0103 \u0219i interna\u021bional\u0103. Orice copiere, reproducere, distribu\u021bie, publicare, difuzare sau transfer de orice fel \u0219i prin orice mijloc, par\u021bial sau integral, a [&hellip;]<\/p>\n","protected":false},"author":1,"featured_media":0,"parent":0,"menu_order":0,"comment_status":"open","ping_status":"closed","template":"templates\/page-full.php","meta":{"footnotes":""},"class_list":["post-13454","page","type-page","status-publish","hentry"],"_links":{"self":[{"href":"https:\/\/editura-unibuc.ro\/en\/wp-json\/wp\/v2\/pages\/13454","targetHints":{"allow":["GET"]}}],"collection":[{"href":"https:\/\/editura-unibuc.ro\/en\/wp-json\/wp\/v2\/pages"}],"about":[{"href":"https:\/\/editura-unibuc.ro\/en\/wp-json\/wp\/v2\/types\/page"}],"author":[{"embeddable":true,"href":"https:\/\/editura-unibuc.ro\/en\/wp-json\/wp\/v2\/users\/1"}],"replies":[{"embeddable":true,"href":"https:\/\/editura-unibuc.ro\/en\/wp-json\/wp\/v2\/comments?post=13454"}],"version-history":[{"count":0,"href":"https:\/\/editura-unibuc.ro\/en\/wp-json\/wp\/v2\/pages\/13454\/revisions"}],"wp:attachment":[{"href":"https:\/\/editura-unibuc.ro\/en\/wp-json\/wp\/v2\/media?parent=13454"}],"curies":[{"name":"wp","href":"https:\/\/api.w.org\/{rel}","templated":true}]}}