{"id":22524,"date":"2018-05-28T12:15:30","date_gmt":"2018-05-28T09:15:30","guid":{"rendered":"https:\/\/editura-unibuc.ro\/?page_id=22524"},"modified":"2023-03-13T14:40:51","modified_gmt":"2023-03-13T12:40:51","slug":"politica-de-confidentialitate","status":"publish","type":"page","link":"https:\/\/editura-unibuc.ro\/en\/politica-de-confidentialitate\/","title":{"rendered":"Politica de confiden\u021bialitate"},"content":{"rendered":"<p><strong><b>Politica privind confiden\u021bialitatea datelor<\/b><\/strong><\/p>\n<p>Site-ul este de\u021binut \u0219i administrat de Editura Universit\u0103\u021bii din Bucure\u0219ti \u2013 Bucharest University Press cu sediul \u00een Bd. Mihail Kog\u0103lniceanu 36-46, sector 5, Bucure\u015fti. Pentru a urm\u0103ri mai u\u0219or informa\u021biile, trebuie s\u0103 \u0219ti\u021bi c\u0103 ne putem referi la institu\u021bia noastr\u0103 folosind termenii \u201eEUB-BUP\u201d, \u201enou\u0103\u201d, \u201enostru\u201d etc, iar la dumneavoastr\u0103, ca utilizator \u0219i vizitator al site-ului, folosind termenii \u201eutilizator\u201d, \u201edumneavoastr\u0103\u201d etc.<br \/>\nAceast\u0103 politic\u0103 descrie informa\u021biile pe care le colect\u0103m atunci c\u00e2nd vizita\u021bi www.editura-unibuc.ro.<br \/>\nPrin utilizarea acestui site web, sunte\u021bi de acord cu colectarea \u0219i utilizarea informa\u021biilor dumneavoastr\u0103 personale (\u00een cazul \u00een care acestea sunt furnizate) \u00een conformitate cu aceast\u0103 politic\u0103. Site-ul poate con\u021bine leg\u0103turi c\u0103tre \u0219i de pe site-uri web. Dac\u0103 urma\u021bi un link c\u0103tre oricare dintre aceste site-uri web, re\u021bine\u021bi c\u0103 acestea au propriile politici de confiden\u021bialitate. EUB-BUP nu are nicio responsabilitate sau r\u0103spundere pentru aceste politici sau modul \u00een care aceste site-uri web \u00ee\u0219i gestioneaz\u0103 datele. Verifica\u021bi aceste politici \u00eenainte de a trimite orice informa\u021bii personale acestor site-uri.<\/p>\n<p><strong>Furnizarea datelor dumneavoastr\u0103 \u00een acest scop este voluntar\u0103.<\/strong>\u00a0Refuzul furniz\u0103rii consim\u021b\u0103m\u00e2ntului pentru prelucrarea datelor dumneavoastr\u0103 \u00een acest scop nu va avea urm\u0103ri negative pentru dumneavoastr\u0103.<\/p>\n<p><strong><b>Informa\u021biile colectate \u0219i durata de stocare<\/b><\/strong><br \/>\n\u00cen cazul \u00een care utiliza\u021bi site-ul nostru, vom colecta \u0219i procesa urm\u0103toarele date personale despre dumneavoastr\u0103: numele, adresa de e-mail, num\u0103rul de telefon etc.<br \/>\nStocarea datelor de natura personal\u0103 se face at\u00e2ta timp c\u00e2t avem consim\u021b\u0103m\u0203ntul dumneavoastr\u0103.<\/p>\n<p><strong><b>Cum utiliz\u0103m datele personale pe care le furniza\u021bi sau le colect\u0103m<\/b><\/strong><br \/>\nDatele personale furnizate de dumneavoastr\u0103 prin intermediul solicit\u0103rilor transmise pe adresele de e-mail vor fi folosite \u00een scopul proces\u0103rii cererilor dumneavoastr\u0103. Prin trimiterea solicit\u0103rii sunte\u021bi de acord cu prelucrarea datelor dumneavoastr\u0103 de c\u0103tre EUB-BUP.<\/p>\n<p><strong><b>Accesa\u021bi datele dumneavoastr\u0103 personale<\/b><\/strong><br \/>\nAve\u021bi dreptul s\u0103 cere\u021bi o copie a informa\u021biilor de\u021binute de noi prin formularea unei solicit\u0103ri de acces. Pentru a solicita o copie a datelor de\u021binute despre dumneavoastr\u0103 sau pentru a v\u0103 actualiza informa\u021biile, contacta\u021bi EUB-BUP la adresa de e-mail:\u00a0comenzi-eub@unibuc.ro.<br \/>\nDatele de natur\u0103 personal\u0103 de\u021binute de c\u0103tre EUB-BUP sunt supuse condi\u021biilor din Regulamentul UE 679\/2016 care ofer\u0103 persoanelor vizate dreptul de acces la toate tipurile de informa\u021bii \u00eenregistrate, de\u021binute de operatorul de date, sub rezerva anumitor limit\u0103ri.<\/p>\n<p><strong><b>Drepturile persoanei vizate<\/b><\/strong><br \/>\nConform Regulamentului 679\/2016 \u2013 GDPR, ave\u0163i dreptul de a solicita EUB-BUP, \u00een calitate de operator de date de natur\u0103 personal\u0103, rectificarea, \u015ftergerea sau restric\u0163ionarea prelucr\u0103rii datelor personale referitoare la dumneavoastr\u0103.<br \/>\nDe asemenea, ave\u0163i dreptul de a v\u0103 retrage consim\u0163\u0103m\u00e2ntul \u00een orice moment, f\u0103r\u0103 a afecta legalitatea prelucr\u0103rii efectuate pe baza acestuia, \u00eenainte de retragere, v\u0103 pute\u0163i dezabona prin trimiterea unui e-mail cu textul \u201eDEZABONARE\u201d la adresa: comenzi-eub@unibuc.ro<\/p>\n<p><strong><b>Dreptul de a depune o pl\u00e2ngere \u00een fa\u0163a Autorit\u0103\u0163ii de supraveghere<\/b><\/strong>\u00a0Conform Regulamentului 679 \/2016 \u2013 GDPR, ave\u021bi dreptul de a depune o pl\u00e2ngere la Autoritatea Na\u0163ional\u0103 de Supraveghere a Prelucr\u0103rii Datelor cu Caracter Personal. Mai multe detalii se pot ob\u021bine acces\u0203nd adresa\u00a0<a href=\"http:\/\/www.dataprotection.ro\/\">http:\/\/www.dataprotection.ro\/<\/a>.<\/p>\n","protected":false},"excerpt":{"rendered":"<p>Politica privind confiden\u021bialitatea datelor Site-ul este de\u021binut \u0219i administrat de Editura Universit\u0103\u021bii din Bucure\u0219ti \u2013 Bucharest University Press cu sediul \u00een Bd. Mihail Kog\u0103lniceanu 36-46, sector 5, Bucure\u015fti. Pentru a urm\u0103ri mai u\u0219or informa\u021biile, trebuie s\u0103 \u0219ti\u021bi c\u0103 ne putem referi la institu\u021bia noastr\u0103 folosind termenii \u201eEUB-BUP\u201d, \u201enou\u0103\u201d, \u201enostru\u201d etc, iar la dumneavoastr\u0103, ca utilizator [&hellip;]<\/p>\n","protected":false},"author":1,"featured_media":0,"parent":0,"menu_order":0,"comment_status":"closed","ping_status":"closed","template":"","meta":{"footnotes":""},"class_list":["post-22524","page","type-page","status-publish","hentry"],"_links":{"self":[{"href":"https:\/\/editura-unibuc.ro\/en\/wp-json\/wp\/v2\/pages\/22524","targetHints":{"allow":["GET"]}}],"collection":[{"href":"https:\/\/editura-unibuc.ro\/en\/wp-json\/wp\/v2\/pages"}],"about":[{"href":"https:\/\/editura-unibuc.ro\/en\/wp-json\/wp\/v2\/types\/page"}],"author":[{"embeddable":true,"href":"https:\/\/editura-unibuc.ro\/en\/wp-json\/wp\/v2\/users\/1"}],"replies":[{"embeddable":true,"href":"https:\/\/editura-unibuc.ro\/en\/wp-json\/wp\/v2\/comments?post=22524"}],"version-history":[{"count":0,"href":"https:\/\/editura-unibuc.ro\/en\/wp-json\/wp\/v2\/pages\/22524\/revisions"}],"wp:attachment":[{"href":"https:\/\/editura-unibuc.ro\/en\/wp-json\/wp\/v2\/media?parent=22524"}],"curies":[{"name":"wp","href":"https:\/\/api.w.org\/{rel}","templated":true}]}}