{"id":22526,"date":"2018-05-28T12:18:47","date_gmt":"2018-05-28T09:18:47","guid":{"rendered":"https:\/\/editura-unibuc.ro\/?page_id=22526"},"modified":"2018-05-28T12:18:47","modified_gmt":"2018-05-28T09:18:47","slug":"informare-privind-cookie-urile","status":"publish","type":"page","link":"https:\/\/editura-unibuc.ro\/en\/informare-privind-cookie-urile\/","title":{"rendered":"Informare privind cookie-urile"},"content":{"rendered":"<p>Site-ul web https:\/\/editura-unibuc.ro utilizeaz\u0103 diferite tipuri de cookie-uri pentru a v\u0103 distinge de ceilal\u021bi utilizatori ai site-ului. Un cookie este un mic fi\u0219ier de litere \u0219i numere stocat pe echipamentul dvs. Cookie-urile web sunt utilizate pentru a \u00eembun\u0103t\u0103\u021bi site-urile web \u0219i pentru a \u00eembun\u0103t\u0103\u021bi experien\u021ba utilizatorului prin personalizarea con\u021binutului pentru vizitatori \u0219i pentru a oferi informa\u021bii proprietarilor de site-uri web.<\/p>\n<p>Exist\u0103 o serie de motive pentru care un cookie poate fi stocat pe echipamentul dvs. dup\u0103 o vizit\u0103 pe site-ul editura-unibuc.ro.<br \/>\n\u2022 cookie-urile care fac site-ul nostru s\u0103 func\u021bioneze corect \u0219i v\u0103 permit s\u0103 utiliza\u021bi serviciile online securizate furnizate de editura-unibuc.ro.<br \/>\n\u2022 cookie-uri care v\u0103 recunosc preferin\u021bele personale atunci c\u00e2nd v\u0103 \u00eentoarce\u021bi pe site-ul nostru \u0219i face mai u\u0219or de utilizat site-ul deoarece personalizeaza informa\u021biile pe care le primi\u021bi.<br \/>\n\u2022 cookie-uri care ajut\u0103 la asigurarea rapid\u0103 a \u00eenc\u0103rc\u0103rii con\u021binutului paginii dvs.<br \/>\n\u2022 cookie-urile care colecteaz\u0103 date despre utilizarea de c\u0103tre dvs. a site-ului nostru si care ne ajuta s\u0103 \u00eembun\u0103t\u0103\u021bim serviciile digitale<br \/>\nCookie-uri sunt plasate pe dispozitivul dvs. fie de c\u0103tre site-ul https:\/\/editura-unibuc.ro, fie de c\u0103tre p\u0103r\u021bile ter\u021be ale c\u0103ror servicii le folosim ca parte a site-ului.<\/p>\n<p><strong>Cookie-uri folosite<\/strong><\/p>\n<table width=\"563\">\n<tbody>\n<tr>\n<td width=\"76\">Nume cookie<\/td>\n<td width=\"137\">Furnizor<\/td>\n<td width=\"57\">Tip<\/td>\n<td width=\"60\">Expirare<\/td>\n<td width=\"157\">Descriere<\/td>\n<td width=\"76\">Datele sunt trimise in<\/td>\n<\/tr>\n<tr>\n<td width=\"76\"><strong>_ga<\/strong><\/td>\n<td width=\"137\">unibuc.ro<\/td>\n<td width=\"57\">HTTP<\/td>\n<td width=\"60\">2 ani<\/td>\n<td width=\"157\">\u00cenregistreaz\u0103 un ID unic utilizat pentru a genera date statistice despre modul \u00een care vizitatorul utilizeaz\u0103 site-ul web.<\/td>\n<td width=\"76\">Rom\u00e2nia<\/p>\n<\/td>\n<\/tr>\n<tr>\n<td width=\"76\"><strong>Collect<\/strong><\/td>\n<td width=\"137\">google-analytics.com<\/td>\n<td width=\"57\">Pixel<\/td>\n<td width=\"60\">Sesiune<\/td>\n<td width=\"157\">Folosit pentru a trimite date c\u0103tre Google Analytics despre dispozitivul \u0219i comportamentul vizitatorului. Urm\u0103reste vizitatorul pe dispozitive \u0219i canale de marketing.<\/td>\n<td width=\"76\">SUA<\/td>\n<\/tr>\n<tr>\n<td width=\"76\"><strong>\u00a0<\/strong><\/td>\n<td width=\"137\">&nbsp;<\/td>\n<td width=\"57\">&nbsp;<\/td>\n<td width=\"60\">&nbsp;<\/td>\n<td width=\"157\">&nbsp;<\/td>\n<td width=\"76\">&nbsp;<\/td>\n<\/tr>\n<\/tbody>\n<\/table>\n<p><strong>Modificarea set\u0103rilor cookie-urilor<\/strong><\/p>\n<p>Majoritatea browserelor web permit controlul cookie-urilor prin set\u0103rile browserului. Pentru a afla mai multe despre utilizarea cookie-urilor, respectiv despre cum puteti vedea ce cookie-uri au fost instalate \u0219i cum s\u0103 le gestiona\u021bi \u0219i s\u0103 le \u0219terge\u021bi, utilizati urmatoarele linkuri:<br \/>\nhttps:\/\/support.microsoft.com\/ro-ro\/help\/17442\/windows-internet-explorer-delete-manage-cookies<br \/>\nhttps:\/\/support.apple.com\/kb\/PH21411?locale=en_US&#038;viewlocale=ro_RO<br \/>\nhttps:\/\/support.google.com\/chrome\/answer\/95647?co=GENIE.Platform%3DDesktop&#038;hl=ro<br \/>\nhttps:\/\/support.mozilla.org\/ro\/kb\/activarea-si-dezactivarea-cookie-urilor<br \/>\nEste posibil ca anumite p\u0103r\u021bi ale site-ului https:\/\/editura-unibuc.ro s\u0103 nu func\u021bioneze corect dac\u0103 a\u021bi dezactivat utilizarea cookie din browser.<\/p>\n","protected":false},"excerpt":{"rendered":"<p>Site-ul web https:\/\/editura-unibuc.ro utilizeaz\u0103 diferite tipuri de cookie-uri pentru a v\u0103 distinge de ceilal\u021bi utilizatori ai site-ului. Un cookie este un mic fi\u0219ier de litere \u0219i numere stocat pe echipamentul dvs. Cookie-urile web sunt utilizate pentru a \u00eembun\u0103t\u0103\u021bi site-urile web \u0219i pentru a \u00eembun\u0103t\u0103\u021bi experien\u021ba utilizatorului prin personalizarea con\u021binutului pentru vizitatori \u0219i pentru a oferi [&hellip;]<\/p>\n","protected":false},"author":1,"featured_media":0,"parent":0,"menu_order":0,"comment_status":"closed","ping_status":"closed","template":"","meta":{"footnotes":""},"class_list":["post-22526","page","type-page","status-publish","hentry"],"_links":{"self":[{"href":"https:\/\/editura-unibuc.ro\/en\/wp-json\/wp\/v2\/pages\/22526","targetHints":{"allow":["GET"]}}],"collection":[{"href":"https:\/\/editura-unibuc.ro\/en\/wp-json\/wp\/v2\/pages"}],"about":[{"href":"https:\/\/editura-unibuc.ro\/en\/wp-json\/wp\/v2\/types\/page"}],"author":[{"embeddable":true,"href":"https:\/\/editura-unibuc.ro\/en\/wp-json\/wp\/v2\/users\/1"}],"replies":[{"embeddable":true,"href":"https:\/\/editura-unibuc.ro\/en\/wp-json\/wp\/v2\/comments?post=22526"}],"version-history":[{"count":0,"href":"https:\/\/editura-unibuc.ro\/en\/wp-json\/wp\/v2\/pages\/22526\/revisions"}],"wp:attachment":[{"href":"https:\/\/editura-unibuc.ro\/en\/wp-json\/wp\/v2\/media?parent=22526"}],"curies":[{"name":"wp","href":"https:\/\/api.w.org\/{rel}","templated":true}]}}