{"id":1045,"date":"2012-09-03T13:05:51","date_gmt":"2012-09-03T10:05:51","guid":{"rendered":"https:\/\/editura-unibuc.ro\/?p=1045"},"modified":"2016-08-11T13:40:39","modified_gmt":"2016-08-11T10:40:39","slug":"asezari-urbane-sau-rurale-orasele-din-tarile-romane-de-la-sfarsitul-secolului-al-17-lea-la-inceputul-secolului-al-19-lea","status":"publish","type":"product","link":"https:\/\/editura-unibuc.ro\/en\/asezari-urbane-sau-rurale-orasele-din-tarile-romane-de-la-sfarsitul-secolului-al-17-lea-la-inceputul-secolului-al-19-lea\/","title":{"rendered":"URBAN OR RURAL SETTLEMENTS? Towns in the Romanian Countries at the end of the 17th century and the beginning of the 19th century"},"content":{"rendered":"<p>La originea acestei lucr\u0103ri se afl\u0103 o tez\u0103 de doctorat sus\u021binut\u0103 \u00een 2008 la \u00c9cole des Hautes \u00c9tudes en Sciences Sociales. Studiul este structurat \u00een \u0219ase capitole: I. Ora\u0219ul rom\u00e2nesc v\u0103zut din afar\u0103; II. Dimensiunea demografic\u0103 a ora\u0219ului. Problema ora\u0219elor mici; III. Agricultura \u0219i ora\u0219ul; IV. Modelul urban occidental \u0219i ora\u0219ul rom\u00e2nesc; V. Mahalaua, indicator al urbanit\u0103\u021bii; VI. Concluzii. \u201eIdeea unei urbanit\u0103\u021bi par\u021biale a ora\u0219ului rom\u00e2nesc este un produs al condi\u021biilor din a doua jum\u0103tate a secolului al 19-lea. La mijlocul secolului, ora\u0219ele din Rom\u00e2nia sunt, din toate punctele de vedere, mult \u00een urma marilor metropole occidentale care \u00eencep s\u0103 devin\u0103, pentru elita rom\u00e2neasc\u0103, reperul pentru ceea ce \u00eenseamn\u0103 ora\u0219\u201d, noteaz\u0103 autorul \u00een ultimul capitol al c\u0103r\u021bii.<\/p>\n","protected":false},"excerpt":{"rendered":"<p>La originea acestei lucr\u0103ri se afl\u0103 o tez\u0103 de doctorat sus\u021binut\u0103 \u00een 2008 la \u00c9cole des Hautes \u00c9tudes en Sciences Sociales. Studiul este structurat \u00een \u0219ase capitole: I. Ora\u0219ul rom\u00e2nesc v\u0103zut din afar\u0103; II. Dimensiunea demografic\u0103 a ora\u0219ului. Problema ora\u0219elor mici; III. Agricultura \u0219i ora\u0219ul; IV. Modelul urban occidental \u0219i ora\u0219ul rom\u00e2nesc; V. Mahalaua, indicator [&hellip;]<\/p>\n","protected":false},"featured_media":11333,"comment_status":"open","ping_status":"closed","template":"","meta":[],"product_brand":[],"product_cat":[991,995],"product_tag":[881,1334,1398,1399],"class_list":{"0":"post-1045","1":"product","2":"type-product","3":"status-publish","4":"has-post-thumbnail","6":"product_cat-stiinte-sociale","7":"product_cat-istorie-stiinte-politice","8":"product_tag-istorie","9":"product_tag-modernitate","10":"product_tag-rural","11":"product_tag-urban","13":"first","14":"outofstock","15":"shipping-taxable","16":"purchasable","17":"product-type-simple"},"_links":{"self":[{"href":"https:\/\/editura-unibuc.ro\/en\/wp-json\/wp\/v2\/product\/1045","targetHints":{"allow":["GET"]}}],"collection":[{"href":"https:\/\/editura-unibuc.ro\/en\/wp-json\/wp\/v2\/product"}],"about":[{"href":"https:\/\/editura-unibuc.ro\/en\/wp-json\/wp\/v2\/types\/product"}],"replies":[{"embeddable":true,"href":"https:\/\/editura-unibuc.ro\/en\/wp-json\/wp\/v2\/comments?post=1045"}],"wp:featuredmedia":[{"embeddable":true,"href":"https:\/\/editura-unibuc.ro\/en\/wp-json\/wp\/v2\/media\/11333"}],"wp:attachment":[{"href":"https:\/\/editura-unibuc.ro\/en\/wp-json\/wp\/v2\/media?parent=1045"}],"wp:term":[{"taxonomy":"product_brand","embeddable":true,"href":"https:\/\/editura-unibuc.ro\/en\/wp-json\/wp\/v2\/product_brand?post=1045"},{"taxonomy":"product_cat","embeddable":true,"href":"https:\/\/editura-unibuc.ro\/en\/wp-json\/wp\/v2\/product_cat?post=1045"},{"taxonomy":"product_tag","embeddable":true,"href":"https:\/\/editura-unibuc.ro\/en\/wp-json\/wp\/v2\/product_tag?post=1045"}],"curies":[{"name":"wp","href":"https:\/\/api.w.org\/{rel}","templated":true}]}}