{"id":1074,"date":"2012-09-04T08:52:45","date_gmt":"2012-09-04T05:52:45","guid":{"rendered":"https:\/\/editura-unibuc.ro\/?p=1074"},"modified":"2015-03-12T23:17:59","modified_gmt":"2015-03-12T21:17:59","slug":"spectacularizarea-prozei-italiene-tendinte-actuale-in-raport-cu-cititorii-lumea-editoriala-si-manifestarile-celebrative","status":"publish","type":"product","link":"https:\/\/editura-unibuc.ro\/en\/spectacularizarea-prozei-italiene-tendinte-actuale-in-raport-cu-cititorii-lumea-editoriala-si-manifestarile-celebrative\/","title":{"rendered":"ITALIAN PROSE SPECTACULARIZATION. Present-day tendencies regarding readers, the editorial circles and celebrations"},"content":{"rendered":"<p>Volumul de fa\u021b\u0103 reprezint\u0103 rezultatul cercet\u0103rii de doctorat a autoarei \u0219i cuprinde \u00een prima parte o discu\u021bie despre canonul literar aplicat\u0103 la Italia \u0219i Rom\u00e2nia. \u00cen partea a doua g\u0103sim o istorie a activit\u0103\u021bii editoriale \u00een Italia \u00een perioada contemporan\u0103 care surprinde apari\u021bia \u0219i dezvoltarea marilor \u00eentreprinderi culturale italiene \u0219i modernizarea industriei de profil. Lucrarea se \u00eencheie cu o succesiune de capitole concentrate privitoare la noile tendin\u021be \u00een literatura contemporan\u0103 italian\u0103 (avangarde, subgenuri tradi\u021bionale revizitate, romanul psihologic feminin, literatur\u0103 ludic\u0103 \u0219i minimalist\u0103). Volumul se adreseaz\u0103 tuturor celor interesa\u021bi de \u201cfenomenul literar (ultra)contemporan\u201d sau de cultura italian\u0103 contemporan\u0103.<\/p>\n","protected":false},"excerpt":{"rendered":"<p>Volumul de fa\u021b\u0103 reprezint\u0103 rezultatul cercet\u0103rii de doctorat a autoarei \u0219i cuprinde \u00een prima parte o discu\u021bie despre canonul literar aplicat\u0103 la Italia \u0219i Rom\u00e2nia. \u00cen partea a doua g\u0103sim o istorie a activit\u0103\u021bii editoriale \u00een Italia \u00een perioada contemporan\u0103 care surprinde apari\u021bia \u0219i dezvoltarea marilor \u00eentreprinderi culturale italiene \u0219i modernizarea industriei de profil. Lucrarea [&hellip;]<\/p>\n","protected":false},"featured_media":11294,"comment_status":"open","ping_status":"closed","template":"","meta":[],"product_brand":[],"product_cat":[858],"product_tag":[924,956],"class_list":{"0":"post-1074","1":"product","2":"type-product","3":"status-publish","4":"has-post-thumbnail","6":"product_cat-colectia-romanica","7":"product_tag-italiana","8":"product_tag-proza","10":"first","11":"instock","12":"shipping-taxable","13":"purchasable","14":"product-type-simple"},"_links":{"self":[{"href":"https:\/\/editura-unibuc.ro\/en\/wp-json\/wp\/v2\/product\/1074","targetHints":{"allow":["GET"]}}],"collection":[{"href":"https:\/\/editura-unibuc.ro\/en\/wp-json\/wp\/v2\/product"}],"about":[{"href":"https:\/\/editura-unibuc.ro\/en\/wp-json\/wp\/v2\/types\/product"}],"replies":[{"embeddable":true,"href":"https:\/\/editura-unibuc.ro\/en\/wp-json\/wp\/v2\/comments?post=1074"}],"wp:featuredmedia":[{"embeddable":true,"href":"https:\/\/editura-unibuc.ro\/en\/wp-json\/wp\/v2\/media\/11294"}],"wp:attachment":[{"href":"https:\/\/editura-unibuc.ro\/en\/wp-json\/wp\/v2\/media?parent=1074"}],"wp:term":[{"taxonomy":"product_brand","embeddable":true,"href":"https:\/\/editura-unibuc.ro\/en\/wp-json\/wp\/v2\/product_brand?post=1074"},{"taxonomy":"product_cat","embeddable":true,"href":"https:\/\/editura-unibuc.ro\/en\/wp-json\/wp\/v2\/product_cat?post=1074"},{"taxonomy":"product_tag","embeddable":true,"href":"https:\/\/editura-unibuc.ro\/en\/wp-json\/wp\/v2\/product_tag?post=1074"}],"curies":[{"name":"wp","href":"https:\/\/api.w.org\/{rel}","templated":true}]}}