{"id":1078,"date":"2012-09-04T09:01:56","date_gmt":"2012-09-04T06:01:56","guid":{"rendered":"https:\/\/editura-unibuc.ro\/?p=1078"},"modified":"2023-03-17T10:04:10","modified_gmt":"2023-03-17T08:04:10","slug":"rogu-te-ghiceste-mi-chemand-mort-magia-vrajitoria-si-divinatia-din-perspectiva-biblica","status":"publish","type":"product","link":"https:\/\/editura-unibuc.ro\/en\/rogu-te-ghiceste-mi-chemand-mort-magia-vrajitoria-si-divinatia-din-perspectiva-biblica\/","title":{"rendered":"&#8221;I PRAY, TELL MY FORTUNE BY CALLING A DEAD ONE\u201d. Sorcery, witchcraft and divination from biblical perspective"},"content":{"rendered":"<p>Un studiu serios \u0219i bine realizat despre o practic\u0103 ancestral\u0103 surprins\u0103 \u00een contextul istoric \u0219i cultural al Bibliei (\u00een Vechiul Testament, precum \u0219i atitudinea Noului Testament). Cuprins: 1.Introducere. Magia \u0219i vr\u0103jitoria: originea \u0219i definirea lor; 2. Termeni folosi\u021bi pentru desemnarea magicienilor, vr\u0103jitorilor \u0219i a celor care practicau divina\u021bia; 3. Ce era divina\u021bia \u0219i cum se realiza. Forme ale divina\u021biei, tehnici \u0219i instrumente folosite \u00een aflarea viitorului; 4. Revela\u021bia realizat\u0103 \u0219i prin visuri sau viziuni. Rolul lor \u00een cunoa\u0219terea viitorului; 5. Magia, vr\u0103jitoria \u0219i divina\u021bia \u00een manuscrisele de la Marea Moart\u0103 (Qumran); 6. Atitudinea scrierilor nou-testamentare fa\u021b\u0103 de magie, vr\u0103jitorie \u0219i divina\u021bie; 7. Sfin\u021bii p\u0103rin\u021bi, scriitorii biserice\u0219ti \u0219i canoanele ortodoxe despre magie, practicarea vr\u0103jitoriei \u0219i divina\u021biei.<\/p>","protected":false},"excerpt":{"rendered":"<p>Un studiu serios \u0219i bine realizat despre o practic\u0103 ancestral\u0103 surprins\u0103 \u00een contextul istoric \u0219i cultural al Bibliei (\u00een Vechiul Testament, precum \u0219i atitudinea Noului Testament). Cuprins: 1.Introducere. Magia \u0219i vr\u0103jitoria: originea \u0219i definirea lor; 2. Termeni folosi\u021bi pentru desemnarea magicienilor, vr\u0103jitorilor \u0219i a celor care practicau divina\u021bia; 3. Ce era divina\u021bia \u0219i cum se [&hellip;]<\/p>\n","protected":false},"featured_media":11291,"comment_status":"open","ping_status":"closed","template":"","meta":[],"product_brand":[],"product_cat":[991,999],"product_tag":[1186,870,1021],"class_list":{"0":"post-1078","1":"product","2":"type-product","3":"status-publish","4":"has-post-thumbnail","6":"product_cat-stiinte-sociale","7":"product_cat-teologie","8":"product_tag-biblia","9":"product_tag-magie","10":"product_tag-teologie","12":"first","13":"outofstock","14":"shipping-taxable","15":"purchasable","16":"product-type-simple"},"_links":{"self":[{"href":"https:\/\/editura-unibuc.ro\/en\/wp-json\/wp\/v2\/product\/1078","targetHints":{"allow":["GET"]}}],"collection":[{"href":"https:\/\/editura-unibuc.ro\/en\/wp-json\/wp\/v2\/product"}],"about":[{"href":"https:\/\/editura-unibuc.ro\/en\/wp-json\/wp\/v2\/types\/product"}],"replies":[{"embeddable":true,"href":"https:\/\/editura-unibuc.ro\/en\/wp-json\/wp\/v2\/comments?post=1078"}],"wp:featuredmedia":[{"embeddable":true,"href":"https:\/\/editura-unibuc.ro\/en\/wp-json\/wp\/v2\/media\/11291"}],"wp:attachment":[{"href":"https:\/\/editura-unibuc.ro\/en\/wp-json\/wp\/v2\/media?parent=1078"}],"wp:term":[{"taxonomy":"product_brand","embeddable":true,"href":"https:\/\/editura-unibuc.ro\/en\/wp-json\/wp\/v2\/product_brand?post=1078"},{"taxonomy":"product_cat","embeddable":true,"href":"https:\/\/editura-unibuc.ro\/en\/wp-json\/wp\/v2\/product_cat?post=1078"},{"taxonomy":"product_tag","embeddable":true,"href":"https:\/\/editura-unibuc.ro\/en\/wp-json\/wp\/v2\/product_tag?post=1078"}],"curies":[{"name":"wp","href":"https:\/\/api.w.org\/{rel}","templated":true}]}}