{"id":1081,"date":"2012-09-04T09:06:15","date_gmt":"2012-09-04T06:06:15","guid":{"rendered":"https:\/\/editura-unibuc.ro\/?p=1081"},"modified":"2016-08-11T13:50:13","modified_gmt":"2016-08-11T10:50:13","slug":"studii-de-biblioteconomie-si-stiinta-informarii-nr-152011","status":"publish","type":"product","link":"https:\/\/editura-unibuc.ro\/en\/studii-de-biblioteconomie-si-stiinta-informarii-nr-152011\/","title":{"rendered":"STUDIES OF BIBLIOTECHONOMY AND INFORMATION SCIENCE, No. 15\/2011"},"content":{"rendered":"<p>Studii de biblioteconomie \u0219i \u0219tiin\u021ba inform\u0103rii este o revist\u0103 \u0219tiin\u021bific\u0103 cu apari\u021bie anual\u0103, editat\u0103 de Catera de \u0218tiin\u021bele Inform\u0103rii \u0219i Document\u0103rii a Facult\u0103\u021bii de Litere din cadrul Universit\u0103\u021bii din Bucure\u0219ti. Prezentul num\u0103r al revistei reune\u0219te studii \u0219i articole ale unor cercet\u0103tori precum Gheorghe Bulu\u021b\u0103, cunoscut specialist \u00een istoria c\u0103r\u021bii, Elena T\u00e2rziman, precum \u0219i Octavia-Luciana Madge. Cele mai multe articole trateaz\u0103 problematici legate de activitatea bibliotecilor, dar, totodat\u0103 se semnaleaz\u0103 365 de ani de la tip\u0103rirea Pravilei lui Vasile Lupu (1646) \u0219i modalit\u0103\u021bi de valorificare online a patromoniului comunit\u0103\u021bilor de rom\u00e2ni balcanici.<\/p>","protected":false},"excerpt":{"rendered":"<p>Studii de biblioteconomie \u0219i \u0219tiin\u021ba inform\u0103rii este o revist\u0103 \u0219tiin\u021bific\u0103 cu apari\u021bie anual\u0103, editat\u0103 de Catera de \u0218tiin\u021bele Inform\u0103rii \u0219i Document\u0103rii a Facult\u0103\u021bii de Litere din cadrul Universit\u0103\u021bii din Bucure\u0219ti. Prezentul num\u0103r al revistei reune\u0219te studii \u0219i articole ale unor cercet\u0103tori precum Gheorghe Bulu\u021b\u0103, cunoscut specialist \u00een istoria c\u0103r\u021bii, Elena T\u00e2rziman, precum \u0219i Octavia-Luciana Madge. [&hellip;]<\/p>\n","protected":false},"featured_media":11288,"comment_status":"open","ping_status":"closed","template":"","meta":[],"product_brand":[],"product_cat":[1464,979,1469,1893],"product_tag":[1297,1142],"class_list":{"0":"post-1081","1":"product","2":"type-product","3":"status-publish","4":"has-post-thumbnail","6":"product_cat-filologie","7":"product_cat-limba-romana","8":"product_cat-periodice","9":"product_cat-reviste-academice","10":"product_tag-biblioteca","11":"product_tag-biblioteconomie","13":"first","14":"outofstock","15":"shipping-taxable","16":"purchasable","17":"product-type-simple"},"_links":{"self":[{"href":"https:\/\/editura-unibuc.ro\/en\/wp-json\/wp\/v2\/product\/1081","targetHints":{"allow":["GET"]}}],"collection":[{"href":"https:\/\/editura-unibuc.ro\/en\/wp-json\/wp\/v2\/product"}],"about":[{"href":"https:\/\/editura-unibuc.ro\/en\/wp-json\/wp\/v2\/types\/product"}],"replies":[{"embeddable":true,"href":"https:\/\/editura-unibuc.ro\/en\/wp-json\/wp\/v2\/comments?post=1081"}],"wp:featuredmedia":[{"embeddable":true,"href":"https:\/\/editura-unibuc.ro\/en\/wp-json\/wp\/v2\/media\/11288"}],"wp:attachment":[{"href":"https:\/\/editura-unibuc.ro\/en\/wp-json\/wp\/v2\/media?parent=1081"}],"wp:term":[{"taxonomy":"product_brand","embeddable":true,"href":"https:\/\/editura-unibuc.ro\/en\/wp-json\/wp\/v2\/product_brand?post=1081"},{"taxonomy":"product_cat","embeddable":true,"href":"https:\/\/editura-unibuc.ro\/en\/wp-json\/wp\/v2\/product_cat?post=1081"},{"taxonomy":"product_tag","embeddable":true,"href":"https:\/\/editura-unibuc.ro\/en\/wp-json\/wp\/v2\/product_tag?post=1081"}],"curies":[{"name":"wp","href":"https:\/\/api.w.org\/{rel}","templated":true}]}}