{"id":10926,"date":"2013-06-13T11:53:03","date_gmt":"2013-06-13T09:53:03","guid":{"rendered":"https:\/\/editura-unibuc.ro\/?p=10926"},"modified":"2015-03-13T19:00:19","modified_gmt":"2015-03-13T17:00:19","slug":"managementul-cunoasterii-teme-actuale","status":"publish","type":"product","link":"https:\/\/editura-unibuc.ro\/en\/managementul-cunoasterii-teme-actuale\/","title":{"rendered":"MANAGEMENT OF KNOWLEDGE. Present Themes"},"content":{"rendered":"<p>Managementul cunoa\u0219terii s-a constituit ca un domeniu interdisciplinar de cercetare, oarecum asem\u0103n\u0103tor \u0219tiin\u021belor cognitive. S-a iterat p\u00e2n\u0103 la satura\u021bie ideea c\u0103 tr\u0103im \u00een prezent \u00eentr-o societate a cunoa\u0219terii, adic\u0103, o societate \u00een care cunoa\u0219terea este definit\u0103 drept cel mai pre\u021bios capital \u0219i trebuie s\u0103 \u0219tim cum s\u0103 o folosim \u00een condi\u021biile \u00een care tendin\u021bele actuale sunt globalizarea, restructurarea \u0219i generalizarea bunelor practici. Prin urmare managementul cunoa\u0219terii ofer\u0103 un avantaj competitiv decisiv. (Cuv\u00e2nt \u00eenainte)<\/p>\n","protected":false},"excerpt":{"rendered":"<p>Managementul cunoa\u0219terii s-a constituit ca un domeniu interdisciplinar de cercetare, oarecum asem\u0103n\u0103tor \u0219tiin\u021belor cognitive. S-a iterat p\u00e2n\u0103 la satura\u021bie ideea c\u0103 tr\u0103im \u00een prezent \u00eentr-o societate a cunoa\u0219terii, adic\u0103, o societate \u00een care cunoa\u0219terea este definit\u0103 drept cel mai pre\u021bios capital \u0219i trebuie s\u0103 \u0219tim cum s\u0103 o folosim \u00een condi\u021biile \u00een care tendin\u021bele actuale [&hellip;]<\/p>\n","protected":false},"featured_media":10927,"comment_status":"open","ping_status":"closed","template":"","meta":[],"product_brand":[],"product_cat":[991,994],"product_tag":[1013,921],"class_list":{"0":"post-10926","1":"product","2":"type-product","3":"status-publish","4":"has-post-thumbnail","6":"product_cat-stiinte-sociale","7":"product_cat-filosofie","8":"product_tag-cunoastere","9":"product_tag-filosofie","11":"first","12":"outofstock","13":"shipping-taxable","14":"product-type-simple"},"_links":{"self":[{"href":"https:\/\/editura-unibuc.ro\/en\/wp-json\/wp\/v2\/product\/10926","targetHints":{"allow":["GET"]}}],"collection":[{"href":"https:\/\/editura-unibuc.ro\/en\/wp-json\/wp\/v2\/product"}],"about":[{"href":"https:\/\/editura-unibuc.ro\/en\/wp-json\/wp\/v2\/types\/product"}],"replies":[{"embeddable":true,"href":"https:\/\/editura-unibuc.ro\/en\/wp-json\/wp\/v2\/comments?post=10926"}],"wp:featuredmedia":[{"embeddable":true,"href":"https:\/\/editura-unibuc.ro\/en\/wp-json\/wp\/v2\/media\/10927"}],"wp:attachment":[{"href":"https:\/\/editura-unibuc.ro\/en\/wp-json\/wp\/v2\/media?parent=10926"}],"wp:term":[{"taxonomy":"product_brand","embeddable":true,"href":"https:\/\/editura-unibuc.ro\/en\/wp-json\/wp\/v2\/product_brand?post=10926"},{"taxonomy":"product_cat","embeddable":true,"href":"https:\/\/editura-unibuc.ro\/en\/wp-json\/wp\/v2\/product_cat?post=10926"},{"taxonomy":"product_tag","embeddable":true,"href":"https:\/\/editura-unibuc.ro\/en\/wp-json\/wp\/v2\/product_tag?post=10926"}],"curies":[{"name":"wp","href":"https:\/\/api.w.org\/{rel}","templated":true}]}}