{"id":1095,"date":"2012-09-04T09:38:25","date_gmt":"2012-09-04T06:38:25","guid":{"rendered":"https:\/\/editura-unibuc.ro\/?p=1095"},"modified":"2015-03-12T23:06:13","modified_gmt":"2015-03-12T21:06:13","slug":"geochimia-petrolului-sinteze-si-aplicatii","status":"publish","type":"product","link":"https:\/\/editura-unibuc.ro\/en\/geochimia-petrolului-sinteze-si-aplicatii\/","title":{"rendered":"OIL GEOCHEMISTRY. Syntheses and applications"},"content":{"rendered":"<p>Cuprins : 1. No\u021biuni generale. 1.1 Petrolul, 1.2 Gazele naturale, 1.3 Apele de z\u0103c\u0103m\u00e2nt. 2. Metodica cercet\u0103rii geochimice a acumul\u0103rilor de petrol \u0219i gaze. 3. Prospec\u021biunea cu gaze. 4. Metoda Rock \u2013 Eval. 5. Prospec\u021biunea bituminologic\u0103. 6. Metoda hidrogeochimic\u0103. 7. Clasificarea apelor de z\u0103c\u0103m\u00e2nt; Bibliografie.<\/p>","protected":false},"excerpt":{"rendered":"<p>Cuprins : 1. No\u021biuni generale. 1.1 Petrolul, 1.2 Gazele naturale, 1.3 Apele de z\u0103c\u0103m\u00e2nt. 2. Metodica cercet\u0103rii geochimice a acumul\u0103rilor de petrol \u0219i gaze. 3. Prospec\u021biunea cu gaze. 4. Metoda Rock \u2013 Eval. 5. Prospec\u021biunea bituminologic\u0103. 6. Metoda hidrogeochimic\u0103. 7. Clasificarea apelor de z\u0103c\u0103m\u00e2nt; Bibliografie.<\/p>\n","protected":false},"featured_media":11276,"comment_status":"open","ping_status":"closed","template":"","meta":[],"product_brand":[],"product_cat":[1466,990],"product_tag":[909,1397],"class_list":{"0":"post-1095","1":"product","2":"type-product","3":"status-publish","4":"has-post-thumbnail","6":"product_cat-stiinte-ale-naturii","7":"product_cat-geologie","8":"product_tag-geologie","9":"product_tag-petrol","11":"first","12":"instock","13":"shipping-taxable","14":"purchasable","15":"product-type-simple"},"_links":{"self":[{"href":"https:\/\/editura-unibuc.ro\/en\/wp-json\/wp\/v2\/product\/1095","targetHints":{"allow":["GET"]}}],"collection":[{"href":"https:\/\/editura-unibuc.ro\/en\/wp-json\/wp\/v2\/product"}],"about":[{"href":"https:\/\/editura-unibuc.ro\/en\/wp-json\/wp\/v2\/types\/product"}],"replies":[{"embeddable":true,"href":"https:\/\/editura-unibuc.ro\/en\/wp-json\/wp\/v2\/comments?post=1095"}],"wp:featuredmedia":[{"embeddable":true,"href":"https:\/\/editura-unibuc.ro\/en\/wp-json\/wp\/v2\/media\/11276"}],"wp:attachment":[{"href":"https:\/\/editura-unibuc.ro\/en\/wp-json\/wp\/v2\/media?parent=1095"}],"wp:term":[{"taxonomy":"product_brand","embeddable":true,"href":"https:\/\/editura-unibuc.ro\/en\/wp-json\/wp\/v2\/product_brand?post=1095"},{"taxonomy":"product_cat","embeddable":true,"href":"https:\/\/editura-unibuc.ro\/en\/wp-json\/wp\/v2\/product_cat?post=1095"},{"taxonomy":"product_tag","embeddable":true,"href":"https:\/\/editura-unibuc.ro\/en\/wp-json\/wp\/v2\/product_tag?post=1095"}],"curies":[{"name":"wp","href":"https:\/\/api.w.org\/{rel}","templated":true}]}}