{"id":1098,"date":"2012-09-04T09:59:32","date_gmt":"2012-09-04T06:59:32","guid":{"rendered":"https:\/\/editura-unibuc.ro\/?p=1098"},"modified":"2018-01-10T11:31:33","modified_gmt":"2018-01-10T09:31:33","slug":"terminologie-si-terminologii","status":"publish","type":"product","link":"https:\/\/editura-unibuc.ro\/en\/terminologie-si-terminologii\/","title":{"rendered":"TERMINOLOGY AND TERMINOLOGIES"},"content":{"rendered":"<p>Lucrarea reflect\u0103 interesul actual pentru terminologie ca \u0219tiin\u021b\u0103 interdisciplinar\u0103, \u00een care investigarea lingvistic\u0103 a unor terminologii determinate aduce contribu\u021bii incontestabile. Perspectiva comun\u0103 de cercetare asigur\u0103 unitatea lucr\u0103rii, pun\u00e2nd \u00een valoare, \u00een acela\u0219i timp, at\u00e2t diversitatea problemelor \u0219i a caracteristicilor, c\u00e2t \u0219i dinamica terminologiilor rom\u00e2ne\u0219ti. Cartea se adreseaz\u0103 at\u00e2t studen\u021bilor, masteranzilor, doctoranzilor care studiaz\u0103 lexicul specializat, c\u00e2t \u0219i speciali\u0219tilor din diverse domenii.<\/p>\n","protected":false},"excerpt":{"rendered":"<p>Lucrarea reflect\u0103 interesul actual pentru terminologie ca \u0219tiin\u021b\u0103 interdisciplinar\u0103, \u00een care investigarea lingvistic\u0103 a unor terminologii determinate aduce contribu\u021bii incontestabile. Perspectiva comun\u0103 de cercetare asigur\u0103 unitatea lucr\u0103rii, pun\u00e2nd \u00een valoare, \u00een acela\u0219i timp, at\u00e2t diversitatea problemelor \u0219i a caracteristicilor, c\u00e2t \u0219i dinamica terminologiilor rom\u00e2ne\u0219ti. Cartea se adreseaz\u0103 at\u00e2t studen\u021bilor, masteranzilor, doctoranzilor care studiaz\u0103 lexicul specializat, [&hellip;]<\/p>\n","protected":false},"featured_media":0,"comment_status":"open","ping_status":"closed","template":"","meta":[],"product_brand":[],"product_cat":[1464,979],"product_tag":[925,1159,1396],"class_list":{"0":"post-1098","1":"product","2":"type-product","3":"status-publish","5":"product_cat-filologie","6":"product_cat-limba-romana","7":"product_tag-romana","8":"product_tag-terminologie","9":"product_tag-terminologii","11":"first","12":"outofstock","13":"shipping-taxable","14":"purchasable","15":"product-type-simple"},"_links":{"self":[{"href":"https:\/\/editura-unibuc.ro\/en\/wp-json\/wp\/v2\/product\/1098","targetHints":{"allow":["GET"]}}],"collection":[{"href":"https:\/\/editura-unibuc.ro\/en\/wp-json\/wp\/v2\/product"}],"about":[{"href":"https:\/\/editura-unibuc.ro\/en\/wp-json\/wp\/v2\/types\/product"}],"replies":[{"embeddable":true,"href":"https:\/\/editura-unibuc.ro\/en\/wp-json\/wp\/v2\/comments?post=1098"}],"wp:attachment":[{"href":"https:\/\/editura-unibuc.ro\/en\/wp-json\/wp\/v2\/media?parent=1098"}],"wp:term":[{"taxonomy":"product_brand","embeddable":true,"href":"https:\/\/editura-unibuc.ro\/en\/wp-json\/wp\/v2\/product_brand?post=1098"},{"taxonomy":"product_cat","embeddable":true,"href":"https:\/\/editura-unibuc.ro\/en\/wp-json\/wp\/v2\/product_cat?post=1098"},{"taxonomy":"product_tag","embeddable":true,"href":"https:\/\/editura-unibuc.ro\/en\/wp-json\/wp\/v2\/product_tag?post=1098"}],"curies":[{"name":"wp","href":"https:\/\/api.w.org\/{rel}","templated":true}]}}