{"id":1138,"date":"2012-09-04T12:28:27","date_gmt":"2012-09-04T09:28:27","guid":{"rendered":"https:\/\/editura-unibuc.ro\/?p=1138"},"modified":"2024-04-11T14:18:09","modified_gmt":"2024-04-11T11:18:09","slug":"constructions-identity-contemporary-native-american-fiction-politics-space-dilemmas-urban-identity-works-leslie-marmon-silko-sherman-alexie","status":"publish","type":"product","link":"https:\/\/editura-unibuc.ro\/en\/constructions-identity-contemporary-native-american-fiction-politics-space-dilemmas-urban-identity-works-leslie-marmon-silko-sherman-alexie\/","title":{"rendered":"CONSTRUCTIONS OF IDENTITY IN CONTEMPORARY NATIVE AMERICAN FICTION. The Politics of Space and Dilemmas of Urban Identity in Works by Leslie Marmon Silko and Sherman Alexie"},"content":{"rendered":"<p>Cartea este redactat\u0103 \u00een limba englez\u0103 \u0219i con\u021bine un prim capitol privitor la teoria \u0219i construc\u021bia identit\u0103\u021bii \u00een contextul dezbaterilor din studiile despre indienii americani. Spa\u021biul are un rol important \u00een analiza urm\u0103toare care exploreaz\u0103 imaginea ora\u0219ului american \u0219i raportarea indienilor nativi americani la experien\u021ba urban\u0103 \u0219i la cea a rezerva\u021biei. P\u0103r\u021bile care trec la studiul propriu-zis al operelor de fic\u021biune apar\u021bin\u00e2nd unor autori de origine amerindian\u0103 se refer\u0103 la scriitori precum Leslie Marmon Silko (Almanac of the Dead, London, Penguin Books, 1991) \u0219i Sherman Alexie (Reservation Blues, New York, Warner Books, 1996 sau Ten Little Indians, New York, Grove Press, 2003).<\/p>\n","protected":false},"excerpt":{"rendered":"<p>Cartea este redactat\u0103 \u00een limba englez\u0103 \u0219i con\u021bine un prim capitol privitor la teoria \u0219i construc\u021bia identit\u0103\u021bii \u00een contextul dezbaterilor din studiile despre indienii americani. Spa\u021biul are un rol important \u00een analiza urm\u0103toare care exploreaz\u0103 imaginea ora\u0219ului american \u0219i raportarea indienilor nativi americani la experien\u021ba urban\u0103 \u0219i la cea a rezerva\u021biei. P\u0103r\u021bile care trec la [&hellip;]<\/p>\n","protected":false},"featured_media":11262,"comment_status":"open","ping_status":"closed","template":"","meta":[],"product_brand":[],"product_cat":[1464,976],"product_tag":[1036,926,1020],"class_list":{"0":"post-1138","1":"product","2":"type-product","3":"status-publish","4":"has-post-thumbnail","6":"product_cat-filologie","7":"product_cat-limba-engleza","8":"product_tag-american","9":"product_tag-engleza","10":"product_tag-english","12":"first","13":"instock","14":"shipping-taxable","15":"purchasable","16":"product-type-simple"},"_links":{"self":[{"href":"https:\/\/editura-unibuc.ro\/en\/wp-json\/wp\/v2\/product\/1138","targetHints":{"allow":["GET"]}}],"collection":[{"href":"https:\/\/editura-unibuc.ro\/en\/wp-json\/wp\/v2\/product"}],"about":[{"href":"https:\/\/editura-unibuc.ro\/en\/wp-json\/wp\/v2\/types\/product"}],"replies":[{"embeddable":true,"href":"https:\/\/editura-unibuc.ro\/en\/wp-json\/wp\/v2\/comments?post=1138"}],"wp:featuredmedia":[{"embeddable":true,"href":"https:\/\/editura-unibuc.ro\/en\/wp-json\/wp\/v2\/media\/11262"}],"wp:attachment":[{"href":"https:\/\/editura-unibuc.ro\/en\/wp-json\/wp\/v2\/media?parent=1138"}],"wp:term":[{"taxonomy":"product_brand","embeddable":true,"href":"https:\/\/editura-unibuc.ro\/en\/wp-json\/wp\/v2\/product_brand?post=1138"},{"taxonomy":"product_cat","embeddable":true,"href":"https:\/\/editura-unibuc.ro\/en\/wp-json\/wp\/v2\/product_cat?post=1138"},{"taxonomy":"product_tag","embeddable":true,"href":"https:\/\/editura-unibuc.ro\/en\/wp-json\/wp\/v2\/product_tag?post=1138"}],"curies":[{"name":"wp","href":"https:\/\/api.w.org\/{rel}","templated":true}]}}