{"id":11521,"date":"2013-07-19T08:55:12","date_gmt":"2013-07-19T05:55:12","guid":{"rendered":"https:\/\/editura-unibuc.ro\/?p=11521"},"modified":"2015-03-16T11:21:24","modified_gmt":"2015-03-16T09:21:24","slug":"profesia-academica-sau-despre-afacerea-cunoasterii","status":"publish","type":"product","link":"https:\/\/editura-unibuc.ro\/en\/profesia-academica-sau-despre-afacerea-cunoasterii\/","title":{"rendered":"ACADEMIC PROFESSION OR THE BUSINESS OF KNOWLEDGE"},"content":{"rendered":"<p>Subiect controversat de-a lungul timpului, evaluarea cadrelor didactice din \u00eenv\u0103\u021b\u0103m\u00e2ntul superior a generat de-a lungul timpului dezbateri fulminante \u00eentruc\u00e2t prestigiul, meritul, vizibilitatea sau eminen\u021ba universitarului au fost m\u0103surate mai mult sau mai pu\u021bin obiectiv. Productivitatea cercet\u0103rii cuantificat\u0103 prin num\u0103rul de granturi la care este angajat un cadru didactic, num\u0103rul de articole publicate \u00een reviste de specialitate sau num\u0103rul de cit\u0103ri, sunt doar \u00eencerc\u0103ri de apreciere a activit\u0103\u021bii depuse \u00een raport cu seturi \u00eentregi \u00eentregi de standarde, indicatori, \u0219i criterii de evaluare care, paradoxal, \u00een profesiile liberale (arte) ca \u0219i \u00een cazul marilor descoperiri \u0219tiin\u021bifice sau al inova\u021biilor de nivel \u00eenalt nu exprim\u0103 esen\u021ba. (Argument, Victori\u021ba Trif)<\/p>\n","protected":false},"excerpt":{"rendered":"<p>Subiect controversat de-a lungul timpului, evaluarea cadrelor didactice din \u00eenv\u0103\u021b\u0103m\u00e2ntul superior a generat de-a lungul timpului dezbateri fulminante \u00eentruc\u00e2t prestigiul, meritul, vizibilitatea sau eminen\u021ba universitarului au fost m\u0103surate mai mult sau mai pu\u021bin obiectiv. Productivitatea cercet\u0103rii cuantificat\u0103 prin num\u0103rul de granturi la care este angajat un cadru didactic, num\u0103rul de articole publicate \u00een reviste de [&hellip;]<\/p>\n","protected":false},"featured_media":13646,"comment_status":"open","ping_status":"closed","template":"","meta":[],"product_brand":[],"product_cat":[991,997],"product_tag":[1111,928],"class_list":{"0":"post-11521","1":"product","2":"type-product","3":"status-publish","4":"has-post-thumbnail","6":"product_cat-stiinte-sociale","7":"product_cat-psihologie-stiintele-educatiei-si-pedagogie","8":"product_tag-psihologie","9":"product_tag-universitate","11":"first","12":"instock","13":"shipping-taxable","14":"purchasable","15":"product-type-simple"},"_links":{"self":[{"href":"https:\/\/editura-unibuc.ro\/en\/wp-json\/wp\/v2\/product\/11521","targetHints":{"allow":["GET"]}}],"collection":[{"href":"https:\/\/editura-unibuc.ro\/en\/wp-json\/wp\/v2\/product"}],"about":[{"href":"https:\/\/editura-unibuc.ro\/en\/wp-json\/wp\/v2\/types\/product"}],"replies":[{"embeddable":true,"href":"https:\/\/editura-unibuc.ro\/en\/wp-json\/wp\/v2\/comments?post=11521"}],"wp:featuredmedia":[{"embeddable":true,"href":"https:\/\/editura-unibuc.ro\/en\/wp-json\/wp\/v2\/media\/13646"}],"wp:attachment":[{"href":"https:\/\/editura-unibuc.ro\/en\/wp-json\/wp\/v2\/media?parent=11521"}],"wp:term":[{"taxonomy":"product_brand","embeddable":true,"href":"https:\/\/editura-unibuc.ro\/en\/wp-json\/wp\/v2\/product_brand?post=11521"},{"taxonomy":"product_cat","embeddable":true,"href":"https:\/\/editura-unibuc.ro\/en\/wp-json\/wp\/v2\/product_cat?post=11521"},{"taxonomy":"product_tag","embeddable":true,"href":"https:\/\/editura-unibuc.ro\/en\/wp-json\/wp\/v2\/product_tag?post=11521"}],"curies":[{"name":"wp","href":"https:\/\/api.w.org\/{rel}","templated":true}]}}