{"id":11524,"date":"2013-07-19T09:01:35","date_gmt":"2013-07-19T06:01:35","guid":{"rendered":"https:\/\/editura-unibuc.ro\/?p=11524"},"modified":"2015-03-13T03:58:31","modified_gmt":"2015-03-13T01:58:31","slug":"mentalitati-si-institutii-indo-europene-si-mediteraneene-in-scrierile-eline","status":"publish","type":"product","link":"https:\/\/editura-unibuc.ro\/en\/mentalitati-si-institutii-indo-europene-si-mediteraneene-in-scrierile-eline\/","title":{"rendered":"INDO-EUROPEAN AND MEDITERRANEEAN MENTALITIES AND INSTITUTIONS IN GREEK TEXTS"},"content":{"rendered":"<p>\u00cen volumul pe care Editura Universit\u0103\u021bii din Bucure\u0219ti \u00eel propune \u00een sprijinul cultiv\u0103rii elementelor de cultur\u0103 greac\u0103, reprezentate de texte ale lui Herodot (Istorii), Platon (Opere), Aristotel (Statul atenian, Politica), se reg\u0103sesc, cuprinse \u00een acestea, civiliza\u021bii mediteraneene, precum cele latino-italice, semite, microasiatice, dar \u0219i barbare (sci\u021bii) sau orientale (per\u0219ii). De asemenea, amintim cre\u0219tinismul biblic de mai t\u00e2rziu, ilustrat \u00een pilde \u0219i texte potrivite contextului antic din via\u021ba comunit\u0103\u021bilor p\u0103g\u00e2ne \u0219i a celor n\u0103scute din \u03c0\u03bd\u03b5\u03cd\u03bc\u03b1 (Duhul), expresia sufletului cre\u0219tin. Textele autorilor pre-cre\u0219tini sunt prezentate \u00een dialectul ionic, \u00een timp ce un text din Geografia lui Strabon \u0219i scrierile cre\u0219tine sunt redate \u00een dialectul koin\u00e9, limba greac\u0103 a Noului Testament a Sfintei Scripturi.<\/p>\n","protected":false},"excerpt":{"rendered":"<p>\u00cen volumul pe care Editura Universit\u0103\u021bii din Bucure\u0219ti \u00eel propune \u00een sprijinul cultiv\u0103rii elementelor de cultur\u0103 greac\u0103, reprezentate de texte ale lui Herodot (Istorii), Platon (Opere), Aristotel (Statul atenian, Politica), se reg\u0103sesc, cuprinse \u00een acestea, civiliza\u021bii mediteraneene, precum cele latino-italice, semite, microasiatice, dar \u0219i barbare (sci\u021bii) sau orientale (per\u0219ii). De asemenea, amintim cre\u0219tinismul biblic de [&hellip;]<\/p>\n","protected":false},"featured_media":11525,"comment_status":"open","ping_status":"closed","template":"","meta":[],"product_brand":[],"product_cat":[1464,980],"product_tag":[923,1267],"class_list":{"0":"post-11524","1":"product","2":"type-product","3":"status-publish","4":"has-post-thumbnail","6":"product_cat-filologie","7":"product_cat-limbi-romanice-clasice-si-orientale","8":"product_tag-clasice","9":"product_tag-greaca-veche","11":"first","12":"instock","13":"shipping-taxable","14":"purchasable","15":"product-type-simple"},"_links":{"self":[{"href":"https:\/\/editura-unibuc.ro\/en\/wp-json\/wp\/v2\/product\/11524","targetHints":{"allow":["GET"]}}],"collection":[{"href":"https:\/\/editura-unibuc.ro\/en\/wp-json\/wp\/v2\/product"}],"about":[{"href":"https:\/\/editura-unibuc.ro\/en\/wp-json\/wp\/v2\/types\/product"}],"replies":[{"embeddable":true,"href":"https:\/\/editura-unibuc.ro\/en\/wp-json\/wp\/v2\/comments?post=11524"}],"wp:featuredmedia":[{"embeddable":true,"href":"https:\/\/editura-unibuc.ro\/en\/wp-json\/wp\/v2\/media\/11525"}],"wp:attachment":[{"href":"https:\/\/editura-unibuc.ro\/en\/wp-json\/wp\/v2\/media?parent=11524"}],"wp:term":[{"taxonomy":"product_brand","embeddable":true,"href":"https:\/\/editura-unibuc.ro\/en\/wp-json\/wp\/v2\/product_brand?post=11524"},{"taxonomy":"product_cat","embeddable":true,"href":"https:\/\/editura-unibuc.ro\/en\/wp-json\/wp\/v2\/product_cat?post=11524"},{"taxonomy":"product_tag","embeddable":true,"href":"https:\/\/editura-unibuc.ro\/en\/wp-json\/wp\/v2\/product_tag?post=11524"}],"curies":[{"name":"wp","href":"https:\/\/api.w.org\/{rel}","templated":true}]}}