{"id":11527,"date":"2013-07-19T09:10:00","date_gmt":"2013-07-19T06:10:00","guid":{"rendered":"https:\/\/editura-unibuc.ro\/?p=11527"},"modified":"2015-03-13T03:57:59","modified_gmt":"2015-03-13T01:57:59","slug":"anglizismen-in-der-deutschen-und-rumanischen-jugendsprache","status":"publish","type":"product","link":"https:\/\/editura-unibuc.ro\/en\/anglizismen-in-der-deutschen-und-rumanischen-jugendsprache\/","title":{"rendered":"ANGLICISMS IN THE GERMAN AND ROMANIAN YOUTH LANGUAGE"},"content":{"rendered":"<p>\u00centr-o redactare structurat\u0103 \u0219tiin\u021bific, \u00een \u00eentregime \u00een limba german\u0103, autoarea analizeaz\u0103 din punct de vedere socio-lingvistic, al comunic\u0103rii \u0219i recept\u0103rii, termeni cu o mare r\u0103sp\u00e2ndire din orizontul cotidian al adolescen\u021bilor de ast\u0103zi. Expresiile respective, preluate din limba englez\u0103, at\u00e2t \u00een german\u0103 c\u00e2t \u0219i \u00een rom\u00e2n\u0103, sunt analizate, comparate, inventariate statistic, introduse fiind astfel \u00eentr-o zon\u0103 academic\u0103 cu impact asupra celor interesa\u021bi de ni\u0219ele studiilor culturale non-clasice.<\/p>\n","protected":false},"excerpt":{"rendered":"<p>\u00centr-o redactare structurat\u0103 \u0219tiin\u021bific, \u00een \u00eentregime \u00een limba german\u0103, autoarea analizeaz\u0103 din punct de vedere socio-lingvistic, al comunic\u0103rii \u0219i recept\u0103rii, termeni cu o mare r\u0103sp\u00e2ndire din orizontul cotidian al adolescen\u021bilor de ast\u0103zi. Expresiile respective, preluate din limba englez\u0103, at\u00e2t \u00een german\u0103 c\u00e2t \u0219i \u00een rom\u00e2n\u0103, sunt analizate, comparate, inventariate statistic, introduse fiind astfel \u00eentr-o zon\u0103 [&hellip;]<\/p>\n","protected":false},"featured_media":11528,"comment_status":"open","ping_status":"closed","template":"","meta":[],"product_brand":[],"product_cat":[1464,978],"product_tag":[926,1263],"class_list":{"0":"post-11527","1":"product","2":"type-product","3":"status-publish","4":"has-post-thumbnail","6":"product_cat-filologie","7":"product_cat-germanic-languages","8":"product_tag-engleza","9":"product_tag-germana","11":"first","12":"instock","13":"shipping-taxable","14":"purchasable","15":"product-type-simple"},"_links":{"self":[{"href":"https:\/\/editura-unibuc.ro\/en\/wp-json\/wp\/v2\/product\/11527","targetHints":{"allow":["GET"]}}],"collection":[{"href":"https:\/\/editura-unibuc.ro\/en\/wp-json\/wp\/v2\/product"}],"about":[{"href":"https:\/\/editura-unibuc.ro\/en\/wp-json\/wp\/v2\/types\/product"}],"replies":[{"embeddable":true,"href":"https:\/\/editura-unibuc.ro\/en\/wp-json\/wp\/v2\/comments?post=11527"}],"wp:featuredmedia":[{"embeddable":true,"href":"https:\/\/editura-unibuc.ro\/en\/wp-json\/wp\/v2\/media\/11528"}],"wp:attachment":[{"href":"https:\/\/editura-unibuc.ro\/en\/wp-json\/wp\/v2\/media?parent=11527"}],"wp:term":[{"taxonomy":"product_brand","embeddable":true,"href":"https:\/\/editura-unibuc.ro\/en\/wp-json\/wp\/v2\/product_brand?post=11527"},{"taxonomy":"product_cat","embeddable":true,"href":"https:\/\/editura-unibuc.ro\/en\/wp-json\/wp\/v2\/product_cat?post=11527"},{"taxonomy":"product_tag","embeddable":true,"href":"https:\/\/editura-unibuc.ro\/en\/wp-json\/wp\/v2\/product_tag?post=11527"}],"curies":[{"name":"wp","href":"https:\/\/api.w.org\/{rel}","templated":true}]}}