{"id":11542,"date":"2013-07-19T10:20:54","date_gmt":"2013-07-19T07:20:54","guid":{"rendered":"https:\/\/editura-unibuc.ro\/?p=11542"},"modified":"2015-03-13T03:55:37","modified_gmt":"2015-03-13T01:55:37","slug":"opera-poetica-a-lui-vitezslav-nezval","status":"publish","type":"product","link":"https:\/\/editura-unibuc.ro\/en\/opera-poetica-a-lui-vitezslav-nezval\/","title":{"rendered":"V\u00cdT\u011aZSLAV NEZVAL&#8217;S POETIC WORK"},"content":{"rendered":"<p>Autoarea, profesor de limba \u0219i literatura ceh\u0103 la Universitatea din Bucure\u0219ti, realizeaz\u0103 aici un portret biografic \u0219i artistic al unui notabil om de cultur\u0103 de limb\u0103 ceh\u0103 din perioada interbelic\u0103. V\u00edt\u011bzslav Nezval, \u00eentemeietor al curentului literar denumit \u201epoetism\u201d \u0219i reprezentant al mi\u0219c\u0103rii suprarealiste \u00een Cehia, s-a remarcat prin asocierea cu sferele vie\u021bii mundane, specifice lumii artistice. \u00cen regiunea unde s-a elaborat \u00eent\u00e2iul alfabet slav chirilic, scriitorii \u0219i litera\u021bii cehi au continuat tradi\u021bia literar\u0103 ancestral\u0103 prin stilurile grafice speciale dar \u0219i prin ilustrarea unor aspecte \u00een acord cu spiritul epocii. V\u00edt\u011bzslav Nezval a creat nu numai un curent \u00eennoitor dar a \u0219i contribuit la conturarea unei maniere, at\u00e2t de comune ast\u0103zi, de a percepe lumea.<\/p>\n","protected":false},"excerpt":{"rendered":"<p>Autoarea, profesor de limba \u0219i literatura ceh\u0103 la Universitatea din Bucure\u0219ti, realizeaz\u0103 aici un portret biografic \u0219i artistic al unui notabil om de cultur\u0103 de limb\u0103 ceh\u0103 din perioada interbelic\u0103. V\u00edt\u011bzslav Nezval, \u00eentemeietor al curentului literar denumit \u201epoetism\u201d \u0219i reprezentant al mi\u0219c\u0103rii suprarealiste \u00een Cehia, s-a remarcat prin asocierea cu sferele vie\u021bii mundane, specifice lumii [&hellip;]<\/p>\n","protected":false},"featured_media":11543,"comment_status":"open","ping_status":"closed","template":"","meta":[],"product_brand":[],"product_cat":[1464,981],"product_tag":[1265,922],"class_list":{"0":"post-11542","1":"product","2":"type-product","3":"status-publish","4":"has-post-thumbnail","6":"product_cat-filologie","7":"product_cat-limbi-slave","8":"product_tag-ceha","9":"product_tag-slave","11":"first","12":"instock","13":"shipping-taxable","14":"purchasable","15":"product-type-simple"},"_links":{"self":[{"href":"https:\/\/editura-unibuc.ro\/en\/wp-json\/wp\/v2\/product\/11542","targetHints":{"allow":["GET"]}}],"collection":[{"href":"https:\/\/editura-unibuc.ro\/en\/wp-json\/wp\/v2\/product"}],"about":[{"href":"https:\/\/editura-unibuc.ro\/en\/wp-json\/wp\/v2\/types\/product"}],"replies":[{"embeddable":true,"href":"https:\/\/editura-unibuc.ro\/en\/wp-json\/wp\/v2\/comments?post=11542"}],"wp:featuredmedia":[{"embeddable":true,"href":"https:\/\/editura-unibuc.ro\/en\/wp-json\/wp\/v2\/media\/11543"}],"wp:attachment":[{"href":"https:\/\/editura-unibuc.ro\/en\/wp-json\/wp\/v2\/media?parent=11542"}],"wp:term":[{"taxonomy":"product_brand","embeddable":true,"href":"https:\/\/editura-unibuc.ro\/en\/wp-json\/wp\/v2\/product_brand?post=11542"},{"taxonomy":"product_cat","embeddable":true,"href":"https:\/\/editura-unibuc.ro\/en\/wp-json\/wp\/v2\/product_cat?post=11542"},{"taxonomy":"product_tag","embeddable":true,"href":"https:\/\/editura-unibuc.ro\/en\/wp-json\/wp\/v2\/product_tag?post=11542"}],"curies":[{"name":"wp","href":"https:\/\/api.w.org\/{rel}","templated":true}]}}