{"id":11552,"date":"2013-07-19T11:25:52","date_gmt":"2013-07-19T08:25:52","guid":{"rendered":"https:\/\/editura-unibuc.ro\/?p=11552"},"modified":"2016-02-18T15:06:56","modified_gmt":"2016-02-18T13:06:56","slug":"heterotopos-62013-espaces-sacres-ii","status":"publish","type":"product","link":"https:\/\/editura-unibuc.ro\/en\/heterotopos-62013-espaces-sacres-ii\/","title":{"rendered":"HETEROTOPOS 6\/2013 SACRED SPACES II (In French)"},"content":{"rendered":"<p>Cuprins \/ Tables des mati\u00e8res: S\u00e9bastien Baudoin, Le murmure des espaces sacr\u00e9s dans Ren\u00e9 (1802) de Chateaubriand: une assomption po\u00e9tique?; Diana Mite Colceriu, Sacrality and syncretism in H\u00f6lderlin\u2019s Patmos; Liliana Anghel, Perception et significations d\u2019un espace sacr\u00e9 dans Notre-Dame de Paris de Victor Hugo; Elisabeta Gheorghe, Pol\u00e9mique sur les Lieux Saints: Le p\u00e9l\u00e9rinage \u00e0 Tro\u00eftza, Dolores Toma, L\u2019\u00e9glise et la basse-cour: La Faute de l\u2019abb\u00e9 Mouret de Zola; Lucia Vi\u0219inescu, Symbolique des lieux sacr\u00e9s dans Une histoire sans nom de Barbey d\u2019Aurevilly; \u0218tefan Vianu, L\u2019art abstrait et la r\u00e9d\u00e9finition de l\u2019\u00e9space sacr\u00e9; Anamaria Laz\u0103r, La maison d\u2019un fa\u00e7onneur de dieux; Nadieszda Kizenko, The Moscow Church memorials to Russia\u2019s Patriotic wars; Sanja Cvetni\u0107, Public crucifixes, popular art and visual piety; Andrey Trebunskikh, The interpretation and canon in architecture of modern Orthodox churches; Rodica Gabriela Chira, Sur des lieux du sacr\u00e9 en science-fiction: Le Livre des Ombres; Ana Botez: Horia Bernea and the \u201cRich Materiality\u201dof\u00a0 traditional art.<\/p>\n","protected":false},"excerpt":{"rendered":"<p>Cuprins \/ Tables des mati\u00e8res: S\u00e9bastien Baudoin, Le murmure des espaces sacr\u00e9s dans Ren\u00e9 (1802) de Chateaubriand: une assomption po\u00e9tique?; Diana Mite Colceriu, Sacrality and syncretism in H\u00f6lderlin\u2019s Patmos; Liliana Anghel, Perception et significations d\u2019un espace sacr\u00e9 dans Notre-Dame de Paris de Victor Hugo; Elisabeta Gheorghe, Pol\u00e9mique sur les Lieux Saints: Le p\u00e9l\u00e9rinage \u00e0 Tro\u00eftza, [&hellip;]<\/p>\n","protected":false},"featured_media":11553,"comment_status":"open","ping_status":"closed","template":"","meta":[],"product_brand":[],"product_cat":[1531,854,1464,977],"product_tag":[877,919],"class_list":{"0":"post-11552","1":"product","2":"type-product","3":"status-publish","4":"has-post-thumbnail","6":"product_cat-colectii","7":"product_cat-colectia-heterotopos","8":"product_cat-filologie","9":"product_cat-limba-franceza","10":"product_tag-franceza","11":"product_tag-literatura","13":"first","14":"instock","15":"shipping-taxable","16":"purchasable","17":"product-type-simple"},"_links":{"self":[{"href":"https:\/\/editura-unibuc.ro\/en\/wp-json\/wp\/v2\/product\/11552","targetHints":{"allow":["GET"]}}],"collection":[{"href":"https:\/\/editura-unibuc.ro\/en\/wp-json\/wp\/v2\/product"}],"about":[{"href":"https:\/\/editura-unibuc.ro\/en\/wp-json\/wp\/v2\/types\/product"}],"replies":[{"embeddable":true,"href":"https:\/\/editura-unibuc.ro\/en\/wp-json\/wp\/v2\/comments?post=11552"}],"wp:featuredmedia":[{"embeddable":true,"href":"https:\/\/editura-unibuc.ro\/en\/wp-json\/wp\/v2\/media\/11553"}],"wp:attachment":[{"href":"https:\/\/editura-unibuc.ro\/en\/wp-json\/wp\/v2\/media?parent=11552"}],"wp:term":[{"taxonomy":"product_brand","embeddable":true,"href":"https:\/\/editura-unibuc.ro\/en\/wp-json\/wp\/v2\/product_brand?post=11552"},{"taxonomy":"product_cat","embeddable":true,"href":"https:\/\/editura-unibuc.ro\/en\/wp-json\/wp\/v2\/product_cat?post=11552"},{"taxonomy":"product_tag","embeddable":true,"href":"https:\/\/editura-unibuc.ro\/en\/wp-json\/wp\/v2\/product_tag?post=11552"}],"curies":[{"name":"wp","href":"https:\/\/api.w.org\/{rel}","templated":true}]}}