{"id":11556,"date":"2013-07-19T11:39:16","date_gmt":"2013-07-19T08:39:16","guid":{"rendered":"https:\/\/editura-unibuc.ro\/?p=11556"},"modified":"2022-10-31T09:46:26","modified_gmt":"2022-10-31T07:46:26","slug":"asistenta-si-reintegrarea-sociala-a-victimelor-traficului-de-persoane","status":"publish","type":"product","link":"https:\/\/editura-unibuc.ro\/en\/asistenta-si-reintegrarea-sociala-a-victimelor-traficului-de-persoane\/","title":{"rendered":"HUMAN TRAFFICKING VICTIMS&#8217; ASSISTANCE AND SOCIAL REINTEGRATION"},"content":{"rendered":"<p>Volumul expune \u00een genul textelor de politici publice o problem\u0103 stringent\u0103 a societ\u0103\u021bii contemporane, precum traficul de persoane, \u00een scopul exploat\u0103rii acestora. Sunt enumerate tipurile de victime \u0219i cadrul legislativ abilitat \u00een cercet\u0103rile de rigoare, cooperarea \u00eentre institu\u021bii publice \u0219i organiza\u021bii neguvernamentale implicate \u00een combaterea traficului de persoane, prevenirea \u0219i asisten\u021ba victimelor.<\/p>\n","protected":false},"excerpt":{"rendered":"<p>Volumul expune \u00een genul textelor de politici publice o problem\u0103 stringent\u0103 a societ\u0103\u021bii contemporane, precum traficul de persoane, \u00een scopul exploat\u0103rii acestora. Sunt enumerate tipurile de victime \u0219i cadrul legislativ abilitat \u00een cercet\u0103rile de rigoare, cooperarea \u00eentre institu\u021bii publice \u0219i organiza\u021bii neguvernamentale implicate \u00een combaterea traficului de persoane, prevenirea \u0219i asisten\u021ba victimelor.<\/p>\n","protected":false},"featured_media":13650,"comment_status":"open","ping_status":"closed","template":"","meta":[],"product_brand":[],"product_cat":[991,997],"product_tag":[1264,1039],"class_list":{"0":"post-11556","1":"product","2":"type-product","3":"status-publish","4":"has-post-thumbnail","6":"product_cat-stiinte-sociale","7":"product_cat-psihologie-stiintele-educatiei-si-pedagogie","8":"product_tag-asistenta-sociala","9":"product_tag-sociologie","11":"first","12":"outofstock","13":"shipping-taxable","14":"purchasable","15":"product-type-simple"},"_links":{"self":[{"href":"https:\/\/editura-unibuc.ro\/en\/wp-json\/wp\/v2\/product\/11556","targetHints":{"allow":["GET"]}}],"collection":[{"href":"https:\/\/editura-unibuc.ro\/en\/wp-json\/wp\/v2\/product"}],"about":[{"href":"https:\/\/editura-unibuc.ro\/en\/wp-json\/wp\/v2\/types\/product"}],"replies":[{"embeddable":true,"href":"https:\/\/editura-unibuc.ro\/en\/wp-json\/wp\/v2\/comments?post=11556"}],"wp:featuredmedia":[{"embeddable":true,"href":"https:\/\/editura-unibuc.ro\/en\/wp-json\/wp\/v2\/media\/13650"}],"wp:attachment":[{"href":"https:\/\/editura-unibuc.ro\/en\/wp-json\/wp\/v2\/media?parent=11556"}],"wp:term":[{"taxonomy":"product_brand","embeddable":true,"href":"https:\/\/editura-unibuc.ro\/en\/wp-json\/wp\/v2\/product_brand?post=11556"},{"taxonomy":"product_cat","embeddable":true,"href":"https:\/\/editura-unibuc.ro\/en\/wp-json\/wp\/v2\/product_cat?post=11556"},{"taxonomy":"product_tag","embeddable":true,"href":"https:\/\/editura-unibuc.ro\/en\/wp-json\/wp\/v2\/product_tag?post=11556"}],"curies":[{"name":"wp","href":"https:\/\/api.w.org\/{rel}","templated":true}]}}