{"id":11601,"date":"2013-08-05T12:45:36","date_gmt":"2013-08-05T09:45:36","guid":{"rendered":"https:\/\/editura-unibuc.ro\/?p=11601"},"modified":"2024-07-24T08:42:29","modified_gmt":"2024-07-24T05:42:29","slug":"biserica-natiune-si-putere-de-stat-secolele-xviii-xx-contributii-documentare-la-istoria-bisericii-ortodoxe-romane","status":"publish","type":"product","link":"https:\/\/editura-unibuc.ro\/en\/biserica-natiune-si-putere-de-stat-secolele-xviii-xx-contributii-documentare-la-istoria-bisericii-ortodoxe-romane\/","title":{"rendered":"CHURCH, NATION, AND STATE POWER (18th-20th centuries). DOCUMENTED CONTRIBUTIONS TO THE HISTORY OF THE ROMANIAN ORTHODOX CHURCH"},"content":{"rendered":"<p>Volumul cuprinde contribu\u021bii documentare, \u00een spiritul analizei critice, la istoria ecleziastic\u0103 rom\u00e2neasc\u0103, focaliz\u00e2ndu-se pe teme esen\u021biale pentru raporturile Stat-Biseric\u0103 \u00een trei secole diferite: rela\u021bia Stat-Biseric\u0103 \u00een monarhia austriac\u0103, cu referire special\u0103 la comunit\u0103\u021bile confesionale ortodoxe (sec. al XVIII-lea); autonomie\/autocefalie bisericeasc\u0103 \u0219i ideea na\u021bional\u0103 (sec. al XIX-lea); consolidarea autonomiei biserice\u0219ti \u00een raport cu statul rom\u00e2n \u00een perioada interbelic\u0103 \u0219i limitarea acesteia \u00een anii \u201950 ai regimului de stat comunist (sec. al XX-lea).<br \/>\nEste o cercetare temeinic\u0103, fundamentat\u0103 primar pe izvoare.<br \/>\n,,Ne-am propus, de-a lungul timpului, s\u0103 scriem f\u0103r\u0103 ur\u0103 \u0219i p\u0103rtinire. Suntem con\u0219tien\u021bi de faptul c\u0103 a fi un istoric fidel al Bisericii tale \u00eenseamn\u0103 nu numai a cultiva sentimente laudative la adresa ei, prin scrisul t\u0103u, ci \u0219i a analiza \u00een mod obiectiv, critic, devenirea ei istoric\u0103 \u00een toat\u0103 complexitatea sa. [&#8230;] Trecutul este interpretat \u0219i reinterpretat la nesf\u00e2r\u0219it de prezent. A\u0219a c\u0103 trebuie s\u0103 c\u0103ut\u0103m cu onestitate adev\u0103rurile relative. Critica istoriei este mai important\u0103 dec\u00e2t lauda acesteia. A critica \u00eenseamn\u0103 a g\u00e2ndi liber.\u201d (Autorul)<\/p>\n","protected":false},"excerpt":{"rendered":"<p>Volumul cuprinde contribu\u021bii documentare, \u00een spiritul analizei critice, la istoria ecleziastic\u0103 rom\u00e2neasc\u0103, focaliz\u00e2ndu-se pe teme esen\u021biale pentru raporturile Stat-Biseric\u0103 \u00een trei secole diferite: rela\u021bia Stat-Biseric\u0103 \u00een monarhia austriac\u0103, cu referire special\u0103 la comunit\u0103\u021bile confesionale ortodoxe (sec. al XVIII-lea); autonomie\/autocefalie bisericeasc\u0103 \u0219i ideea na\u021bional\u0103 (sec. al XIX-lea); consolidarea autonomiei biserice\u0219ti \u00een raport cu statul rom\u00e2n \u00een [&hellip;]<\/p>\n","protected":false},"featured_media":0,"comment_status":"open","ping_status":"closed","template":"","meta":[],"product_brand":[],"product_cat":[991,999],"product_tag":[881,1021],"class_list":{"0":"post-11601","1":"product","2":"type-product","3":"status-publish","5":"product_cat-stiinte-sociale","6":"product_cat-teologie","7":"product_tag-istorie","8":"product_tag-teologie","10":"first","11":"outofstock","12":"shipping-taxable","13":"purchasable","14":"product-type-simple"},"_links":{"self":[{"href":"https:\/\/editura-unibuc.ro\/en\/wp-json\/wp\/v2\/product\/11601","targetHints":{"allow":["GET"]}}],"collection":[{"href":"https:\/\/editura-unibuc.ro\/en\/wp-json\/wp\/v2\/product"}],"about":[{"href":"https:\/\/editura-unibuc.ro\/en\/wp-json\/wp\/v2\/types\/product"}],"replies":[{"embeddable":true,"href":"https:\/\/editura-unibuc.ro\/en\/wp-json\/wp\/v2\/comments?post=11601"}],"wp:attachment":[{"href":"https:\/\/editura-unibuc.ro\/en\/wp-json\/wp\/v2\/media?parent=11601"}],"wp:term":[{"taxonomy":"product_brand","embeddable":true,"href":"https:\/\/editura-unibuc.ro\/en\/wp-json\/wp\/v2\/product_brand?post=11601"},{"taxonomy":"product_cat","embeddable":true,"href":"https:\/\/editura-unibuc.ro\/en\/wp-json\/wp\/v2\/product_cat?post=11601"},{"taxonomy":"product_tag","embeddable":true,"href":"https:\/\/editura-unibuc.ro\/en\/wp-json\/wp\/v2\/product_tag?post=11601"}],"curies":[{"name":"wp","href":"https:\/\/api.w.org\/{rel}","templated":true}]}}