{"id":11639,"date":"2013-08-18T19:55:58","date_gmt":"2013-08-18T16:55:58","guid":{"rendered":"https:\/\/editura-unibuc.ro\/?p=11639"},"modified":"2015-06-17T11:05:24","modified_gmt":"2015-06-17T08:05:24","slug":"sms-ul-adolescentin-practici-si-reprezentari-culturale","status":"publish","type":"product","link":"https:\/\/editura-unibuc.ro\/en\/sms-ul-adolescentin-practici-si-reprezentari-culturale\/","title":{"rendered":"THE TEEN SMS: CULTURAL PRACTICES AND REPRESENTATIONS"},"content":{"rendered":"<p>,,Studiul pe care Raluca Moise \u00eel consacr\u0103 practicii SMS-ului la adolescen\u021bii din Bucure\u0219ti este, f\u0103r\u0103 \u00eendoial\u0103, o premier\u0103 a genului. Nu numai c\u0103 autoarea exploreaz\u0103 un fenomen a c\u0103rui banalitate este invers propor\u021bional\u0103 aten\u021biei care i-a fost rezervat\u0103 de cercet\u0103torii \u00een \u0219tiin\u021be umaniste, dar abordarea ei este una comparativ\u0103 \u0219i multidisciplinar\u0103. Acest studiu nu este nici un studiu antropologic, nici sociologic, nici lingvistic, ci este o lucrare ce \u00eembin\u0103 aceste domenii \u00een mod judicios \u0219i armonios.\u201d (Conf. dr. Oliver Gosselain, Universitatea Liber\u0103 din Bruxelles)<br \/>\n,,Cartea Raluc\u0103i Moise nu este [\u2026] doar una despre SMS-uri \u0219i nici m\u0103car una doar despre telefonul mobil. Prin urm\u0103rirea rela\u021biilor multiforme ale tinerelor genera\u021bii cu acest obiect feti\u0219, ea este \u0219i o lucrare despre aceast\u0103 lume nou\u0103, care ne este deja contemporan\u0103.\u201d (Prof. dr. Vintil\u0103 Mih\u0103ilescu, \u0218coala Na\u021bional\u0103 de Studii Politice \u0219i Administrative)<br \/>\nRaluca Moise este cadru didactic \u00een Departamentul de \u0218tiin\u021be ale Comunic\u0103rii, Facultatea de Litere, Universitatea din Bucure\u0219ti. Este doctor \u00een Filologie (titlu ob\u021binut la Facultatea de Litere, Universitatea din Bucure\u0219ti) \u0219i \u00een \u0218tiin\u021be Politice \u0219i Sociale, Universitatea Liber\u0103 din Bruxelles). Studiile sale post-universitare includ dou\u0103 programe de masterat \u00een Antropologie Cultural\u0103. Al doilea masterat, realizat la \u0218coala Doctoral\u0103 Francofon\u0103 pentru Europa de Sud-Est \u0219i Central\u0103 s-a finalizat cu ob\u021binerea bursei ce i-a permis realizarea doctoratului \u00een co-tutel\u0103. Interesele sale de cercetare sunt antropologia comunic\u0103rii, new media \u0219i social media, cultura adolescen\u021bilor, stiluri de via\u021b\u0103, studiul culturii materiale.<a href=\"https:\/\/editura-unibuc.ro\/wp-content\/uploads\/2013\/08\/Raluca-Moise.jpg\" rel=\"lightbox[11639]\"><\/a><\/p>","protected":false},"excerpt":{"rendered":"<p>,,Studiul pe care Raluca Moise \u00eel consacr\u0103 practicii SMS-ului la adolescen\u021bii din Bucure\u0219ti este, f\u0103r\u0103 \u00eendoial\u0103, o premier\u0103 a genului. Nu numai c\u0103 autoarea exploreaz\u0103 un fenomen a c\u0103rui banalitate este invers propor\u021bional\u0103 aten\u021biei care i-a fost rezervat\u0103 de cercet\u0103torii \u00een \u0219tiin\u021be umaniste, dar abordarea ei este una comparativ\u0103 \u0219i multidisciplinar\u0103. Acest studiu nu este [&hellip;]<\/p>\n","protected":false},"featured_media":13649,"comment_status":"open","ping_status":"closed","template":"","meta":[],"product_brand":[],"product_cat":[1464,979,991],"product_tag":[1258,1259,1260,1261,1262],"class_list":{"0":"post-11639","1":"product","2":"type-product","3":"status-publish","4":"has-post-thumbnail","6":"product_cat-filologie","7":"product_cat-limba-romana","8":"product_cat-stiinte-sociale","9":"product_tag-antropologia-comunicarii","10":"product_tag-cultura-adolescentilor","11":"product_tag-new-media-si-social-media","12":"product_tag-stiluri-de-viata","13":"product_tag-studiul-culturii-materiale","15":"first","16":"instock","17":"shipping-taxable","18":"purchasable","19":"product-type-simple"},"_links":{"self":[{"href":"https:\/\/editura-unibuc.ro\/en\/wp-json\/wp\/v2\/product\/11639","targetHints":{"allow":["GET"]}}],"collection":[{"href":"https:\/\/editura-unibuc.ro\/en\/wp-json\/wp\/v2\/product"}],"about":[{"href":"https:\/\/editura-unibuc.ro\/en\/wp-json\/wp\/v2\/types\/product"}],"replies":[{"embeddable":true,"href":"https:\/\/editura-unibuc.ro\/en\/wp-json\/wp\/v2\/comments?post=11639"}],"wp:featuredmedia":[{"embeddable":true,"href":"https:\/\/editura-unibuc.ro\/en\/wp-json\/wp\/v2\/media\/13649"}],"wp:attachment":[{"href":"https:\/\/editura-unibuc.ro\/en\/wp-json\/wp\/v2\/media?parent=11639"}],"wp:term":[{"taxonomy":"product_brand","embeddable":true,"href":"https:\/\/editura-unibuc.ro\/en\/wp-json\/wp\/v2\/product_brand?post=11639"},{"taxonomy":"product_cat","embeddable":true,"href":"https:\/\/editura-unibuc.ro\/en\/wp-json\/wp\/v2\/product_cat?post=11639"},{"taxonomy":"product_tag","embeddable":true,"href":"https:\/\/editura-unibuc.ro\/en\/wp-json\/wp\/v2\/product_tag?post=11639"}],"curies":[{"name":"wp","href":"https:\/\/api.w.org\/{rel}","templated":true}]}}