{"id":11667,"date":"2013-08-27T15:20:09","date_gmt":"2013-08-27T12:20:09","guid":{"rendered":"https:\/\/editura-unibuc.ro\/?p=11667"},"modified":"2016-02-18T14:26:49","modified_gmt":"2016-02-18T12:26:49","slug":"axis-revista-de-studii-religioase-numarul-i2013","status":"publish","type":"product","link":"https:\/\/editura-unibuc.ro\/en\/axis-revista-de-studii-religioase-numarul-i2013\/","title":{"rendered":"AXIS \u2013 REVIEW OF NATIONAL STUDIES. ISSUE I, 2013 [in Romanian]"},"content":{"rendered":"<p>,,Ideea unei reviste dedicate studiului interdisciplinar al fenomenului religios s-a cristalizat \u00een toamna anului 2011, \u00een cadrul masteratului de Studii Religioase \u2013 Texte \u0219i Tradi\u021bii al Facult\u0103\u021bii de Limbi \u0219i Literaturi Str\u0103ine, Universitatea din Bucure\u0219ti, \u00een \u00eencercarea de a crea o punte de leg\u0103tur\u0103 at\u00e2t \u00eentre cercet\u0103torii fenomenului religios, c\u00e2t \u0219i \u00eentre ace\u0219tia \u0219i publicul rom\u00e2nesc interesat \u00een a-\u0219i l\u0103rgi viziunea asupra domeniului spiritual. [&#8230;] AXIS este un proiect care \u00eencurajeaz\u0103 abordarea interdisciplinar\u0103 a fenomenului religios, studiat din perspectiv\u0103 \u0219tiin\u021bific\u0103 \u0219i neconfesional\u0103. Revista este deschis\u0103 at\u00e2t articolelor axate pe studii umaniste (istoria religiilor, religii comparate, filosofie, sociologie, psihologie, filologie, \u0219tiin\u021be politice, antropologie etc.), c\u00e2t \u0219i celor provenite dinspre \u0219tiin\u021bele naturii, unul dintre punctele pe care ni le propunem fiind acela de a facilita dialogul dintre \u0219tiin\u021b\u0103 \u0219i spiritualitate. [&#8230;] Membrii echipei editoriale provin at\u00e2t din domeniul \u0219tiin\u021belor umaniste, c\u00e2t \u0219i din cel al \u0219tiin\u021belor exacte. Credem c\u0103 abordarea interdisciplinar\u0103, caracteristic\u0103 pentru numeroase alte domenii din cercetarea \u0219tiin\u021bific\u0103 contemporan\u0103, poate conduce \u0219i pentru domeniul studiilor religioase c\u0103tre rezultate notabile, necesare omului mileniului trei.&#8221; (Echipa Editorial\u0103 AXIS, 2013)<\/p>\n","protected":false},"excerpt":{"rendered":"<p>,,Ideea unei reviste dedicate studiului interdisciplinar al fenomenului religios s-a cristalizat \u00een toamna anului 2011, \u00een cadrul masteratului de Studii Religioase \u2013 Texte \u0219i Tradi\u021bii al Facult\u0103\u021bii de Limbi \u0219i Literaturi Str\u0103ine, Universitatea din Bucure\u0219ti, \u00een \u00eencercarea de a crea o punte de leg\u0103tur\u0103 at\u00e2t \u00eentre cercet\u0103torii fenomenului religios, c\u00e2t \u0219i \u00eentre ace\u0219tia \u0219i publicul [&hellip;]<\/p>\n","protected":false},"featured_media":0,"comment_status":"open","ping_status":"closed","template":"","meta":[],"product_brand":[],"product_cat":[1464,1469,1893,994,999],"product_tag":[1253,1254,1255],"class_list":{"0":"post-11667","1":"product","2":"type-product","3":"status-publish","5":"product_cat-filologie","6":"product_cat-periodice","7":"product_cat-reviste-academice","8":"product_cat-filosofie","9":"product_cat-teologie","10":"product_tag-fenomenul-religios","11":"product_tag-istoria-religiilor","12":"product_tag-religii-comparate","14":"first","15":"instock","16":"purchasable","17":"product-type-simple"},"_links":{"self":[{"href":"https:\/\/editura-unibuc.ro\/en\/wp-json\/wp\/v2\/product\/11667","targetHints":{"allow":["GET"]}}],"collection":[{"href":"https:\/\/editura-unibuc.ro\/en\/wp-json\/wp\/v2\/product"}],"about":[{"href":"https:\/\/editura-unibuc.ro\/en\/wp-json\/wp\/v2\/types\/product"}],"replies":[{"embeddable":true,"href":"https:\/\/editura-unibuc.ro\/en\/wp-json\/wp\/v2\/comments?post=11667"}],"wp:attachment":[{"href":"https:\/\/editura-unibuc.ro\/en\/wp-json\/wp\/v2\/media?parent=11667"}],"wp:term":[{"taxonomy":"product_brand","embeddable":true,"href":"https:\/\/editura-unibuc.ro\/en\/wp-json\/wp\/v2\/product_brand?post=11667"},{"taxonomy":"product_cat","embeddable":true,"href":"https:\/\/editura-unibuc.ro\/en\/wp-json\/wp\/v2\/product_cat?post=11667"},{"taxonomy":"product_tag","embeddable":true,"href":"https:\/\/editura-unibuc.ro\/en\/wp-json\/wp\/v2\/product_tag?post=11667"}],"curies":[{"name":"wp","href":"https:\/\/api.w.org\/{rel}","templated":true}]}}