{"id":11691,"date":"2013-08-30T14:07:11","date_gmt":"2013-08-30T11:07:11","guid":{"rendered":"https:\/\/editura-unibuc.ro\/?p=11691"},"modified":"2015-03-13T02:58:23","modified_gmt":"2015-03-13T00:58:23","slug":"romanica-14-la-dinamica-del-lexico-de-la-moda-en-el-siglo-xix-estudio-de-neologia-lexica","status":"publish","type":"product","link":"https:\/\/editura-unibuc.ro\/en\/romanica-14-la-dinamica-del-lexico-de-la-moda-en-el-siglo-xix-estudio-de-neologia-lexica\/","title":{"rendered":"ROMANICA 14 \u2013 THE DYNAMICS OF THE FASHION VOCABULARY IN THE 19th CENTURY: STUDY OF LEXICAL NEOLOGY"},"content":{"rendered":"<p>\u201cNuestro trabajo se sit\u00faa en aquella l\u00ednea de investigaci\u00f3n que privilegia la reconstrucci\u00f3n de la historia del l\u00e9xico desde los procesos de cambio, concretamente la neolog\u00eda l\u00e9xica, atendiendo tambi\u00e9n a los factores sociales. En resumen, vamos a estudiar los vocablos con que se enriqueci\u00f3 el espa\u00f1ol en el ochocientos, pero, adem\u00e1s de las historias de las palabras, vamos a abordar la historia de las personas que las introdujeron y difundieron, defendieron o rechazaron, a trav\u00e9s de los textos. E, directa o indirectamente, vamos a abordar tambi\u00e9n la historia de la vida cotidiana y del consumo. En fin, vamos a estudiar la historia de la sociedad espa\u00f1ola en una de sus manifestaciones m\u00e1s sugerentes.\u201d (Radana \u0160trb\u00e1kov\u00e1)<\/p>\n","protected":false},"excerpt":{"rendered":"<p>\u201cNuestro trabajo se sit\u00faa en aquella l\u00ednea de investigaci\u00f3n que privilegia la reconstrucci\u00f3n de la historia del l\u00e9xico desde los procesos de cambio, concretamente la neolog\u00eda l\u00e9xica, atendiendo tambi\u00e9n a los factores sociales. En resumen, vamos a estudiar los vocablos con que se enriqueci\u00f3 el espa\u00f1ol en el ochocientos, pero, adem\u00e1s de las historias de [&hellip;]<\/p>\n","protected":false},"featured_media":0,"comment_status":"open","ping_status":"closed","template":"","meta":[],"product_brand":[],"product_cat":[858],"product_tag":[892,893],"class_list":{"0":"post-11691","1":"product","2":"type-product","3":"status-publish","5":"product_cat-colectia-romanica","6":"product_tag-moda","7":"product_tag-neologia-lexica","9":"first","10":"instock","11":"shipping-taxable","12":"purchasable","13":"product-type-simple"},"_links":{"self":[{"href":"https:\/\/editura-unibuc.ro\/en\/wp-json\/wp\/v2\/product\/11691","targetHints":{"allow":["GET"]}}],"collection":[{"href":"https:\/\/editura-unibuc.ro\/en\/wp-json\/wp\/v2\/product"}],"about":[{"href":"https:\/\/editura-unibuc.ro\/en\/wp-json\/wp\/v2\/types\/product"}],"replies":[{"embeddable":true,"href":"https:\/\/editura-unibuc.ro\/en\/wp-json\/wp\/v2\/comments?post=11691"}],"wp:attachment":[{"href":"https:\/\/editura-unibuc.ro\/en\/wp-json\/wp\/v2\/media?parent=11691"}],"wp:term":[{"taxonomy":"product_brand","embeddable":true,"href":"https:\/\/editura-unibuc.ro\/en\/wp-json\/wp\/v2\/product_brand?post=11691"},{"taxonomy":"product_cat","embeddable":true,"href":"https:\/\/editura-unibuc.ro\/en\/wp-json\/wp\/v2\/product_cat?post=11691"},{"taxonomy":"product_tag","embeddable":true,"href":"https:\/\/editura-unibuc.ro\/en\/wp-json\/wp\/v2\/product_tag?post=11691"}],"curies":[{"name":"wp","href":"https:\/\/api.w.org\/{rel}","templated":true}]}}