{"id":11719,"date":"2013-09-03T09:22:47","date_gmt":"2013-09-03T06:22:47","guid":{"rendered":"https:\/\/editura-unibuc.ro\/?p=11719"},"modified":"2025-03-13T12:19:28","modified_gmt":"2025-03-13T10:19:28","slug":"romanoslavica-serie-noua-vol-xlix-nr-1","status":"publish","type":"product","link":"https:\/\/editura-unibuc.ro\/en\/romanoslavica-serie-noua-vol-xlix-nr-1\/","title":{"rendered":"ROMANOSLAVICA. NEW SERIES, VOLUME XLIX, ISSUE No. 1"},"content":{"rendered":"<p>Volumul include lucr\u0103rile prezentate la Sesiunea \u0219tiin\u021bific\u0103 anual\u0103 a Departamentului de Filologie rus\u0103 \u0219i slav\u0103, Bucure\u0219ti, 10 noiembrie 2012. Pe l\u00e2ng\u0103 articole \u00een diverse limbi slave, exist\u0103 \u0219i articole \u00een limba rom\u00e2n\u0103 (rezumatele sunt \u00een limbi slave sau \u00een limba englez\u0103). Din cuprins: ,,Parodie \u0219i extaz. \u00abViscolul\u00bb lui Pu\u0219kin \u00een lectura lui Sollogub\u201d (Anton Breiner); ,,Strategii de predare\/\u00eenv\u0103\u021bare a declin\u0103rii la disciplina \u00abPractica limbii ruse\u00bb (nivel \u00abzero\u00bb)\u201d (Dana Cojocaru); ,,Scurt\u0103 introducere \u00een paremiologia muntenegrean\u0103 din perspectiva stereotipurilor \u0219i prejudec\u0103\u021bilor sud-slave\u201d (Armand Gu\u021b\u0103); ,,Contribu\u021bia scriitorilor ru\u0219i la dezvoltarea pedagogiei\u201d (Aura Hapenciuc); ,,Vechiul \u011b \u2013 \u00een graiurile cara\u0219ovenilor\u201d (Maria La\u021bchici); ,,Destinul personajelor \u00een nuvela lui Pelevin \u00ab\u017deltaja strela\u00bb (S\u0103geata galben\u0103)\u201d (Florentina Marin); ,,Dramaturgia lui M. Bulgakov \u00een transpunere rom\u00e2neasc\u0103\u201d (Mihaela Moraru); ,,Mor\u021bile lui Stalin\u201d (Antoaneta Olteanu); ,,A avut protorom\u00e2na \u00abfoneme speciale\u00bb?\u201d (Sorin Paliga); ,,Uniunea artistic\u0103 Dev\u0115tsil\u201d (Diana Popescu); ,,Bogomilismul \u00een literatura bulgar\u0103\u201d (C\u0103t\u0103lina Puiu); ,,160 de ani de la moartea lui N.V. Gogol. Din mo\u0219tenirea epistolar\u0103 a marelui clasic rus\u201d (Gheorghe Barb\u0103); \u201cCommon Values in the Shahriyar\u2019s and Michai Eminescu\u2019s Activities (on the Basis of \u00abSahandiyya\u00bb and \u00abLuceaf\u0103rul\u00bb)\u201d (Esmira Fuad Shukurova); ,,Cuget\u0103ri balcanice\u201d (Antoaneta Alipieva); cronic\u0103 la Ren\u00e1ta Bojni\u010danov\u00e1, Salustio Alvarado (red.), ,,Las Tradiciones Folcl\u00f3ricas en la cultura de los pueblos eslavos\u201d, Centro de ling\u00fc\u00edstica aplicada Atenea, Madrid, 2010, 268 p. (Antoaneta Olteanu).<\/p>\n","protected":false},"excerpt":{"rendered":"<p>Volumul include lucr\u0103rile prezentate la Sesiunea \u0219tiin\u021bific\u0103 anual\u0103 a Departamentului de Filologie rus\u0103 \u0219i slav\u0103, Bucure\u0219ti, 10 noiembrie 2012. Pe l\u00e2ng\u0103 articole \u00een diverse limbi slave, exist\u0103 \u0219i articole \u00een limba rom\u00e2n\u0103 (rezumatele sunt \u00een limbi slave sau \u00een limba englez\u0103). Din cuprins: ,,Parodie \u0219i extaz. \u00abViscolul\u00bb lui Pu\u0219kin \u00een lectura lui Sollogub\u201d (Anton Breiner); [&hellip;]<\/p>\n","protected":false},"featured_media":0,"comment_status":"open","ping_status":"closed","template":"","meta":[],"product_brand":[],"product_cat":[3823,1464,981,1469],"product_tag":[1245,1246,1247,1248,1249,1250],"class_list":{"0":"post-11719","1":"product","2":"type-product","3":"status-publish","5":"product_cat-stiinte-umane","6":"product_cat-filologie","7":"product_cat-limbi-slave","8":"product_cat-periodice","9":"product_tag-bogomilism","10":"product_tag-gogol","11":"product_tag-practica-limbii-ruse","12":"product_tag-protoromana","13":"product_tag-puskin","14":"product_tag-stalin","16":"first","17":"instock","18":"shipping-taxable","19":"purchasable","20":"product-type-simple"},"_links":{"self":[{"href":"https:\/\/editura-unibuc.ro\/en\/wp-json\/wp\/v2\/product\/11719","targetHints":{"allow":["GET"]}}],"collection":[{"href":"https:\/\/editura-unibuc.ro\/en\/wp-json\/wp\/v2\/product"}],"about":[{"href":"https:\/\/editura-unibuc.ro\/en\/wp-json\/wp\/v2\/types\/product"}],"replies":[{"embeddable":true,"href":"https:\/\/editura-unibuc.ro\/en\/wp-json\/wp\/v2\/comments?post=11719"}],"wp:attachment":[{"href":"https:\/\/editura-unibuc.ro\/en\/wp-json\/wp\/v2\/media?parent=11719"}],"wp:term":[{"taxonomy":"product_brand","embeddable":true,"href":"https:\/\/editura-unibuc.ro\/en\/wp-json\/wp\/v2\/product_brand?post=11719"},{"taxonomy":"product_cat","embeddable":true,"href":"https:\/\/editura-unibuc.ro\/en\/wp-json\/wp\/v2\/product_cat?post=11719"},{"taxonomy":"product_tag","embeddable":true,"href":"https:\/\/editura-unibuc.ro\/en\/wp-json\/wp\/v2\/product_tag?post=11719"}],"curies":[{"name":"wp","href":"https:\/\/api.w.org\/{rel}","templated":true}]}}