{"id":11754,"date":"2013-09-18T13:04:58","date_gmt":"2013-09-18T10:04:58","guid":{"rendered":"https:\/\/editura-unibuc.ro\/?p=11754"},"modified":"2025-08-06T12:16:06","modified_gmt":"2025-08-06T09:16:06","slug":"eminescu-si-literatura-romana-veche-universalism-vizionarism-si-imagistica-literara","status":"publish","type":"product","link":"https:\/\/editura-unibuc.ro\/en\/eminescu-si-literatura-romana-veche-universalism-vizionarism-si-imagistica-literara\/","title":{"rendered":"EMINESCU AND THE OLD ROMANIAN LITERATURE. UNIVERSALISM, VISIONARISM, AND LITERARY IMAGISTIC"},"content":{"rendered":"<p>,,[&#8230;] studiul Gianinei Picioru\u0219 vine s\u0103 acopere un gol \u00een critica \u0219i istoria literar\u0103, ar\u0103t\u00e2nd c\u0103 exist\u0103, cu absolut\u0103 certitudine, o continuitate \u00eentre tradi\u021bia scrisului rom\u00e2nesc vechi \u0219i opera romantic\u0103 a lui Eminescu.\u201d (Mihai Moraru)<br \/>\nGianina Maria-Cristina Picioru\u0219 este doctor \u00een filologie al Universit\u0103\u021bii din Bucure\u0219ti din 2009, iar \u00een prezent asistent universitar asociat la Facultatea de Litere (UB) \u0219i cercet\u0103tor postdoctoral (<em>cluster<\/em> CIVIS) la Centrul de Excelen\u021b\u0103 \u00een Studiul Imaginii (CESI-UB), 2010-2013. A publicat \u00een mediul online mai multe volume dedicate literaturii rom\u00e2ne: <em>Nichita St\u0103nescu. Fenomenul limbii poeze\u0219ti<\/em> (2009), <em>Antim Ivireanul: avangarda literar\u0103 a Paradisului. Via\u021ba \u0219i opera<\/em> (2010), <em>Epilog la lumea veche. Literatura rom\u00e2n\u0103 \u00eentre viziunea tradi\u021bional\u0103 \u0219i ideologia modern\u0103. Mentalit\u0103\u021bi, forme literare \u0219i univers spiritual<\/em>, 4 vol. (2010-2012), <em>Studii de poezie pa\u0219optist\u0103<\/em> (2011), <em>\u021aiganiada: tradi\u021bie \u0219i inova\u021bie. Aventura scriiturii \u0219i canonul literar rom\u00e2nesc<\/em> (2012), <em>Creatori de limb\u0103 \u0219i viziune poetic\u0103 \u00een literatura rom\u00e2n\u0103<\/em>. Vol. I. <em>Dosoftei<\/em> (2013).<\/p>\n","protected":false},"excerpt":{"rendered":"<p>,,[&#8230;] studiul Gianinei Picioru\u0219 vine s\u0103 acopere un gol \u00een critica \u0219i istoria literar\u0103, ar\u0103t\u00e2nd c\u0103 exist\u0103, cu absolut\u0103 certitudine, o continuitate \u00eentre tradi\u021bia scrisului rom\u00e2nesc vechi \u0219i opera romantic\u0103 a lui Eminescu.\u201d (Mihai Moraru) Gianina Maria-Cristina Picioru\u0219 este doctor \u00een filologie al Universit\u0103\u021bii din Bucure\u0219ti din 2009, iar \u00een prezent asistent universitar asociat la [&hellip;]<\/p>\n","protected":false},"featured_media":0,"comment_status":"open","ping_status":"closed","template":"","meta":[],"product_brand":[],"product_cat":[1531,851,1464,979],"product_tag":[891],"class_list":{"0":"post-11754","1":"product","2":"type-product","3":"status-publish","5":"product_cat-colectii","6":"product_cat-cesi-text-imagine","7":"product_cat-filologie","8":"product_cat-limba-romana","9":"product_tag-eminescu","11":"first","12":"outofstock","13":"shipping-taxable","14":"purchasable","15":"product-type-simple"},"_links":{"self":[{"href":"https:\/\/editura-unibuc.ro\/en\/wp-json\/wp\/v2\/product\/11754","targetHints":{"allow":["GET"]}}],"collection":[{"href":"https:\/\/editura-unibuc.ro\/en\/wp-json\/wp\/v2\/product"}],"about":[{"href":"https:\/\/editura-unibuc.ro\/en\/wp-json\/wp\/v2\/types\/product"}],"replies":[{"embeddable":true,"href":"https:\/\/editura-unibuc.ro\/en\/wp-json\/wp\/v2\/comments?post=11754"}],"wp:attachment":[{"href":"https:\/\/editura-unibuc.ro\/en\/wp-json\/wp\/v2\/media?parent=11754"}],"wp:term":[{"taxonomy":"product_brand","embeddable":true,"href":"https:\/\/editura-unibuc.ro\/en\/wp-json\/wp\/v2\/product_brand?post=11754"},{"taxonomy":"product_cat","embeddable":true,"href":"https:\/\/editura-unibuc.ro\/en\/wp-json\/wp\/v2\/product_cat?post=11754"},{"taxonomy":"product_tag","embeddable":true,"href":"https:\/\/editura-unibuc.ro\/en\/wp-json\/wp\/v2\/product_tag?post=11754"}],"curies":[{"name":"wp","href":"https:\/\/api.w.org\/{rel}","templated":true}]}}