{"id":11784,"date":"2013-09-23T13:25:53","date_gmt":"2013-09-23T10:25:53","guid":{"rendered":"https:\/\/editura-unibuc.ro\/?p=11784"},"modified":"2026-01-29T14:53:19","modified_gmt":"2026-01-29T12:53:19","slug":"formarea-identitatii-confesionale-greco-catolice-transilvania-veacului-al-xviii-lea-biserica-si-comunitate","status":"publish","type":"product","link":"https:\/\/editura-unibuc.ro\/en\/formarea-identitatii-confesionale-greco-catolice-transilvania-veacului-al-xviii-lea-biserica-si-comunitate\/","title":{"rendered":"THE FORMATION OF GREEK CATHOLIC CONFESSIONAL IDENTITY IN EIGHTEENTH-CENTURY TRANSYLVANIA. Church and Community"},"content":{"rendered":"<p>Este propus un nou model de interpretare a genezei denomina\u021biunii unite ardelene, prin prisma constituirii ei ca Biseric\u0103 confesional\u0103. \u00cen opozi\u021bie cu abord\u0103rile istoriografice tradi\u021bionale, caracterizate prin domina\u021bia considera\u021biilor de natur\u0103 teologic\u0103 \u0219i prin linearitatea impus\u0103 de acestea, ipoteza care st\u0103 la originea cercet\u0103rii este aceea a ,,invent\u0103rii\u201d \u00een deceniile cuprinse \u00eentre 1740 \u0219i 1770 a unui edificiu ideologic coerent, prin care identitatea unit\u0103 a fost comunicat\u0103 \u0219i impus\u0103 la nivel comunitar, \u00eentr-o formul\u0103 \u00een egal\u0103 m\u0103sur\u0103 inovativ\u0103 \u00een raport cu elabor\u0103rile anterioare, dar \u0219i extrem de dependent\u0103 fa\u021b\u0103 de disputele religioase \u00een curs.<\/p>\n","protected":false},"excerpt":{"rendered":"<p>Este propus un nou model de interpretare a genezei denomina\u021biunii unite ardelene, prin prisma constituirii ei ca Biseric\u0103 confesional\u0103. \u00cen opozi\u021bie cu abord\u0103rile istoriografice tradi\u021bionale, caracterizate prin domina\u021bia considera\u021biilor de natur\u0103 teologic\u0103 \u0219i prin linearitatea impus\u0103 de acestea, ipoteza care st\u0103 la originea cercet\u0103rii este aceea a ,,invent\u0103rii\u201d \u00een deceniile cuprinse \u00eentre 1740 \u0219i 1770 [&hellip;]<\/p>\n","protected":false},"featured_media":13667,"comment_status":"open","ping_status":"closed","template":"","meta":[],"product_brand":[],"product_cat":[991,995],"product_tag":[],"class_list":{"0":"post-11784","1":"product","2":"type-product","3":"status-publish","4":"has-post-thumbnail","6":"product_cat-stiinte-sociale","7":"product_cat-istorie-stiinte-politice","9":"first","10":"outofstock","11":"shipping-taxable","12":"purchasable","13":"product-type-simple"},"_links":{"self":[{"href":"https:\/\/editura-unibuc.ro\/en\/wp-json\/wp\/v2\/product\/11784","targetHints":{"allow":["GET"]}}],"collection":[{"href":"https:\/\/editura-unibuc.ro\/en\/wp-json\/wp\/v2\/product"}],"about":[{"href":"https:\/\/editura-unibuc.ro\/en\/wp-json\/wp\/v2\/types\/product"}],"replies":[{"embeddable":true,"href":"https:\/\/editura-unibuc.ro\/en\/wp-json\/wp\/v2\/comments?post=11784"}],"wp:featuredmedia":[{"embeddable":true,"href":"https:\/\/editura-unibuc.ro\/en\/wp-json\/wp\/v2\/media\/13667"}],"wp:attachment":[{"href":"https:\/\/editura-unibuc.ro\/en\/wp-json\/wp\/v2\/media?parent=11784"}],"wp:term":[{"taxonomy":"product_brand","embeddable":true,"href":"https:\/\/editura-unibuc.ro\/en\/wp-json\/wp\/v2\/product_brand?post=11784"},{"taxonomy":"product_cat","embeddable":true,"href":"https:\/\/editura-unibuc.ro\/en\/wp-json\/wp\/v2\/product_cat?post=11784"},{"taxonomy":"product_tag","embeddable":true,"href":"https:\/\/editura-unibuc.ro\/en\/wp-json\/wp\/v2\/product_tag?post=11784"}],"curies":[{"name":"wp","href":"https:\/\/api.w.org\/{rel}","templated":true}]}}