{"id":11791,"date":"2013-09-23T14:00:22","date_gmt":"2013-09-23T11:00:22","guid":{"rendered":"https:\/\/editura-unibuc.ro\/?p=11791"},"modified":"2025-08-06T12:13:48","modified_gmt":"2025-08-06T09:13:48","slug":"elitele-economice-societatea-romaneasca-moderna-1800-1947-abordare-din-perspectiva-sociologiei-neoclasice","status":"publish","type":"product","link":"https:\/\/editura-unibuc.ro\/en\/elitele-economice-societatea-romaneasca-moderna-1800-1947-abordare-din-perspectiva-sociologiei-neoclasice\/","title":{"rendered":"THE ECONOMIC ELITES IN THE ROMANIAN MODERN SOCIETY (1800-1947). An Approach from the Perspective of the Neoclassical Sociology"},"content":{"rendered":"<p>,,Se ofer\u0103 o explica\u021bie argumentat\u0103 asupra constituirii elitei economice moderne \u00een contextul transform\u0103rilor generate de apari\u021bia \u0219i consolidarea capitalismului rom\u00e2nesc \u0219i a institu\u021biilor specifice acestuia.&#8221; (Viorel Cornescu)<\/p>\n<p>,,[&#8230;] &lt;&lt;Tranzi\u021bia de la proprietatea comun\u0103 la cea privat\u0103 difer\u0103 de tranzi\u021bia de la un tip de proprietate la alt tip&gt;&gt;. \u00cen acest context, trecerea, prin amploarea ei, reprezint\u0103 unul din marile momente ale istoriei omenirii care se cere a fi explicat din punct de vedere \u0219tiin\u021bific.&#8221; (Dorel Abraham)<\/p>","protected":false},"excerpt":{"rendered":"<p>,,Se ofer\u0103 o explica\u021bie argumentat\u0103 asupra constituirii elitei economice moderne \u00een contextul transform\u0103rilor generate de apari\u021bia \u0219i consolidarea capitalismului rom\u00e2nesc \u0219i a institu\u021biilor specifice acestuia.&#8221; (Viorel Cornescu) ,,[&#8230;] &lt;&lt;Tranzi\u021bia de la proprietatea comun\u0103 la cea privat\u0103 difer\u0103 de tranzi\u021bia de la un tip de proprietate la alt tip&gt;&gt;. \u00cen acest context, trecerea, prin amploarea ei, [&hellip;]<\/p>\n","protected":false},"featured_media":13666,"comment_status":"open","ping_status":"closed","template":"","meta":[],"product_brand":[],"product_cat":[991,998],"product_tag":[1241,1242],"class_list":{"0":"post-11791","1":"product","2":"type-product","3":"status-publish","4":"has-post-thumbnail","6":"product_cat-stiinte-sociale","7":"product_cat-sociologie-si-asistenta-sociala","8":"product_tag-elite","9":"product_tag-sociologia-neoclasica","11":"first","12":"outofstock","13":"shipping-taxable","14":"purchasable","15":"product-type-simple"},"_links":{"self":[{"href":"https:\/\/editura-unibuc.ro\/en\/wp-json\/wp\/v2\/product\/11791","targetHints":{"allow":["GET"]}}],"collection":[{"href":"https:\/\/editura-unibuc.ro\/en\/wp-json\/wp\/v2\/product"}],"about":[{"href":"https:\/\/editura-unibuc.ro\/en\/wp-json\/wp\/v2\/types\/product"}],"replies":[{"embeddable":true,"href":"https:\/\/editura-unibuc.ro\/en\/wp-json\/wp\/v2\/comments?post=11791"}],"wp:featuredmedia":[{"embeddable":true,"href":"https:\/\/editura-unibuc.ro\/en\/wp-json\/wp\/v2\/media\/13666"}],"wp:attachment":[{"href":"https:\/\/editura-unibuc.ro\/en\/wp-json\/wp\/v2\/media?parent=11791"}],"wp:term":[{"taxonomy":"product_brand","embeddable":true,"href":"https:\/\/editura-unibuc.ro\/en\/wp-json\/wp\/v2\/product_brand?post=11791"},{"taxonomy":"product_cat","embeddable":true,"href":"https:\/\/editura-unibuc.ro\/en\/wp-json\/wp\/v2\/product_cat?post=11791"},{"taxonomy":"product_tag","embeddable":true,"href":"https:\/\/editura-unibuc.ro\/en\/wp-json\/wp\/v2\/product_tag?post=11791"}],"curies":[{"name":"wp","href":"https:\/\/api.w.org\/{rel}","templated":true}]}}