{"id":1181,"date":"2012-09-04T13:13:55","date_gmt":"2012-09-04T10:13:55","guid":{"rendered":"https:\/\/editura-unibuc.ro\/?p=1181"},"modified":"2025-08-06T11:05:30","modified_gmt":"2025-08-06T08:05:30","slug":"avangarda-literara-rusa-configuratii-si-metamorfoze","status":"publish","type":"product","link":"https:\/\/editura-unibuc.ro\/en\/avangarda-literara-rusa-configuratii-si-metamorfoze\/","title":{"rendered":"RUSSIAN LITERARY AVANT-GARDE: CONFIGURATIONS AND METAMORPHOSES"},"content":{"rendered":"<p>1. Prolegomene. Ideologia \u0219i coordonatele fundamentale ale avangardei ruse; 2. Nucleul avangardei ruse. Futurismul de la teorie la practic\u0103; 3. Eterogenitate avangardist\u0103 postfuturist\u0103: orient\u0103ri, exponen\u021bi, particularit\u0103\u021bi.<\/p>\n","protected":false},"excerpt":{"rendered":"<p>1. Prolegomene. Ideologia \u0219i coordonatele fundamentale ale avangardei ruse; 2. Nucleul avangardei ruse. Futurismul de la teorie la practic\u0103; 3. Eterogenitate avangardist\u0103 postfuturist\u0103: orient\u0103ri, exponen\u021bi, particularit\u0103\u021bi.<\/p>\n","protected":false},"featured_media":11234,"comment_status":"open","ping_status":"closed","template":"","meta":[],"product_brand":[],"product_cat":[1464,981],"product_tag":[1391,1045],"class_list":{"0":"post-1181","1":"product","2":"type-product","3":"status-publish","4":"has-post-thumbnail","6":"product_cat-filologie","7":"product_cat-limbi-slave","8":"product_tag-avangarda","9":"product_tag-rusa","11":"first","12":"outofstock","13":"shipping-taxable","14":"purchasable","15":"product-type-simple"},"_links":{"self":[{"href":"https:\/\/editura-unibuc.ro\/en\/wp-json\/wp\/v2\/product\/1181","targetHints":{"allow":["GET"]}}],"collection":[{"href":"https:\/\/editura-unibuc.ro\/en\/wp-json\/wp\/v2\/product"}],"about":[{"href":"https:\/\/editura-unibuc.ro\/en\/wp-json\/wp\/v2\/types\/product"}],"replies":[{"embeddable":true,"href":"https:\/\/editura-unibuc.ro\/en\/wp-json\/wp\/v2\/comments?post=1181"}],"wp:featuredmedia":[{"embeddable":true,"href":"https:\/\/editura-unibuc.ro\/en\/wp-json\/wp\/v2\/media\/11234"}],"wp:attachment":[{"href":"https:\/\/editura-unibuc.ro\/en\/wp-json\/wp\/v2\/media?parent=1181"}],"wp:term":[{"taxonomy":"product_brand","embeddable":true,"href":"https:\/\/editura-unibuc.ro\/en\/wp-json\/wp\/v2\/product_brand?post=1181"},{"taxonomy":"product_cat","embeddable":true,"href":"https:\/\/editura-unibuc.ro\/en\/wp-json\/wp\/v2\/product_cat?post=1181"},{"taxonomy":"product_tag","embeddable":true,"href":"https:\/\/editura-unibuc.ro\/en\/wp-json\/wp\/v2\/product_tag?post=1181"}],"curies":[{"name":"wp","href":"https:\/\/api.w.org\/{rel}","templated":true}]}}