{"id":11811,"date":"2013-09-26T14:50:27","date_gmt":"2013-09-26T11:50:27","guid":{"rendered":"https:\/\/editura-unibuc.ro\/?p=11811"},"modified":"2015-06-15T14:07:54","modified_gmt":"2015-06-15T11:07:54","slug":"lumea-orasului-cercetari-de-istorie-urbana","status":"publish","type":"product","link":"https:\/\/editura-unibuc.ro\/en\/lumea-orasului-cercetari-de-istorie-urbana\/","title":{"rendered":"CITY WORLD. Research in Urban History"},"content":{"rendered":"<p>\u201eSpre deosebire de Occident, \u00een Rom\u00e2nia numeroase domenii sunt \u00eenc\u0103 cercetate ignor\u00e2nd cu totul condi\u021bion\u0103rile pe care lumea urban\u0103 le impune actorilor, proceselor, dinamicilor istorice. Volumul de fa\u021b\u0103, care aduce laolalt\u0103 cercet\u0103tori din alte domenii, dar ale c\u0103ror preocup\u0103ri se intersecteaz\u0103 cu lumea ora\u0219elor, \u00ee\u0219i propune tocmai s\u0103 dep\u0103\u0219easc\u0103 acest blocaj [&#8230;] Pe de alt\u0103 parte, volumul \u00ee\u0219i propune s\u0103 demonstreze c\u0103 studiile de istorie urban\u0103 sunt esen\u021biale pentru \u00een\u021belegerea unor domenii ca istoria educa\u021biei sau istoria religioas\u0103.\u201d (Cuv\u00e2nt \u00eenainte)<\/p>\n","protected":false},"excerpt":{"rendered":"<p>\u201eSpre deosebire de Occident, \u00een Rom\u00e2nia numeroase domenii sunt \u00eenc\u0103 cercetate ignor\u00e2nd cu totul condi\u021bion\u0103rile pe care lumea urban\u0103 le impune actorilor, proceselor, dinamicilor istorice. Volumul de fa\u021b\u0103, care aduce laolalt\u0103 cercet\u0103tori din alte domenii, dar ale c\u0103ror preocup\u0103ri se intersecteaz\u0103 cu lumea ora\u0219elor, \u00ee\u0219i propune tocmai s\u0103 dep\u0103\u0219easc\u0103 acest blocaj [&#8230;] Pe de alt\u0103 [&hellip;]<\/p>\n","protected":false},"featured_media":13664,"comment_status":"open","ping_status":"closed","template":"","meta":[],"product_brand":[],"product_cat":[991,995],"product_tag":[1240],"class_list":{"0":"post-11811","1":"product","2":"type-product","3":"status-publish","4":"has-post-thumbnail","6":"product_cat-stiinte-sociale","7":"product_cat-istorie-stiinte-politice","8":"product_tag-istorie-urbana","10":"first","11":"outofstock","12":"shipping-taxable","13":"purchasable","14":"product-type-simple"},"_links":{"self":[{"href":"https:\/\/editura-unibuc.ro\/en\/wp-json\/wp\/v2\/product\/11811","targetHints":{"allow":["GET"]}}],"collection":[{"href":"https:\/\/editura-unibuc.ro\/en\/wp-json\/wp\/v2\/product"}],"about":[{"href":"https:\/\/editura-unibuc.ro\/en\/wp-json\/wp\/v2\/types\/product"}],"replies":[{"embeddable":true,"href":"https:\/\/editura-unibuc.ro\/en\/wp-json\/wp\/v2\/comments?post=11811"}],"wp:featuredmedia":[{"embeddable":true,"href":"https:\/\/editura-unibuc.ro\/en\/wp-json\/wp\/v2\/media\/13664"}],"wp:attachment":[{"href":"https:\/\/editura-unibuc.ro\/en\/wp-json\/wp\/v2\/media?parent=11811"}],"wp:term":[{"taxonomy":"product_brand","embeddable":true,"href":"https:\/\/editura-unibuc.ro\/en\/wp-json\/wp\/v2\/product_brand?post=11811"},{"taxonomy":"product_cat","embeddable":true,"href":"https:\/\/editura-unibuc.ro\/en\/wp-json\/wp\/v2\/product_cat?post=11811"},{"taxonomy":"product_tag","embeddable":true,"href":"https:\/\/editura-unibuc.ro\/en\/wp-json\/wp\/v2\/product_tag?post=11811"}],"curies":[{"name":"wp","href":"https:\/\/api.w.org\/{rel}","templated":true}]}}