{"id":11823,"date":"2013-09-26T17:38:41","date_gmt":"2013-09-26T14:38:41","guid":{"rendered":"https:\/\/editura-unibuc.ro\/?p=11823"},"modified":"2015-03-18T09:21:36","modified_gmt":"2015-03-18T07:21:36","slug":"melliferae-magistrae-honorem-gabrielae-cretia","status":"publish","type":"product","link":"https:\/\/editura-unibuc.ro\/en\/melliferae-magistrae-honorem-gabrielae-cretia\/","title":{"rendered":"MELLIFERAE MAGISTRAE \u2013 In honorem Gabrielae Cre\u021bia"},"content":{"rendered":"<p>\u201eVolumul de fa\u021b\u0103 vrea s\u0103 fie un omagiu, de minte \u0219i de inim\u0103, dedicat, \u00een zi aniversar\u0103, uneia dintre cele mai luminoase figuri ale Filologiei clasice rom\u00e2ne\u0219ti, deopotriv\u0103 savant, cu spiritul ve\u0219nic scrut\u0103tor \u0219i n\u0103scocitor de comori, profesor, \u00eentru totul dedicat \u00eenv\u0103\u021b\u0103ceilor s\u0103i, militant, cu varii mijloace, pe plan na\u021bional \u0219i interna\u021bional, pentru cauza studiilor clasice, din care \u0219i-a f\u0103cut un crez, crez pe care s-a str\u0103duit s\u0103-l insufle \u0219i discipolilor. S-au adunat \u00eentre paginile acestui volum filologi din institu\u021bii academice bucure\u0219tene \u0219i din restul \u021b\u0103rii, dar \u0219i numero\u0219i colegi de breasl\u0103 din Europa, America, Asia\u201d, se arat\u0103 \u00een prezentarea volumului.<\/p>\n","protected":false},"excerpt":{"rendered":"<p>\u201eVolumul de fa\u021b\u0103 vrea s\u0103 fie un omagiu, de minte \u0219i de inim\u0103, dedicat, \u00een zi aniversar\u0103, uneia dintre cele mai luminoase figuri ale Filologiei clasice rom\u00e2ne\u0219ti, deopotriv\u0103 savant, cu spiritul ve\u0219nic scrut\u0103tor \u0219i n\u0103scocitor de comori, profesor, \u00eentru totul dedicat \u00eenv\u0103\u021b\u0103ceilor s\u0103i, militant, cu varii mijloace, pe plan na\u021bional \u0219i interna\u021bional, pentru cauza studiilor [&hellip;]<\/p>\n","protected":false},"featured_media":13663,"comment_status":"open","ping_status":"closed","template":"","meta":[],"product_brand":[],"product_cat":[856],"product_tag":[890],"class_list":{"0":"post-11823","1":"product","2":"type-product","3":"status-publish","4":"has-post-thumbnail","6":"product_cat-colectia-lci-limbi-culturi-identitati","7":"product_tag-filologie-clasica","9":"first","10":"instock","11":"shipping-taxable","12":"purchasable","13":"product-type-simple"},"_links":{"self":[{"href":"https:\/\/editura-unibuc.ro\/en\/wp-json\/wp\/v2\/product\/11823","targetHints":{"allow":["GET"]}}],"collection":[{"href":"https:\/\/editura-unibuc.ro\/en\/wp-json\/wp\/v2\/product"}],"about":[{"href":"https:\/\/editura-unibuc.ro\/en\/wp-json\/wp\/v2\/types\/product"}],"replies":[{"embeddable":true,"href":"https:\/\/editura-unibuc.ro\/en\/wp-json\/wp\/v2\/comments?post=11823"}],"wp:featuredmedia":[{"embeddable":true,"href":"https:\/\/editura-unibuc.ro\/en\/wp-json\/wp\/v2\/media\/13663"}],"wp:attachment":[{"href":"https:\/\/editura-unibuc.ro\/en\/wp-json\/wp\/v2\/media?parent=11823"}],"wp:term":[{"taxonomy":"product_brand","embeddable":true,"href":"https:\/\/editura-unibuc.ro\/en\/wp-json\/wp\/v2\/product_brand?post=11823"},{"taxonomy":"product_cat","embeddable":true,"href":"https:\/\/editura-unibuc.ro\/en\/wp-json\/wp\/v2\/product_cat?post=11823"},{"taxonomy":"product_tag","embeddable":true,"href":"https:\/\/editura-unibuc.ro\/en\/wp-json\/wp\/v2\/product_tag?post=11823"}],"curies":[{"name":"wp","href":"https:\/\/api.w.org\/{rel}","templated":true}]}}