{"id":11828,"date":"2013-09-26T18:16:11","date_gmt":"2013-09-26T15:16:11","guid":{"rendered":"https:\/\/editura-unibuc.ro\/?p=11828"},"modified":"2025-08-06T14:44:30","modified_gmt":"2025-08-06T11:44:30","slug":"lucrari-practice-de-optica-fizica","status":"publish","type":"product","link":"https:\/\/editura-unibuc.ro\/en\/lucrari-practice-de-optica-fizica\/","title":{"rendered":"PRACTICAL WORKS OF OPTICAL PHYSICS"},"content":{"rendered":"<p>Cartea reprezint\u0103 un suport de laborator necesar cursului de Optic\u0103 din anul II de studiu de la Facultatea de Fizic\u0103, Universitatea din Bucure\u0219ti. Lucrarea prezint\u0103 \u00eentr-un mod nou \u0219i atractiv temele de laborator \u0219i include, uneori, \u0219i o prezentare istoric\u0103, care permite studen\u021bilor integrarea subiectului at\u00e2t \u00een contextul istoric, c\u00e2t \u0219i din punctul de vedere al evolu\u021biei no\u021biunilor \u0219tiin\u021bifice. Sunt incluse toate materialele necesare interpret\u0103rii rezultatelor care sunt cuprinse fie \u00een lucrare, fie \u00een anexe.<\/p>\n","protected":false},"excerpt":{"rendered":"<p>Cartea reprezint\u0103 un suport de laborator necesar cursului de Optic\u0103 din anul II de studiu de la Facultatea de Fizic\u0103, Universitatea din Bucure\u0219ti. Lucrarea prezint\u0103 \u00eentr-un mod nou \u0219i atractiv temele de laborator \u0219i include, uneori, \u0219i o prezentare istoric\u0103, care permite studen\u021bilor integrarea subiectului at\u00e2t \u00een contextul istoric, c\u00e2t \u0219i din punctul de vedere [&hellip;]<\/p>\n","protected":false},"featured_media":13662,"comment_status":"open","ping_status":"closed","template":"","meta":[],"product_brand":[],"product_cat":[982,984],"product_tag":[1239],"class_list":{"0":"post-11828","1":"product","2":"type-product","3":"status-publish","4":"has-post-thumbnail","6":"product_cat-stiinte-exacte","7":"product_cat-fizica","8":"product_tag-lucrari-practice","10":"first","11":"outofstock","12":"shipping-taxable","13":"purchasable","14":"product-type-simple"},"_links":{"self":[{"href":"https:\/\/editura-unibuc.ro\/en\/wp-json\/wp\/v2\/product\/11828","targetHints":{"allow":["GET"]}}],"collection":[{"href":"https:\/\/editura-unibuc.ro\/en\/wp-json\/wp\/v2\/product"}],"about":[{"href":"https:\/\/editura-unibuc.ro\/en\/wp-json\/wp\/v2\/types\/product"}],"replies":[{"embeddable":true,"href":"https:\/\/editura-unibuc.ro\/en\/wp-json\/wp\/v2\/comments?post=11828"}],"wp:featuredmedia":[{"embeddable":true,"href":"https:\/\/editura-unibuc.ro\/en\/wp-json\/wp\/v2\/media\/13662"}],"wp:attachment":[{"href":"https:\/\/editura-unibuc.ro\/en\/wp-json\/wp\/v2\/media?parent=11828"}],"wp:term":[{"taxonomy":"product_brand","embeddable":true,"href":"https:\/\/editura-unibuc.ro\/en\/wp-json\/wp\/v2\/product_brand?post=11828"},{"taxonomy":"product_cat","embeddable":true,"href":"https:\/\/editura-unibuc.ro\/en\/wp-json\/wp\/v2\/product_cat?post=11828"},{"taxonomy":"product_tag","embeddable":true,"href":"https:\/\/editura-unibuc.ro\/en\/wp-json\/wp\/v2\/product_tag?post=11828"}],"curies":[{"name":"wp","href":"https:\/\/api.w.org\/{rel}","templated":true}]}}