{"id":11833,"date":"2013-09-26T18:49:06","date_gmt":"2013-09-26T15:49:06","guid":{"rendered":"https:\/\/editura-unibuc.ro\/?p=11833"},"modified":"2025-07-18T12:02:28","modified_gmt":"2025-07-18T09:02:28","slug":"lucrari-practice-de-optica-geometrica","status":"publish","type":"product","link":"https:\/\/editura-unibuc.ro\/en\/lucrari-practice-de-optica-geometrica\/","title":{"rendered":"PRACTICAL WORKS OF GEOMETRICAL OPTICS"},"content":{"rendered":"<p>Cartea reprezint\u0103 un suport de laborator necesar cursului de Optic\u0103 din anul I de studiu de la Facultatea de Fizic\u0103, Universitatea din Bucure\u0219ti. Cartea cuprinde exact lucr\u0103rile care se realizeaz\u0103 \u00een prezent \u00een laboratorul de optic\u0103, special alese, astfel \u00eenc\u00e2t s\u0103 permit\u0103 aprofundarea no\u021biunilor aflate la cursul de Optic\u0103. Temele de laborator sunt prezentate \u00eentr-un mod clar \u0219i precis \u0219i sunt bine ilustrate cu figuri, care ajut\u0103 la o mai bun\u0103 \u00een\u021belegere a subiectului.<\/p>\n","protected":false},"excerpt":{"rendered":"<p>Cartea reprezint\u0103 un suport de laborator necesar cursului de Optic\u0103 din anul I de studiu de la Facultatea de Fizic\u0103, Universitatea din Bucure\u0219ti. Cartea cuprinde exact lucr\u0103rile care se realizeaz\u0103 \u00een prezent \u00een laboratorul de optic\u0103, special alese, astfel \u00eenc\u00e2t s\u0103 permit\u0103 aprofundarea no\u021biunilor aflate la cursul de Optic\u0103. Temele de laborator sunt prezentate \u00eentr-un [&hellip;]<\/p>\n","protected":false},"featured_media":13661,"comment_status":"open","ping_status":"closed","template":"","meta":[],"product_brand":[],"product_cat":[982,984],"product_tag":[1239],"class_list":{"0":"post-11833","1":"product","2":"type-product","3":"status-publish","4":"has-post-thumbnail","6":"product_cat-stiinte-exacte","7":"product_cat-fizica","8":"product_tag-lucrari-practice","10":"first","11":"instock","12":"shipping-taxable","13":"purchasable","14":"product-type-simple"},"_links":{"self":[{"href":"https:\/\/editura-unibuc.ro\/en\/wp-json\/wp\/v2\/product\/11833","targetHints":{"allow":["GET"]}}],"collection":[{"href":"https:\/\/editura-unibuc.ro\/en\/wp-json\/wp\/v2\/product"}],"about":[{"href":"https:\/\/editura-unibuc.ro\/en\/wp-json\/wp\/v2\/types\/product"}],"replies":[{"embeddable":true,"href":"https:\/\/editura-unibuc.ro\/en\/wp-json\/wp\/v2\/comments?post=11833"}],"wp:featuredmedia":[{"embeddable":true,"href":"https:\/\/editura-unibuc.ro\/en\/wp-json\/wp\/v2\/media\/13661"}],"wp:attachment":[{"href":"https:\/\/editura-unibuc.ro\/en\/wp-json\/wp\/v2\/media?parent=11833"}],"wp:term":[{"taxonomy":"product_brand","embeddable":true,"href":"https:\/\/editura-unibuc.ro\/en\/wp-json\/wp\/v2\/product_brand?post=11833"},{"taxonomy":"product_cat","embeddable":true,"href":"https:\/\/editura-unibuc.ro\/en\/wp-json\/wp\/v2\/product_cat?post=11833"},{"taxonomy":"product_tag","embeddable":true,"href":"https:\/\/editura-unibuc.ro\/en\/wp-json\/wp\/v2\/product_tag?post=11833"}],"curies":[{"name":"wp","href":"https:\/\/api.w.org\/{rel}","templated":true}]}}