{"id":11844,"date":"2013-09-27T15:20:05","date_gmt":"2013-09-27T12:20:05","guid":{"rendered":"https:\/\/editura-unibuc.ro\/?p=11844"},"modified":"2024-04-10T10:02:30","modified_gmt":"2024-04-10T07:02:30","slug":"semiotica-discursului-juridic-editia-ii","status":"publish","type":"product","link":"https:\/\/editura-unibuc.ro\/en\/semiotica-discursului-juridic-editia-ii\/","title":{"rendered":"THE SEMIOTICS OF THE JURIDICAL DISCOURSE. SECOND EDITION"},"content":{"rendered":"<p>,,Abordarea semiotic\u0103 la care am recurs ne-a permis descrierea mai adecvat\u0103 \u0219i mai complet\u0103 a structurii \u0219i func\u021bion\u0103rii diverselor nivele ale discursului juridic \u00een interdependen\u021ba lor, dar \u0219i a sistemului ca atare. \u00cen plan teoretic, rezultatele cercet\u0103rii noastre sunt menite s\u0103 contribuie la precizarea profilului discursului juridic \u00een rom\u00e2na actual\u0103; totodat\u0103, prin raportarea la lucr\u0103ri privind expresia juridic\u0103 \u00een alte limbi, am urm\u0103rit eviden\u021bierea unor \u00abuniversalii lingvistice\u00bb prezente \u0219i \u00een discursul juridic rom\u00e2nesc.\u201d (Autoarea)<\/p>\n","protected":false},"excerpt":{"rendered":"<p>,,Abordarea semiotic\u0103 la care am recurs ne-a permis descrierea mai adecvat\u0103 \u0219i mai complet\u0103 a structurii \u0219i func\u021bion\u0103rii diverselor nivele ale discursului juridic \u00een interdependen\u021ba lor, dar \u0219i a sistemului ca atare. \u00cen plan teoretic, rezultatele cercet\u0103rii noastre sunt menite s\u0103 contribuie la precizarea profilului discursului juridic \u00een rom\u00e2na actual\u0103; totodat\u0103, prin raportarea la lucr\u0103ri [&hellip;]<\/p>\n","protected":false},"featured_media":13660,"comment_status":"open","ping_status":"closed","template":"","meta":[],"product_brand":[],"product_cat":[1464,979],"product_tag":[1156,1238],"class_list":{"0":"post-11844","1":"product","2":"type-product","3":"status-publish","4":"has-post-thumbnail","6":"product_cat-filologie","7":"product_cat-limba-romana","8":"product_tag-limba-romana-contemporana","9":"product_tag-semiotica-juridica","11":"first","12":"instock","13":"shipping-taxable","14":"purchasable","15":"product-type-simple"},"_links":{"self":[{"href":"https:\/\/editura-unibuc.ro\/en\/wp-json\/wp\/v2\/product\/11844","targetHints":{"allow":["GET"]}}],"collection":[{"href":"https:\/\/editura-unibuc.ro\/en\/wp-json\/wp\/v2\/product"}],"about":[{"href":"https:\/\/editura-unibuc.ro\/en\/wp-json\/wp\/v2\/types\/product"}],"replies":[{"embeddable":true,"href":"https:\/\/editura-unibuc.ro\/en\/wp-json\/wp\/v2\/comments?post=11844"}],"wp:featuredmedia":[{"embeddable":true,"href":"https:\/\/editura-unibuc.ro\/en\/wp-json\/wp\/v2\/media\/13660"}],"wp:attachment":[{"href":"https:\/\/editura-unibuc.ro\/en\/wp-json\/wp\/v2\/media?parent=11844"}],"wp:term":[{"taxonomy":"product_brand","embeddable":true,"href":"https:\/\/editura-unibuc.ro\/en\/wp-json\/wp\/v2\/product_brand?post=11844"},{"taxonomy":"product_cat","embeddable":true,"href":"https:\/\/editura-unibuc.ro\/en\/wp-json\/wp\/v2\/product_cat?post=11844"},{"taxonomy":"product_tag","embeddable":true,"href":"https:\/\/editura-unibuc.ro\/en\/wp-json\/wp\/v2\/product_tag?post=11844"}],"curies":[{"name":"wp","href":"https:\/\/api.w.org\/{rel}","templated":true}]}}