{"id":11849,"date":"2013-09-27T15:34:44","date_gmt":"2013-09-27T12:34:44","guid":{"rendered":"https:\/\/editura-unibuc.ro\/?p=11849"},"modified":"2025-08-06T11:25:32","modified_gmt":"2025-08-06T08:25:32","slug":"constructii-verbale-prepozitionale-limba-romana","status":"publish","type":"product","link":"https:\/\/editura-unibuc.ro\/en\/constructii-verbale-prepozitionale-limba-romana\/","title":{"rendered":"PREPOSITIONAL OBJECT CONSTRUCTIONS IN ROMANIAN"},"content":{"rendered":"<p>&#8221;Cartea, prin descrierea sintactic\u0103 din prima parte, se adreseaz\u0103 cercet\u0103torilor rom\u00e2ni \u0219i str\u0103ini din domeniul gramaticii rom\u00e2ne\u0219ti, dar \u0219i studen\u021bilor de la facult\u0103\u021bile cu profil umanist [..], care urmeaz\u0103 cursuri de gramatic\u0103 rom\u00e2neasc\u0103. Prin partea sa aplicativ\u0103, din finalul lucr\u0103rii, cartea se adreseaz\u0103 tuturor studen\u021bilor care \u00eenva\u021b\u0103 rom\u00e2na ca limb\u0103 str\u0103in\u0103, plec\u00e2ndu-se de la observa\u021bia c\u0103 domeniul selec\u021biei prepozi\u021biilor este unul dintre cele mai dificile capitole de gramatic\u0103 rom\u00e2neasc\u0103. \u00cen egal\u0103 m\u0103sur\u0103, cartea poate fi folosit\u0103 \u0219i de profesorii de rom\u00e2n\u0103 angaja\u021bi \u00een diverse activit\u0103\u021bi de perfec\u021bionare sau de reciclare.&#8221; (Gabriela Pan\u0103 Dindelegan)<\/p>\n<p>Ionu\u021b Gean\u0103 (n. 1982) este cercet\u0103tor la Institutul de Lingvistic\u0103 ,,Iorgu Iordan &#8211; Al. Rosetti&#8221; din Bucure\u0219ti \u0219i colaborator al Facult\u0103\u021bii de Litere \u0219i al Facult\u0103\u021bii de Limbi \u0219i Literaturi Str\u0103ine din cadrul Universit\u0103\u021bii din Bucure\u0219ti.<\/p>","protected":false},"excerpt":{"rendered":"<p>&#8221;Cartea, prin descrierea sintactic\u0103 din prima parte, se adreseaz\u0103 cercet\u0103torilor rom\u00e2ni \u0219i str\u0103ini din domeniul gramaticii rom\u00e2ne\u0219ti, dar \u0219i studen\u021bilor de la facult\u0103\u021bile cu profil umanist [..], care urmeaz\u0103 cursuri de gramatic\u0103 rom\u00e2neasc\u0103. Prin partea sa aplicativ\u0103, din finalul lucr\u0103rii, cartea se adreseaz\u0103 tuturor studen\u021bilor care \u00eenva\u021b\u0103 rom\u00e2na ca limb\u0103 str\u0103in\u0103, plec\u00e2ndu-se de la observa\u021bia [&hellip;]<\/p>\n","protected":false},"featured_media":13659,"comment_status":"open","ping_status":"closed","template":"","meta":[],"product_brand":[],"product_cat":[1464,979],"product_tag":[1237],"class_list":{"0":"post-11849","1":"product","2":"type-product","3":"status-publish","4":"has-post-thumbnail","6":"product_cat-filologie","7":"product_cat-limba-romana","8":"product_tag-obiectul-prepozitional","10":"first","11":"instock","12":"shipping-taxable","13":"purchasable","14":"product-type-simple"},"_links":{"self":[{"href":"https:\/\/editura-unibuc.ro\/en\/wp-json\/wp\/v2\/product\/11849","targetHints":{"allow":["GET"]}}],"collection":[{"href":"https:\/\/editura-unibuc.ro\/en\/wp-json\/wp\/v2\/product"}],"about":[{"href":"https:\/\/editura-unibuc.ro\/en\/wp-json\/wp\/v2\/types\/product"}],"replies":[{"embeddable":true,"href":"https:\/\/editura-unibuc.ro\/en\/wp-json\/wp\/v2\/comments?post=11849"}],"wp:featuredmedia":[{"embeddable":true,"href":"https:\/\/editura-unibuc.ro\/en\/wp-json\/wp\/v2\/media\/13659"}],"wp:attachment":[{"href":"https:\/\/editura-unibuc.ro\/en\/wp-json\/wp\/v2\/media?parent=11849"}],"wp:term":[{"taxonomy":"product_brand","embeddable":true,"href":"https:\/\/editura-unibuc.ro\/en\/wp-json\/wp\/v2\/product_brand?post=11849"},{"taxonomy":"product_cat","embeddable":true,"href":"https:\/\/editura-unibuc.ro\/en\/wp-json\/wp\/v2\/product_cat?post=11849"},{"taxonomy":"product_tag","embeddable":true,"href":"https:\/\/editura-unibuc.ro\/en\/wp-json\/wp\/v2\/product_tag?post=11849"}],"curies":[{"name":"wp","href":"https:\/\/api.w.org\/{rel}","templated":true}]}}