{"id":11895,"date":"2013-10-02T17:22:11","date_gmt":"2013-10-02T14:22:11","guid":{"rendered":"https:\/\/editura-unibuc.ro\/?p=11895"},"modified":"2025-04-30T12:28:14","modified_gmt":"2025-04-30T09:28:14","slug":"amitie-vs-hostilite-au-moyen-age","status":"publish","type":"product","link":"https:\/\/editura-unibuc.ro\/en\/amitie-vs-hostilite-au-moyen-age\/","title":{"rendered":"AMITI\u00c9 VS. HOSTILIT\u00c9 AU MOYEN \u00c2GE"},"content":{"rendered":"<p>Colec\u021bia Mediaevalia (4)<\/p>\n<p>IN FRENCH<\/p>\n<p>Volumul colectiv al Centrului de Studii Medievale al Universit\u0103\u021bii din Bucure\u0219ti este \u00eendreptat \u00eenspre analiza conceptelor de prietenie \u0219i ostilitate \u00een Evul Mediu \u0219i Antichitatea t\u00e2rzie. Sunt prezente articole privind m\u0103rturiile despre sfin\u021bi, prietenia \u00eentru Dumnezeu \u0219i rela\u021biile cu p\u0103rin\u021bii spirituali, prietenie \u0219i ostilitate \u00een Apocalipsa apocrif\u0103 a Sf\u00e2ntului Ioan Teologul, simpatie \u0219i antipatie \u00een primele secole cre\u0219tine \u00eentre Iustin Martirul \u0219i Filosoful \u0219i Sf\u00e2ntul Ioan Gur\u0103 de Aur, prietenia \u0219i \u201edisputa\u201d \u00eentre punctele de vedere din iconografia Evului Mediu timpuriu, barbarii ca alia\u021bi \u0219i inamici \u00een scrierile istorice bizantine din secolele VI-IX, prietenul-du\u0219man \u00een opera lui Raoul de Cambrai, p\u0103m\u00e2nt, conflict \u0219i r\u00e2nduieli \u00een <em>Lancelot propre<\/em>, identitatea potrivnicului pus\u0103 la \u00eencercare \u00een <em>C\u00e2ntecul lui Guillaume<\/em> \u0219i <em>Muma lui \u0218tefan cel Mare<\/em>, conceptul de prietenie \u00een teoria iubirii a lui Thoma d\u2019Aquino, despre Islam \u00een viziunea lui Nicolaus din Cusa (convertire sau colegialitate), reflec\u021biile lui Petrarca despre prietenie \u00een <em>De vita solitaria<\/em>.<\/p>","protected":false},"excerpt":{"rendered":"<p>Colec\u021bia Mediaevalia (4) IN FRENCH Volumul colectiv al Centrului de Studii Medievale al Universit\u0103\u021bii din Bucure\u0219ti este \u00eendreptat \u00eenspre analiza conceptelor de prietenie \u0219i ostilitate \u00een Evul Mediu \u0219i Antichitatea t\u00e2rzie. Sunt prezente articole privind m\u0103rturiile despre sfin\u021bi, prietenia \u00eentru Dumnezeu \u0219i rela\u021biile cu p\u0103rin\u021bii spirituali, prietenie \u0219i ostilitate \u00een Apocalipsa apocrif\u0103 a Sf\u00e2ntului Ioan [&hellip;]<\/p>\n","protected":false},"featured_media":0,"comment_status":"open","ping_status":"closed","template":"","meta":[],"product_brand":[],"product_cat":[857],"product_tag":[889],"class_list":{"0":"post-11895","1":"product","2":"type-product","3":"status-publish","5":"product_cat-colectia-mediaevalia","6":"product_tag-moyen-age","8":"first","9":"outofstock","10":"shipping-taxable","11":"purchasable","12":"product-type-simple"},"_links":{"self":[{"href":"https:\/\/editura-unibuc.ro\/en\/wp-json\/wp\/v2\/product\/11895","targetHints":{"allow":["GET"]}}],"collection":[{"href":"https:\/\/editura-unibuc.ro\/en\/wp-json\/wp\/v2\/product"}],"about":[{"href":"https:\/\/editura-unibuc.ro\/en\/wp-json\/wp\/v2\/types\/product"}],"replies":[{"embeddable":true,"href":"https:\/\/editura-unibuc.ro\/en\/wp-json\/wp\/v2\/comments?post=11895"}],"wp:attachment":[{"href":"https:\/\/editura-unibuc.ro\/en\/wp-json\/wp\/v2\/media?parent=11895"}],"wp:term":[{"taxonomy":"product_brand","embeddable":true,"href":"https:\/\/editura-unibuc.ro\/en\/wp-json\/wp\/v2\/product_brand?post=11895"},{"taxonomy":"product_cat","embeddable":true,"href":"https:\/\/editura-unibuc.ro\/en\/wp-json\/wp\/v2\/product_cat?post=11895"},{"taxonomy":"product_tag","embeddable":true,"href":"https:\/\/editura-unibuc.ro\/en\/wp-json\/wp\/v2\/product_tag?post=11895"}],"curies":[{"name":"wp","href":"https:\/\/api.w.org\/{rel}","templated":true}]}}