{"id":11908,"date":"2013-10-07T17:13:56","date_gmt":"2013-10-07T14:13:56","guid":{"rendered":"https:\/\/editura-unibuc.ro\/?p=11908"},"modified":"2023-05-26T09:47:58","modified_gmt":"2023-05-26T06:47:58","slug":"noul-film-romanesc-un-eseu-de-antropologie-vizuala","status":"publish","type":"product","link":"https:\/\/editura-unibuc.ro\/en\/noul-film-romanesc-un-eseu-de-antropologie-vizuala\/","title":{"rendered":"THE NEW ROMANIAN MOVIE: AN ESSAY OF VISUAL ANTHROPOLOGY"},"content":{"rendered":"<p><b>Colec\u021bia CESI \u2013 Text&amp;Imagine<\/b><\/p>\n<p>IN ROMANIAN<\/p>\n<p>\u201eAntropologia tanatic\u0103 este \u00een mod special prezent\u0103, fenomenul mor\u021bii \u00een comunism sau dup\u0103 el fiind o adev\u0103rat\u0103 obsesie pentru filmul rom\u00e2nesc. La fel, drame \u00eenrudite, precum prohibi\u021bia avortului (<i>4 luni, 3 s\u0103pt\u0103m\u00e2ni \u0219i 2 zile,\u00a0<\/i>de Cristian Mungiu) sau, invers, \u00abemanciparea femeii prin masculinizare\u00bb. Omul \u00abanatomizat\u00bb, adic\u0103 cel separat de trupul s\u0103u (David Le Breton), este analizat \u00een filmul\u00a0<i>Moartea domnului L\u0103z\u0103rescu,<\/i>\u00a0dar corpul gol, \u00een a\u0219teptarea opera\u021biei chirurgicale, apare \u0219i \u00een\u00a0<i>Aurora<\/i>\u00a0(ambele de Cristian Puiu)&#8230; Cartea ne poart\u0103, incitant \u0219i original, de la antropologia imaginii cinematografice la imaginarul lumii comuniste \u0219i postcomuniste \u0219i la \u00abNoul Val\u00bb rom\u00e2nesc\u201d (Sorin Alexandrescu)<\/p>\n<p>Lucia-Simona Dinescu (Bumbu) este doctor \u00een filologie (din 2005) \u0219i cercet\u0103tor postdoctoral (<em>cluster\u00a0<\/em>CIVIS) la Centrul de Excelen\u021b\u0103 \u00een Studiul Imaginii, CESI-UB (2010-2013). Este autoarea mai multor volume, studii \u0219i articole de specialitate.<\/p>","protected":false},"excerpt":{"rendered":"<p>Colec\u021bia CESI \u2013 Text&amp;Imagine IN ROMANIAN \u201eAntropologia tanatic\u0103 este \u00een mod special prezent\u0103, fenomenul mor\u021bii \u00een comunism sau dup\u0103 el fiind o adev\u0103rat\u0103 obsesie pentru filmul rom\u00e2nesc. La fel, drame \u00eenrudite, precum prohibi\u021bia avortului (4 luni, 3 s\u0103pt\u0103m\u00e2ni \u0219i 2 zile,\u00a0de Cristian Mungiu) sau, invers, \u00abemanciparea femeii prin masculinizare\u00bb. Omul \u00abanatomizat\u00bb, adic\u0103 cel separat de [&hellip;]<\/p>\n","protected":false},"featured_media":0,"comment_status":"open","ping_status":"closed","template":"","meta":[],"product_brand":[],"product_cat":[1531,851,1464,979],"product_tag":[887,888],"class_list":{"0":"post-11908","1":"product","2":"type-product","3":"status-publish","5":"product_cat-colectii","6":"product_cat-cesi-text-imagine","7":"product_cat-filologie","8":"product_cat-limba-romana","9":"product_tag-antropologie-vizuala","10":"product_tag-cinematografia-romaneasca","12":"first","13":"outofstock","14":"shipping-taxable","15":"purchasable","16":"product-type-simple"},"_links":{"self":[{"href":"https:\/\/editura-unibuc.ro\/en\/wp-json\/wp\/v2\/product\/11908","targetHints":{"allow":["GET"]}}],"collection":[{"href":"https:\/\/editura-unibuc.ro\/en\/wp-json\/wp\/v2\/product"}],"about":[{"href":"https:\/\/editura-unibuc.ro\/en\/wp-json\/wp\/v2\/types\/product"}],"replies":[{"embeddable":true,"href":"https:\/\/editura-unibuc.ro\/en\/wp-json\/wp\/v2\/comments?post=11908"}],"wp:attachment":[{"href":"https:\/\/editura-unibuc.ro\/en\/wp-json\/wp\/v2\/media?parent=11908"}],"wp:term":[{"taxonomy":"product_brand","embeddable":true,"href":"https:\/\/editura-unibuc.ro\/en\/wp-json\/wp\/v2\/product_brand?post=11908"},{"taxonomy":"product_cat","embeddable":true,"href":"https:\/\/editura-unibuc.ro\/en\/wp-json\/wp\/v2\/product_cat?post=11908"},{"taxonomy":"product_tag","embeddable":true,"href":"https:\/\/editura-unibuc.ro\/en\/wp-json\/wp\/v2\/product_tag?post=11908"}],"curies":[{"name":"wp","href":"https:\/\/api.w.org\/{rel}","templated":true}]}}