{"id":11945,"date":"2013-10-09T14:04:35","date_gmt":"2013-10-09T11:04:35","guid":{"rendered":"https:\/\/editura-unibuc.ro\/?p=11945"},"modified":"2018-05-08T09:59:48","modified_gmt":"2018-05-08T06:59:48","slug":"principii-si-tehnici-de-analiza-imunologica-si-moleculara-utilizate-laboratorul-clinic","status":"publish","type":"product","link":"https:\/\/editura-unibuc.ro\/en\/principii-si-tehnici-de-analiza-imunologica-si-moleculara-utilizate-laboratorul-clinic\/","title":{"rendered":"PRINCIPLES AND TECHNIQUES OF MOLECULAR AND IMMUNOLOGICAL ANALYSIS USED IN CLINICAL LABORATORY"},"content":{"rendered":"<p>IN ROMANIAN<\/p>\n<p>Lucrarea prezint\u0103 metodele de lucru utilizate \u00een diferite ramuri ale imunologiei: metode serologice \u0219i de diagnostic molecular al infec\u021biilor microbiene, metode de analiz\u0103 imunochimic\u0103 a proteinelor sanguine ale c\u0103ror varia\u021bii cantitative sunt indicatoare ale maladiilor diferitelor sisteme de organe, la care se adaug\u0103 capitolele de imunocitologie, de imunohematologie, de determinare a compatibilit\u0103\u021bii tisulare donor-receptor \u00een clinica de transplant \u0219i cel destinat metodologiei de lucru \u00een laboratorul de virologie, de la metoda clasic\u0103 a izol\u0103rii virusurilor pe culturi de celule, p\u00e2n\u0103 la diagnosticul molecular.<\/p>\n<p>Leucocitele circulante, ale c\u0103ror varia\u021bii numerice indic\u0103 existen\u021ba unor procese infec\u021bioase sau leucemice sunt tratate de pe pozi\u021bia metodologiei moderne a citometriei \u00een flux, o tehnologie de maxim\u0103 utilitate at\u00e2t pentru diagnostic, c\u00e2t \u0219i pentru cercetare.<\/p>\n<p>Manualul ofer\u0103 studen\u021bilor, masteranzilor \u0219i doctoranzilor Facult\u0103\u021bii de Biologie \u0219i celor de profil medical uman sau veterinar, precum \u0219i speciali\u0219tilor, oportunitatea de a consulta o lucrare heterogen\u0103 prin diversitatea metodologiei, dar unitar\u0103 ca mod de prezentare, a unui con\u021binut \u0219tiin\u021bific bogat, clar \u0219i accesibil \u0219i cu o ilustra\u021bie adecvat\u0103.<\/p>","protected":false},"excerpt":{"rendered":"<p>IN ROMANIAN Lucrarea prezint\u0103 metodele de lucru utilizate \u00een diferite ramuri ale imunologiei: metode serologice \u0219i de diagnostic molecular al infec\u021biilor microbiene, metode de analiz\u0103 imunochimic\u0103 a proteinelor sanguine ale c\u0103ror varia\u021bii cantitative sunt indicatoare ale maladiilor diferitelor sisteme de organe, la care se adaug\u0103 capitolele de imunocitologie, de imunohematologie, de determinare a compatibilit\u0103\u021bii tisulare [&hellip;]<\/p>\n","protected":false},"featured_media":0,"comment_status":"open","ping_status":"closed","template":"","meta":[],"product_brand":[],"product_cat":[1466,988],"product_tag":[1232,1233],"class_list":{"0":"post-11945","1":"product","2":"type-product","3":"status-publish","5":"product_cat-stiinte-ale-naturii","6":"product_cat-biologie","7":"product_tag-imunologie","8":"product_tag-virologie","10":"first","11":"outofstock","12":"shipping-taxable","13":"purchasable","14":"product-type-simple"},"_links":{"self":[{"href":"https:\/\/editura-unibuc.ro\/en\/wp-json\/wp\/v2\/product\/11945","targetHints":{"allow":["GET"]}}],"collection":[{"href":"https:\/\/editura-unibuc.ro\/en\/wp-json\/wp\/v2\/product"}],"about":[{"href":"https:\/\/editura-unibuc.ro\/en\/wp-json\/wp\/v2\/types\/product"}],"replies":[{"embeddable":true,"href":"https:\/\/editura-unibuc.ro\/en\/wp-json\/wp\/v2\/comments?post=11945"}],"wp:attachment":[{"href":"https:\/\/editura-unibuc.ro\/en\/wp-json\/wp\/v2\/media?parent=11945"}],"wp:term":[{"taxonomy":"product_brand","embeddable":true,"href":"https:\/\/editura-unibuc.ro\/en\/wp-json\/wp\/v2\/product_brand?post=11945"},{"taxonomy":"product_cat","embeddable":true,"href":"https:\/\/editura-unibuc.ro\/en\/wp-json\/wp\/v2\/product_cat?post=11945"},{"taxonomy":"product_tag","embeddable":true,"href":"https:\/\/editura-unibuc.ro\/en\/wp-json\/wp\/v2\/product_tag?post=11945"}],"curies":[{"name":"wp","href":"https:\/\/api.w.org\/{rel}","templated":true}]}}