{"id":1196,"date":"2012-09-04T13:36:05","date_gmt":"2012-09-04T10:36:05","guid":{"rendered":"https:\/\/editura-unibuc.ro\/?p=1196"},"modified":"2015-03-12T22:49:08","modified_gmt":"2015-03-12T20:49:08","slug":"la-communication-telediffusee","status":"publish","type":"product","link":"https:\/\/editura-unibuc.ro\/en\/la-communication-telediffusee\/","title":{"rendered":"THE TV COMMUNICATION"},"content":{"rendered":"<p>Ce livre se propose une approche communicative, sociolinguistique et sociopragmatique de quelques corpus fran\u00e7ais et roumains t\u00e9l\u00e9diffus\u00e9s, tout en instant sur le rapport qui existe entre la communication t\u00e9l\u00e9visuelle et la communication verbale t\u00e9l\u00e9diffus\u00e9e: celle-ci repr\u00e9sente le message m\u00e9diatique de celle-l\u00e0. Les conditions de r\u00e9alisation et de transmission sp\u00e9cifiques \u00e0 la communication t\u00e9l\u00e9visuelle affectent la communication verbale t\u00e9l\u00e9diffus\u00e9e, la rendant diff\u00e9rente de la communication verbale non-m\u00e9diate.<\/p>\n","protected":false},"excerpt":{"rendered":"<p>Ce livre se propose une approche communicative, sociolinguistique et sociopragmatique de quelques corpus fran\u00e7ais et roumains t\u00e9l\u00e9diffus\u00e9s, tout en instant sur le rapport qui existe entre la communication t\u00e9l\u00e9visuelle et la communication verbale t\u00e9l\u00e9diffus\u00e9e: celle-ci repr\u00e9sente le message m\u00e9diatique de celle-l\u00e0. Les conditions de r\u00e9alisation et de transmission sp\u00e9cifiques \u00e0 la communication t\u00e9l\u00e9visuelle affectent la [&hellip;]<\/p>\n","protected":false},"featured_media":11223,"comment_status":"open","ping_status":"closed","template":"","meta":[],"product_brand":[],"product_cat":[1464,977],"product_tag":[1202,877],"class_list":{"0":"post-1196","1":"product","2":"type-product","3":"status-publish","4":"has-post-thumbnail","6":"product_cat-filologie","7":"product_cat-limba-franceza","8":"product_tag-comunicare","9":"product_tag-franceza","11":"first","12":"instock","13":"shipping-taxable","14":"purchasable","15":"product-type-simple"},"_links":{"self":[{"href":"https:\/\/editura-unibuc.ro\/en\/wp-json\/wp\/v2\/product\/1196","targetHints":{"allow":["GET"]}}],"collection":[{"href":"https:\/\/editura-unibuc.ro\/en\/wp-json\/wp\/v2\/product"}],"about":[{"href":"https:\/\/editura-unibuc.ro\/en\/wp-json\/wp\/v2\/types\/product"}],"replies":[{"embeddable":true,"href":"https:\/\/editura-unibuc.ro\/en\/wp-json\/wp\/v2\/comments?post=1196"}],"wp:featuredmedia":[{"embeddable":true,"href":"https:\/\/editura-unibuc.ro\/en\/wp-json\/wp\/v2\/media\/11223"}],"wp:attachment":[{"href":"https:\/\/editura-unibuc.ro\/en\/wp-json\/wp\/v2\/media?parent=1196"}],"wp:term":[{"taxonomy":"product_brand","embeddable":true,"href":"https:\/\/editura-unibuc.ro\/en\/wp-json\/wp\/v2\/product_brand?post=1196"},{"taxonomy":"product_cat","embeddable":true,"href":"https:\/\/editura-unibuc.ro\/en\/wp-json\/wp\/v2\/product_cat?post=1196"},{"taxonomy":"product_tag","embeddable":true,"href":"https:\/\/editura-unibuc.ro\/en\/wp-json\/wp\/v2\/product_tag?post=1196"}],"curies":[{"name":"wp","href":"https:\/\/api.w.org\/{rel}","templated":true}]}}