{"id":11966,"date":"2013-10-21T15:10:35","date_gmt":"2013-10-21T12:10:35","guid":{"rendered":"https:\/\/editura-unibuc.ro\/?p=11966"},"modified":"2019-11-06T11:14:14","modified_gmt":"2019-11-06T09:14:14","slug":"filosofia-japoneza-azi","status":"publish","type":"product","link":"https:\/\/editura-unibuc.ro\/en\/filosofia-japoneza-azi\/","title":{"rendered":"CONTEMPORARY JAPANESE PHILOSOPHY"},"content":{"rendered":"<p>IN ROMANIAN<\/p>\n<p>,,Acest volum este probabil prima \u00eencercare de a aduce \u00een limba rom\u00e2n\u0103 o varietate de teme \u0219i contribu\u021bii ale filosofilor japonezi. Scopul s\u0103u este de a pune laolalt\u0103 lucr\u0103ri din zone foarte diferite ale filosofiei, astfel \u00eenc\u00e2t s\u0103 aib\u0103 la dispozi\u021bie un bun e\u0219antion al filosofiei japoneze contemporane<i>.<\/i>&#8221; (Shunzo Majima)<\/p>\n<p>,,Cartea pe care o ave\u021bi \u00een fa\u021b\u0103 este parte a unui demers \u00ab\u00a0\u00een oglind\u0103\u00a0\u00bb. \u00cen acela\u0219i timp cu apari\u021bia sa, la Editura Universit\u0103\u021bii Hokkaido va ap\u0103rea un volum de filosofie rom\u00e2neasc\u0103, cuprinz\u00e2nd o selec\u021bie de texte filosofice rom\u00e2ne\u0219ti contemporane, selectate dup\u0103 acelea\u0219i criterii generale ca \u0219i articolele cuprinse aici.&#8221; (Emanuel-Mihail Socaciu)<\/p>","protected":false},"excerpt":{"rendered":"<p>IN ROMANIAN ,,Acest volum este probabil prima \u00eencercare de a aduce \u00een limba rom\u00e2n\u0103 o varietate de teme \u0219i contribu\u021bii ale filosofilor japonezi. Scopul s\u0103u este de a pune laolalt\u0103 lucr\u0103ri din zone foarte diferite ale filosofiei, astfel \u00eenc\u00e2t s\u0103 aib\u0103 la dispozi\u021bie un bun e\u0219antion al filosofiei japoneze contemporane.&#8221; (Shunzo Majima) ,,Cartea pe care [&hellip;]<\/p>\n","protected":false},"featured_media":0,"comment_status":"open","ping_status":"closed","template":"","meta":[],"product_brand":[],"product_cat":[991,994],"product_tag":[1230,1231],"class_list":{"0":"post-11966","1":"product","2":"type-product","3":"status-publish","5":"product_cat-stiinte-sociale","6":"product_cat-filosofie","7":"product_tag-filosofia-contemporana","8":"product_tag-filosofia-japoneza","10":"first","11":"outofstock","12":"shipping-taxable","13":"purchasable","14":"product-type-simple"},"_links":{"self":[{"href":"https:\/\/editura-unibuc.ro\/en\/wp-json\/wp\/v2\/product\/11966","targetHints":{"allow":["GET"]}}],"collection":[{"href":"https:\/\/editura-unibuc.ro\/en\/wp-json\/wp\/v2\/product"}],"about":[{"href":"https:\/\/editura-unibuc.ro\/en\/wp-json\/wp\/v2\/types\/product"}],"replies":[{"embeddable":true,"href":"https:\/\/editura-unibuc.ro\/en\/wp-json\/wp\/v2\/comments?post=11966"}],"wp:attachment":[{"href":"https:\/\/editura-unibuc.ro\/en\/wp-json\/wp\/v2\/media?parent=11966"}],"wp:term":[{"taxonomy":"product_brand","embeddable":true,"href":"https:\/\/editura-unibuc.ro\/en\/wp-json\/wp\/v2\/product_brand?post=11966"},{"taxonomy":"product_cat","embeddable":true,"href":"https:\/\/editura-unibuc.ro\/en\/wp-json\/wp\/v2\/product_cat?post=11966"},{"taxonomy":"product_tag","embeddable":true,"href":"https:\/\/editura-unibuc.ro\/en\/wp-json\/wp\/v2\/product_tag?post=11966"}],"curies":[{"name":"wp","href":"https:\/\/api.w.org\/{rel}","templated":true}]}}