{"id":11994,"date":"2013-10-24T16:54:18","date_gmt":"2013-10-24T13:54:18","guid":{"rendered":"https:\/\/editura-unibuc.ro\/?p=11994"},"modified":"2024-04-10T10:05:02","modified_gmt":"2024-04-10T07:05:02","slug":"curs-de-educatie-fizica-pentru-studentii-universitatii-din-bucuresti","status":"publish","type":"product","link":"https:\/\/editura-unibuc.ro\/en\/curs-de-educatie-fizica-pentru-studentii-universitatii-din-bucuresti\/","title":{"rendered":"PHYSICAL EDUCATION COURSE FOR THE UNIVERSITY OF BUCHAREST STUDENTS"},"content":{"rendered":"<p>IN ROMANIAN<\/p>\n<p>\u201e\u00cen condi\u021biile evolu\u021biei tehnico-\u0219tiin\u021bifice contemporane, activit\u0103\u021bile sportive sunt factori importan\u021bi \u00een alc\u0103tuirea unui mod de via\u021b\u0103 \u0219i de munc\u0103 ra\u021bional. Cercet\u0103torii din \u021bara noastr\u0103 au constatat tendin\u021be negative \u00een dezvoltarea motric\u0103, \u00een special a indicilor de rezisten\u021b\u0103 fizic\u0103 a organismului tinerilor. Acestea sunt determinate de alimenta\u021bia necorespunz\u0103toare \u0219i de sedentarismul exagerat\u201d, specific\u0103 autorii \u00een\u00a0<i>Introducere.<\/i><\/p>","protected":false},"excerpt":{"rendered":"<p>IN ROMANIAN \u201e\u00cen condi\u021biile evolu\u021biei tehnico-\u0219tiin\u021bifice contemporane, activit\u0103\u021bile sportive sunt factori importan\u021bi \u00een alc\u0103tuirea unui mod de via\u021b\u0103 \u0219i de munc\u0103 ra\u021bional. Cercet\u0103torii din \u021bara noastr\u0103 au constatat tendin\u021be negative \u00een dezvoltarea motric\u0103, \u00een special a indicilor de rezisten\u021b\u0103 fizic\u0103 a organismului tinerilor. Acestea sunt determinate de alimenta\u021bia necorespunz\u0103toare \u0219i de sedentarismul exagerat\u201d, specific\u0103 autorii [&hellip;]<\/p>\n","protected":false},"featured_media":0,"comment_status":"open","ping_status":"closed","template":"","meta":[],"product_brand":[],"product_cat":[993,991],"product_tag":[1166],"class_list":{"0":"post-11994","1":"product","2":"type-product","3":"status-publish","5":"product_cat-educatie-fizica-si-sport","6":"product_cat-stiinte-sociale","7":"product_tag-educatie-fizica","9":"first","10":"instock","11":"shipping-taxable","12":"purchasable","13":"product-type-simple"},"_links":{"self":[{"href":"https:\/\/editura-unibuc.ro\/en\/wp-json\/wp\/v2\/product\/11994","targetHints":{"allow":["GET"]}}],"collection":[{"href":"https:\/\/editura-unibuc.ro\/en\/wp-json\/wp\/v2\/product"}],"about":[{"href":"https:\/\/editura-unibuc.ro\/en\/wp-json\/wp\/v2\/types\/product"}],"replies":[{"embeddable":true,"href":"https:\/\/editura-unibuc.ro\/en\/wp-json\/wp\/v2\/comments?post=11994"}],"wp:attachment":[{"href":"https:\/\/editura-unibuc.ro\/en\/wp-json\/wp\/v2\/media?parent=11994"}],"wp:term":[{"taxonomy":"product_brand","embeddable":true,"href":"https:\/\/editura-unibuc.ro\/en\/wp-json\/wp\/v2\/product_brand?post=11994"},{"taxonomy":"product_cat","embeddable":true,"href":"https:\/\/editura-unibuc.ro\/en\/wp-json\/wp\/v2\/product_cat?post=11994"},{"taxonomy":"product_tag","embeddable":true,"href":"https:\/\/editura-unibuc.ro\/en\/wp-json\/wp\/v2\/product_tag?post=11994"}],"curies":[{"name":"wp","href":"https:\/\/api.w.org\/{rel}","templated":true}]}}