{"id":11999,"date":"2013-10-24T17:18:48","date_gmt":"2013-10-24T14:18:48","guid":{"rendered":"https:\/\/editura-unibuc.ro\/?p=11999"},"modified":"2015-03-13T02:28:35","modified_gmt":"2015-03-13T00:28:35","slug":"syntax-acquisition-particles-english-hungarian-romanian-sintaxa-si-achizitia-particulelor-limbile-engleza-maghiara-si-romana","status":"publish","type":"product","link":"https:\/\/editura-unibuc.ro\/en\/syntax-acquisition-particles-english-hungarian-romanian-sintaxa-si-achizitia-particulelor-limbile-engleza-maghiara-si-romana\/","title":{"rendered":"THE SYNTAX AND ACQUISITION OF PARTICLES IN ENGLISH, HUNGARIAN AND ROMANIAN \u2013 SINTAXA \u0218I ACHIZI\u021aIA PARTICULELOR \u00ceN LIMBILE ENGLEZ\u0102, MAGHIAR\u0102 \u0218I ROM\u00c2N\u0102"},"content":{"rendered":"<p>IN ENGLISH<\/p>\n<p>\u201eLucrarea reprezint\u0103 o contribu\u021bie foarte valoroas\u0103 \u0219i original\u0103, at\u00e2t din punct de vedere descriptiv c\u00e2t \u0219i teoretic, la definirea proiec\u021biilor sintactice \u0219i a semanticii particulelor din cele trei limbi analizate (englez\u0103, rom\u00e2n\u0103 \u0219i maghiar\u0103). Propunerea reclasific\u0103rii elementelor locative \u0219i de direc\u021bie din limba rom\u00e2n\u0103 ca particule, pe baza propriet\u0103\u021bilor lor de selec\u021bie, \u0219i considerate adverbe \u00een gramatica tradi\u021bional\u0103, reprezint\u0103 o contribu\u021bie teoretic\u0103 remarcabil\u0103.\u201d (prof. dr. Ilinca Cr\u0103iniceanu)<\/p>\n<p>,,Elementul cel mai valoros al lucr\u0103rii \u00eel reprezint\u0103 excep\u021bionalul material faptic colectat \u0219i comentat, at\u00e2t pentru limba englez\u0103, c\u00e2t \u0219i pentru limba rom\u00e2n\u0103. \u00cen ansamblu, avem de a face cu o lucrare foarte valoroas\u0103, rodul \u00een\u021belegerii aprofundate a unor sisteme de analiz\u0103 (analiza sintactic\u0103, analiza datelor). Lucrarea demonstraz\u0103 \u0219i o adev\u0103rat\u0103 \u0219i l\u0103udabil\u0103 pasiune pentru frumuse\u021bea limbilor studiate, pasiune manifestat\u0103 \u00een frumuse\u021bea des\u0103v\u00e2r\u0219it\u0103 a exemplelor.\u201d (prof. dr. Alexandra Cornilescu)<\/p>","protected":false},"excerpt":{"rendered":"<p>IN ENGLISH \u201eLucrarea reprezint\u0103 o contribu\u021bie foarte valoroas\u0103 \u0219i original\u0103, at\u00e2t din punct de vedere descriptiv c\u00e2t \u0219i teoretic, la definirea proiec\u021biilor sintactice \u0219i a semanticii particulelor din cele trei limbi analizate (englez\u0103, rom\u00e2n\u0103 \u0219i maghiar\u0103). Propunerea reclasific\u0103rii elementelor locative \u0219i de direc\u021bie din limba rom\u00e2n\u0103 ca particule, pe baza propriet\u0103\u021bilor lor de selec\u021bie, \u0219i [&hellip;]<\/p>\n","protected":false},"featured_media":0,"comment_status":"open","ping_status":"closed","template":"","meta":[],"product_brand":[],"product_cat":[1464,976,979],"product_tag":[1226,1227,1055,1228,1011],"class_list":{"0":"post-11999","1":"product","2":"type-product","3":"status-publish","5":"product_cat-filologie","6":"product_cat-limba-engleza","7":"product_cat-limba-romana","8":"product_tag-analiza-datelor","9":"product_tag-analiza-sintactica","10":"product_tag-limba-engleza","11":"product_tag-limba-maghiara","12":"product_tag-limba-romana","14":"first","15":"instock","16":"shipping-taxable","17":"purchasable","18":"product-type-simple"},"_links":{"self":[{"href":"https:\/\/editura-unibuc.ro\/en\/wp-json\/wp\/v2\/product\/11999","targetHints":{"allow":["GET"]}}],"collection":[{"href":"https:\/\/editura-unibuc.ro\/en\/wp-json\/wp\/v2\/product"}],"about":[{"href":"https:\/\/editura-unibuc.ro\/en\/wp-json\/wp\/v2\/types\/product"}],"replies":[{"embeddable":true,"href":"https:\/\/editura-unibuc.ro\/en\/wp-json\/wp\/v2\/comments?post=11999"}],"wp:attachment":[{"href":"https:\/\/editura-unibuc.ro\/en\/wp-json\/wp\/v2\/media?parent=11999"}],"wp:term":[{"taxonomy":"product_brand","embeddable":true,"href":"https:\/\/editura-unibuc.ro\/en\/wp-json\/wp\/v2\/product_brand?post=11999"},{"taxonomy":"product_cat","embeddable":true,"href":"https:\/\/editura-unibuc.ro\/en\/wp-json\/wp\/v2\/product_cat?post=11999"},{"taxonomy":"product_tag","embeddable":true,"href":"https:\/\/editura-unibuc.ro\/en\/wp-json\/wp\/v2\/product_tag?post=11999"}],"curies":[{"name":"wp","href":"https:\/\/api.w.org\/{rel}","templated":true}]}}