{"id":1202,"date":"2012-09-04T13:44:48","date_gmt":"2012-09-04T10:44:48","guid":{"rendered":"https:\/\/editura-unibuc.ro\/?p=1202"},"modified":"2024-04-12T11:06:23","modified_gmt":"2024-04-12T08:06:23","slug":"biotransformarea-xenobioticelor-aspecte-generale","status":"publish","type":"product","link":"https:\/\/editura-unibuc.ro\/en\/biotransformarea-xenobioticelor-aspecte-generale\/","title":{"rendered":"XENOBIOTICS BIOTRANSFORMATION. General Aspects"},"content":{"rendered":"<p>\u00cen cele dou\u0103 mari capitole, lucrarea prezint\u0103 fazele biotransform\u0103rii xenobioticelor, analiz\u00e2nd \u00een detaliu procesele de oxidare, reducere \u0219i hidroliz\u0103 specifice etapei I, \u0219i cele de glucuronoconjugare, sulfoconjugare si glutationconjugare, caracteristice celui de-a doua etape. O aten\u021bie deosebit\u0103 a fost acordat\u0103 proceselor de epoxidare, hidroxilare la carbon alifatic \u0219i aromatic \u0219i cooxidare, \u00een toate cazurile fiind eviden\u021biat\u0103 \u0219i ac\u021biunea cancerigen\u0103 a unor toxici implica\u021bi \u00een aceste procese, ca \u0219i a metaboli\u021bilor acestora. De asemenea, au fost studiate \u0219i prezentate mecanismele de formare ale speciilor reactive de oxigen \u0219i radicalilor liberi \u0219i, \u00een acest context, importan\u021ba glutationului \u00een calitate de antioxidant. Lucrarea eviden\u021biaz\u0103 aspectele toxicodinamice ale ac\u021biunii poluan\u021bilor anorganici asupra organismului uman, o importan\u021b\u0103 aparte fiind acordat\u0103 eviden\u021bierii efectelor nocive ale cianurilor.<\/p>","protected":false},"excerpt":{"rendered":"<p>\u00cen cele dou\u0103 mari capitole, lucrarea prezint\u0103 fazele biotransform\u0103rii xenobioticelor, analiz\u00e2nd \u00een detaliu procesele de oxidare, reducere \u0219i hidroliz\u0103 specifice etapei I, \u0219i cele de glucuronoconjugare, sulfoconjugare si glutationconjugare, caracteristice celui de-a doua etape. O aten\u021bie deosebit\u0103 a fost acordat\u0103 proceselor de epoxidare, hidroxilare la carbon alifatic \u0219i aromatic \u0219i cooxidare, \u00een toate cazurile fiind [&hellip;]<\/p>\n","protected":false},"featured_media":11220,"comment_status":"open","ping_status":"closed","template":"","meta":[],"product_brand":[],"product_cat":[1466,988],"product_tag":[904],"class_list":{"0":"post-1202","1":"product","2":"type-product","3":"status-publish","4":"has-post-thumbnail","6":"product_cat-stiinte-ale-naturii","7":"product_cat-biologie","8":"product_tag-biologie","10":"first","11":"instock","12":"shipping-taxable","13":"purchasable","14":"product-type-simple"},"_links":{"self":[{"href":"https:\/\/editura-unibuc.ro\/en\/wp-json\/wp\/v2\/product\/1202","targetHints":{"allow":["GET"]}}],"collection":[{"href":"https:\/\/editura-unibuc.ro\/en\/wp-json\/wp\/v2\/product"}],"about":[{"href":"https:\/\/editura-unibuc.ro\/en\/wp-json\/wp\/v2\/types\/product"}],"replies":[{"embeddable":true,"href":"https:\/\/editura-unibuc.ro\/en\/wp-json\/wp\/v2\/comments?post=1202"}],"wp:featuredmedia":[{"embeddable":true,"href":"https:\/\/editura-unibuc.ro\/en\/wp-json\/wp\/v2\/media\/11220"}],"wp:attachment":[{"href":"https:\/\/editura-unibuc.ro\/en\/wp-json\/wp\/v2\/media?parent=1202"}],"wp:term":[{"taxonomy":"product_brand","embeddable":true,"href":"https:\/\/editura-unibuc.ro\/en\/wp-json\/wp\/v2\/product_brand?post=1202"},{"taxonomy":"product_cat","embeddable":true,"href":"https:\/\/editura-unibuc.ro\/en\/wp-json\/wp\/v2\/product_cat?post=1202"},{"taxonomy":"product_tag","embeddable":true,"href":"https:\/\/editura-unibuc.ro\/en\/wp-json\/wp\/v2\/product_tag?post=1202"}],"curies":[{"name":"wp","href":"https:\/\/api.w.org\/{rel}","templated":true}]}}