{"id":12026,"date":"2013-10-28T15:33:38","date_gmt":"2013-10-28T12:33:38","guid":{"rendered":"https:\/\/editura-unibuc.ro\/?p=12026"},"modified":"2015-10-27T13:26:48","modified_gmt":"2015-10-27T11:26:48","slug":"jocul-de-sah-fundamente-teoretice","status":"publish","type":"product","link":"https:\/\/editura-unibuc.ro\/en\/jocul-de-sah-fundamente-teoretice\/","title":{"rendered":"CHESS \u2013 THEORETICAL BASIS"},"content":{"rendered":"<p>IN ROMANIAN<\/p>\n<p>\u201e\u00cen anul 2007 am introdus \u00een oferta educa\u021bional\u0103 a DEFS disciplina \u0218ah, ob\u021bin\u00e2nd p\u00e2n\u0103 \u00een prezent numeroase rezultate la nivel na\u021bional \u00een cadrul competi\u021biilor universitare \u0219i reu\u0219ind de-a lungul timpului s\u0103 reunesc \u00een cadrul reprezentativei UB studen\u021bi posesori ai categoriei CM, I, II, III, printre care \u0219i o component\u0103 a Lotului Na\u021bional al Rom\u00e2niei (\u00een primele 10 juc\u0103toare). Am publicat acest curs pentru a veni \u00een ajutorul studen\u021bilor \u00eencep\u0103tori \u0219i de nivel mediu \u00een a\u0219a fel \u00eenc\u00e2t ace\u0219tia s\u0103 cunoasc\u0103 evolu\u021bia \u0219i tainele acestei discipline\u201d, noteaz\u0103 autorul.<br \/>\nRemus Dumitrescu a ob\u021binut \u00een anul 2007 titlul de doctor \u00een domeniul \u0218tiin\u021bele educa\u021biei \u00een cadrul ANEFS Bucure\u0219ti, iar \u00een 2011 titlul de master \u00een informatic\u0103 (specializarea biostatistic\u0103) \u00een cadrul Universit\u0103\u021bii din Bucure\u0219ti, Facultatea de Matematic\u0103 \u0219i Informatic\u0103.<\/p>","protected":false},"excerpt":{"rendered":"<p>IN ROMANIAN \u201e\u00cen anul 2007 am introdus \u00een oferta educa\u021bional\u0103 a DEFS disciplina \u0218ah, ob\u021bin\u00e2nd p\u00e2n\u0103 \u00een prezent numeroase rezultate la nivel na\u021bional \u00een cadrul competi\u021biilor universitare \u0219i reu\u0219ind de-a lungul timpului s\u0103 reunesc \u00een cadrul reprezentativei UB studen\u021bi posesori ai categoriei CM, I, II, III, printre care \u0219i o component\u0103 a Lotului Na\u021bional al [&hellip;]<\/p>\n","protected":false},"featured_media":0,"comment_status":"open","ping_status":"closed","template":"","meta":[],"product_brand":[],"product_cat":[993,991],"product_tag":[1106],"class_list":{"0":"post-12026","1":"product","2":"type-product","3":"status-publish","5":"product_cat-educatie-fizica-si-sport","6":"product_cat-stiinte-sociale","7":"product_tag-sah","9":"first","10":"outofstock","11":"shipping-taxable","12":"purchasable","13":"product-type-simple"},"_links":{"self":[{"href":"https:\/\/editura-unibuc.ro\/en\/wp-json\/wp\/v2\/product\/12026","targetHints":{"allow":["GET"]}}],"collection":[{"href":"https:\/\/editura-unibuc.ro\/en\/wp-json\/wp\/v2\/product"}],"about":[{"href":"https:\/\/editura-unibuc.ro\/en\/wp-json\/wp\/v2\/types\/product"}],"replies":[{"embeddable":true,"href":"https:\/\/editura-unibuc.ro\/en\/wp-json\/wp\/v2\/comments?post=12026"}],"wp:attachment":[{"href":"https:\/\/editura-unibuc.ro\/en\/wp-json\/wp\/v2\/media?parent=12026"}],"wp:term":[{"taxonomy":"product_brand","embeddable":true,"href":"https:\/\/editura-unibuc.ro\/en\/wp-json\/wp\/v2\/product_brand?post=12026"},{"taxonomy":"product_cat","embeddable":true,"href":"https:\/\/editura-unibuc.ro\/en\/wp-json\/wp\/v2\/product_cat?post=12026"},{"taxonomy":"product_tag","embeddable":true,"href":"https:\/\/editura-unibuc.ro\/en\/wp-json\/wp\/v2\/product_tag?post=12026"}],"curies":[{"name":"wp","href":"https:\/\/api.w.org\/{rel}","templated":true}]}}