{"id":12032,"date":"2013-10-28T15:53:13","date_gmt":"2013-10-28T12:53:13","guid":{"rendered":"https:\/\/editura-unibuc.ro\/?p=12032"},"modified":"2015-03-16T13:14:47","modified_gmt":"2015-03-16T11:14:47","slug":"asklepios-si-herakles-la-kos-configurari-si-identitati","status":"publish","type":"product","link":"https:\/\/editura-unibuc.ro\/en\/asklepios-si-herakles-la-kos-configurari-si-identitati\/","title":{"rendered":"ASKLEPIOS AND HERACLES IN KOS. CONFIGURATIONS AND IDENTITIES"},"content":{"rendered":"<p>IN ROMANIAN<\/p>\n<p>\u00cen anul 366 a.C., la Kos, are loc un eveniment fundamental pentru grecii din insul\u0103, eveniment care poart\u0103 numele de synoikismos. Aceast\u0103 ini\u021biativ\u0103, exprim\u00e2nd constituirea unei comunit\u0103\u021bi politice \u0219i fondarea ora\u0219ului care ia numele insulei, d\u0103 prilejul (re)structur\u0103rii universului civic concret \u0219i simbolic, \u00eencuraj\u00e2nd \u0219i o produc\u021bie epigrafic\u0103 remarcabil\u0103 relativ\u0103 la via\u021ba religioas\u0103. Cartea aceasta are \u00een centru rela\u021biile \u021besute \u00eentre Herakles \u0219i Asklepios la Kos, felul \u00een care \u00een jurul acestor figuri divine nodale se contureaz\u0103 re\u021bele concurente sau complementare de mitologii locale, crea\u021bii literare asociate insulei, ini\u021biative constructive sau demersuri de promovare a cultului \u00een epocile elenistic\u0103 \u0219i roman\u0103.<\/p>","protected":false},"excerpt":{"rendered":"<p>IN ROMANIAN \u00cen anul 366 a.C., la Kos, are loc un eveniment fundamental pentru grecii din insul\u0103, eveniment care poart\u0103 numele de synoikismos. Aceast\u0103 ini\u021biativ\u0103, exprim\u00e2nd constituirea unei comunit\u0103\u021bi politice \u0219i fondarea ora\u0219ului care ia numele insulei, d\u0103 prilejul (re)structur\u0103rii universului civic concret \u0219i simbolic, \u00eencuraj\u00e2nd \u0219i o produc\u021bie epigrafic\u0103 remarcabil\u0103 relativ\u0103 la via\u021ba religioas\u0103. [&hellip;]<\/p>\n","protected":false},"featured_media":13665,"comment_status":"open","ping_status":"closed","template":"","meta":[],"product_brand":[],"product_cat":[991,995],"product_tag":[944,1224],"class_list":{"0":"post-12032","1":"product","2":"type-product","3":"status-publish","4":"has-post-thumbnail","6":"product_cat-stiinte-sociale","7":"product_cat-istorie-stiinte-politice","8":"product_tag-mitologie","9":"product_tag-synoikismos","11":"first","12":"instock","13":"shipping-taxable","14":"purchasable","15":"product-type-simple"},"_links":{"self":[{"href":"https:\/\/editura-unibuc.ro\/en\/wp-json\/wp\/v2\/product\/12032","targetHints":{"allow":["GET"]}}],"collection":[{"href":"https:\/\/editura-unibuc.ro\/en\/wp-json\/wp\/v2\/product"}],"about":[{"href":"https:\/\/editura-unibuc.ro\/en\/wp-json\/wp\/v2\/types\/product"}],"replies":[{"embeddable":true,"href":"https:\/\/editura-unibuc.ro\/en\/wp-json\/wp\/v2\/comments?post=12032"}],"wp:featuredmedia":[{"embeddable":true,"href":"https:\/\/editura-unibuc.ro\/en\/wp-json\/wp\/v2\/media\/13665"}],"wp:attachment":[{"href":"https:\/\/editura-unibuc.ro\/en\/wp-json\/wp\/v2\/media?parent=12032"}],"wp:term":[{"taxonomy":"product_brand","embeddable":true,"href":"https:\/\/editura-unibuc.ro\/en\/wp-json\/wp\/v2\/product_brand?post=12032"},{"taxonomy":"product_cat","embeddable":true,"href":"https:\/\/editura-unibuc.ro\/en\/wp-json\/wp\/v2\/product_cat?post=12032"},{"taxonomy":"product_tag","embeddable":true,"href":"https:\/\/editura-unibuc.ro\/en\/wp-json\/wp\/v2\/product_tag?post=12032"}],"curies":[{"name":"wp","href":"https:\/\/api.w.org\/{rel}","templated":true}]}}