{"id":1205,"date":"2012-09-04T13:49:47","date_gmt":"2012-09-04T10:49:47","guid":{"rendered":"https:\/\/editura-unibuc.ro\/?p=1205"},"modified":"2016-08-11T14:11:24","modified_gmt":"2016-08-11T11:11:24","slug":"management-si-marketing-in-geologie-vol-ii","status":"publish","type":"product","link":"https:\/\/editura-unibuc.ro\/en\/management-si-marketing-in-geologie-vol-ii\/","title":{"rendered":"MANAGEMENT AND MARKETING IN GEOLOGY. VOL.II"},"content":{"rendered":"<p>Lucrarea de fa\u021b\u0103, propus\u0103 spre publicare de c\u0103tre autori reprezint\u0103 al doilea volum al c\u0103r\u021bii cu acela\u0219i nume, aparut\u0103 \u00een anul 2003, la Editura Universit\u0103\u021bii din Bucure\u0219ti. Dup\u0103 ce \u00een cuprinsul volumului \u00cent\u00e2i s-a \u00eenceput problematica managementului geologic, abord\u00e2ndu-se dou\u0103 mari capitole (\u201eResursele minerale \u2013 obiect de activitate al managementului geologic\u201d \u0219i \u201eManagementul proceselor de produc\u021bie cu caracter geologic\u201d), \u00een acest al doilea volum se continu\u0103 cu alte doua (\u201eManagementul eficientiz\u0103rii cercet\u0103rii\u201d \u0219i \u201eManagementul prevenirii, limit\u0103rii \u0219i reducerii perturb\u0103rii mediului de c\u0103tre procesele de produc\u021bie cu caracter geologic\u201d), precum \u0219i cu aspectele de marketing geologic (geomarketing) pe parcursul a \u00eenc\u0103 \u0219ase capitole.<\/p>\n","protected":false},"excerpt":{"rendered":"<p>Lucrarea de fa\u021b\u0103, propus\u0103 spre publicare de c\u0103tre autori reprezint\u0103 al doilea volum al c\u0103r\u021bii cu acela\u0219i nume, aparut\u0103 \u00een anul 2003, la Editura Universit\u0103\u021bii din Bucure\u0219ti. Dup\u0103 ce \u00een cuprinsul volumului \u00cent\u00e2i s-a \u00eenceput problematica managementului geologic, abord\u00e2ndu-se dou\u0103 mari capitole (\u201eResursele minerale \u2013 obiect de activitate al managementului geologic\u201d \u0219i \u201eManagementul proceselor de [&hellip;]<\/p>\n","protected":false},"featured_media":11273,"comment_status":"open","ping_status":"closed","template":"","meta":[],"product_brand":[],"product_cat":[1466,990],"product_tag":[909,1319,1229],"class_list":{"0":"post-1205","1":"product","2":"type-product","3":"status-publish","4":"has-post-thumbnail","6":"product_cat-stiinte-ale-naturii","7":"product_cat-geologie","8":"product_tag-geologie","9":"product_tag-management","10":"product_tag-marketing","12":"first","13":"instock","14":"shipping-taxable","15":"purchasable","16":"product-type-simple"},"_links":{"self":[{"href":"https:\/\/editura-unibuc.ro\/en\/wp-json\/wp\/v2\/product\/1205","targetHints":{"allow":["GET"]}}],"collection":[{"href":"https:\/\/editura-unibuc.ro\/en\/wp-json\/wp\/v2\/product"}],"about":[{"href":"https:\/\/editura-unibuc.ro\/en\/wp-json\/wp\/v2\/types\/product"}],"replies":[{"embeddable":true,"href":"https:\/\/editura-unibuc.ro\/en\/wp-json\/wp\/v2\/comments?post=1205"}],"wp:featuredmedia":[{"embeddable":true,"href":"https:\/\/editura-unibuc.ro\/en\/wp-json\/wp\/v2\/media\/11273"}],"wp:attachment":[{"href":"https:\/\/editura-unibuc.ro\/en\/wp-json\/wp\/v2\/media?parent=1205"}],"wp:term":[{"taxonomy":"product_brand","embeddable":true,"href":"https:\/\/editura-unibuc.ro\/en\/wp-json\/wp\/v2\/product_brand?post=1205"},{"taxonomy":"product_cat","embeddable":true,"href":"https:\/\/editura-unibuc.ro\/en\/wp-json\/wp\/v2\/product_cat?post=1205"},{"taxonomy":"product_tag","embeddable":true,"href":"https:\/\/editura-unibuc.ro\/en\/wp-json\/wp\/v2\/product_tag?post=1205"}],"curies":[{"name":"wp","href":"https:\/\/api.w.org\/{rel}","templated":true}]}}