{"id":12052,"date":"2013-11-01T16:04:15","date_gmt":"2013-11-01T13:04:15","guid":{"rendered":"https:\/\/editura-unibuc.ro\/?p=12052"},"modified":"2015-03-13T02:25:08","modified_gmt":"2015-03-13T00:25:08","slug":"aspectul-verbal-retrospective-si-perspective","status":"publish","type":"product","link":"https:\/\/editura-unibuc.ro\/en\/aspectul-verbal-retrospective-si-perspective\/","title":{"rendered":"VERBAL ASPECT. RETROSPECTIVES AND PERSPECTIVES"},"content":{"rendered":"<p>IN ROMANIAN<\/p>\n<p>Autoarea analizeaz\u0103 verbul rom\u00e2nesc \u0219i verbul slovac din perspectiva aspectului verbal, categorie gramatical\u0103 solid reprezentat\u0103 \u00een limba slovac\u0103, propun\u00e2nd c\u00e2teva posibile scenarii de analiz\u0103 confruntativ\u0103, abil structurate, care asigur\u0103 coeren\u021ba logic\u0103 a demersului \u0219tiin\u021bific, dar \u0219i coeziunea dintre etapele specifice \u00eenv\u0103\u021b\u0103rii unei limbi str\u0103ine, c\u0103ci fiecare capitol corespunde unui segment cognitiv asociat asimil\u0103rii unui nou cod lingvistic.<br \/>\nDubl\u0103 licen\u021biat\u0103 a Universit\u0103\u021bii ,,Comenius\u201d din Bratislava, unde a studiat limbile \u0219i literaturile slovac\u0103, englez\u0103 \u0219i francez\u0103, Marilena Felicia Lu\u021b\u0103 (\u021aipirigan) este lector doctor la Facultatea de Limbi \u0219i Literaturi Str\u0103ine a Universit\u0103\u021bii din Bucure\u0219ti.<\/p>","protected":false},"excerpt":{"rendered":"<p>IN ROMANIAN Autoarea analizeaz\u0103 verbul rom\u00e2nesc \u0219i verbul slovac din perspectiva aspectului verbal, categorie gramatical\u0103 solid reprezentat\u0103 \u00een limba slovac\u0103, propun\u00e2nd c\u00e2teva posibile scenarii de analiz\u0103 confruntativ\u0103, abil structurate, care asigur\u0103 coeren\u021ba logic\u0103 a demersului \u0219tiin\u021bific, dar \u0219i coeziunea dintre etapele specifice \u00eenv\u0103\u021b\u0103rii unei limbi str\u0103ine, c\u0103ci fiecare capitol corespunde unui segment cognitiv asociat asimil\u0103rii [&hellip;]<\/p>\n","protected":false},"featured_media":0,"comment_status":"open","ping_status":"closed","template":"","meta":[],"product_brand":[],"product_cat":[1464,981],"product_tag":[1222,1223],"class_list":{"0":"post-12052","1":"product","2":"type-product","3":"status-publish","5":"product_cat-filologie","6":"product_cat-limbi-slave","7":"product_tag-aspectul-verbal","8":"product_tag-pragmatica","10":"first","11":"instock","12":"shipping-taxable","13":"purchasable","14":"product-type-simple"},"_links":{"self":[{"href":"https:\/\/editura-unibuc.ro\/en\/wp-json\/wp\/v2\/product\/12052","targetHints":{"allow":["GET"]}}],"collection":[{"href":"https:\/\/editura-unibuc.ro\/en\/wp-json\/wp\/v2\/product"}],"about":[{"href":"https:\/\/editura-unibuc.ro\/en\/wp-json\/wp\/v2\/types\/product"}],"replies":[{"embeddable":true,"href":"https:\/\/editura-unibuc.ro\/en\/wp-json\/wp\/v2\/comments?post=12052"}],"wp:attachment":[{"href":"https:\/\/editura-unibuc.ro\/en\/wp-json\/wp\/v2\/media?parent=12052"}],"wp:term":[{"taxonomy":"product_brand","embeddable":true,"href":"https:\/\/editura-unibuc.ro\/en\/wp-json\/wp\/v2\/product_brand?post=12052"},{"taxonomy":"product_cat","embeddable":true,"href":"https:\/\/editura-unibuc.ro\/en\/wp-json\/wp\/v2\/product_cat?post=12052"},{"taxonomy":"product_tag","embeddable":true,"href":"https:\/\/editura-unibuc.ro\/en\/wp-json\/wp\/v2\/product_tag?post=12052"}],"curies":[{"name":"wp","href":"https:\/\/api.w.org\/{rel}","templated":true}]}}