{"id":12104,"date":"2013-11-14T18:39:45","date_gmt":"2013-11-14T15:39:45","guid":{"rendered":"https:\/\/editura-unibuc.ro\/?p=12104"},"modified":"2017-01-10T15:02:12","modified_gmt":"2017-01-10T13:02:12","slug":"vlad-iii-draculea-reconstructia-unei-imagini","status":"publish","type":"product","link":"https:\/\/editura-unibuc.ro\/en\/vlad-iii-draculea-reconstructia-unei-imagini\/","title":{"rendered":"VLAD III DRACULA: The Reconstruction of an Image"},"content":{"rendered":"<p>IN ROMANIAN, with an Annex in Old German<\/p>\n<p>\u201eFlorin Stroe ne ofer\u0103 pentru prima dat\u0103 o reconstruc\u021bie imagologic\u0103 a lui Vlad \u021aepe\u0219 care se poate numi complet\u0103. Toate izvoarele despre voievod sunt asimilate, bibliografia de specialitate \u2013 epuizat\u0103, iar ideile se combin\u0103 inteligent c\u0103tre un rezultat pe c\u00e2t de pertinent, pe at\u00e2t de original. O lucrare de referin\u021b\u0103, care relanseaz\u0103 studiul lui Dracula, salv\u00e2ndu-l de cli\u0219eele obositoare cu care a trebuit s\u0103 ne obi\u0219nuim.\u201d (Mihai Moraru)<\/p>","protected":false},"excerpt":{"rendered":"<p>IN ROMANIAN, with an Annex in Old German \u201eFlorin Stroe ne ofer\u0103 pentru prima dat\u0103 o reconstruc\u021bie imagologic\u0103 a lui Vlad \u021aepe\u0219 care se poate numi complet\u0103. Toate izvoarele despre voievod sunt asimilate, bibliografia de specialitate \u2013 epuizat\u0103, iar ideile se combin\u0103 inteligent c\u0103tre un rezultat pe c\u00e2t de pertinent, pe at\u00e2t de original. O [&hellip;]<\/p>\n","protected":false},"featured_media":0,"comment_status":"open","ping_status":"closed","template":"","meta":[],"product_brand":[],"product_cat":[1464,979,995],"product_tag":[1219,1220],"class_list":{"0":"post-12104","1":"product","2":"type-product","3":"status-publish","5":"product_cat-filologie","6":"product_cat-limba-romana","7":"product_cat-istorie-stiinte-politice","8":"product_tag-dracula","9":"product_tag-vlad-tepes","11":"first","12":"outofstock","13":"shipping-taxable","14":"purchasable","15":"product-type-simple"},"_links":{"self":[{"href":"https:\/\/editura-unibuc.ro\/en\/wp-json\/wp\/v2\/product\/12104","targetHints":{"allow":["GET"]}}],"collection":[{"href":"https:\/\/editura-unibuc.ro\/en\/wp-json\/wp\/v2\/product"}],"about":[{"href":"https:\/\/editura-unibuc.ro\/en\/wp-json\/wp\/v2\/types\/product"}],"replies":[{"embeddable":true,"href":"https:\/\/editura-unibuc.ro\/en\/wp-json\/wp\/v2\/comments?post=12104"}],"wp:attachment":[{"href":"https:\/\/editura-unibuc.ro\/en\/wp-json\/wp\/v2\/media?parent=12104"}],"wp:term":[{"taxonomy":"product_brand","embeddable":true,"href":"https:\/\/editura-unibuc.ro\/en\/wp-json\/wp\/v2\/product_brand?post=12104"},{"taxonomy":"product_cat","embeddable":true,"href":"https:\/\/editura-unibuc.ro\/en\/wp-json\/wp\/v2\/product_cat?post=12104"},{"taxonomy":"product_tag","embeddable":true,"href":"https:\/\/editura-unibuc.ro\/en\/wp-json\/wp\/v2\/product_tag?post=12104"}],"curies":[{"name":"wp","href":"https:\/\/api.w.org\/{rel}","templated":true}]}}