{"id":1211,"date":"2012-09-04T13:58:55","date_gmt":"2012-09-04T10:58:55","guid":{"rendered":"https:\/\/editura-unibuc.ro\/?p=1211"},"modified":"2025-08-28T12:17:23","modified_gmt":"2025-08-28T09:17:23","slug":"strategii-de-formare-cadrelor-didactice","status":"publish","type":"product","link":"https:\/\/editura-unibuc.ro\/en\/strategii-de-formare-cadrelor-didactice\/","title":{"rendered":"TEACHER TRAINING STRATEGIES"},"content":{"rendered":"<p>Credem c\u0103 problematica form\u0103rii ini\u021biale trebuie abordat\u0103 nu ca un scop \u00een sine, ci mai degrab\u0103, ca o punte \u00eentre nivelul universitar \u0219i cel preuniversitar. Nu se poate vorbi despre reu\u0219ita form\u0103rii ini\u021biale a profesorilor, dac\u0103 \u00eentre cele dou\u0103 subsisteme nu func\u021bioneaz\u0103 rela\u021bii de interdepeden\u021b\u0103 \u0219i de complementaritate, dac\u0103 procesul de formare nu se bazeaz\u0103 pe principii precum: principiul continuit\u0103\u021bii, al coeren\u021bei \u0219i consisten\u021bei interne, al sistematiz\u0103rii, al dimension\u0103rii optime \u00eentre teorie \u0219i practic\u0103.<\/p>\n","protected":false},"excerpt":{"rendered":"<p>Credem c\u0103 problematica form\u0103rii ini\u021biale trebuie abordat\u0103 nu ca un scop \u00een sine, ci mai degrab\u0103, ca o punte \u00eentre nivelul universitar \u0219i cel preuniversitar. Nu se poate vorbi despre reu\u0219ita form\u0103rii ini\u021biale a profesorilor, dac\u0103 \u00eentre cele dou\u0103 subsisteme nu func\u021bioneaz\u0103 rela\u021bii de interdepeden\u021b\u0103 \u0219i de complementaritate, dac\u0103 procesul de formare nu se bazeaz\u0103 [&hellip;]<\/p>\n","protected":false},"featured_media":11215,"comment_status":"open","ping_status":"closed","template":"","meta":[],"product_brand":[],"product_cat":[991,997],"product_tag":[1170,1304],"class_list":{"0":"post-1211","1":"product","2":"type-product","3":"status-publish","4":"has-post-thumbnail","6":"product_cat-stiinte-sociale","7":"product_cat-psihologie-stiintele-educatiei-si-pedagogie","8":"product_tag-educatie","9":"product_tag-invatamant","11":"first","12":"instock","13":"shipping-taxable","14":"purchasable","15":"product-type-simple"},"_links":{"self":[{"href":"https:\/\/editura-unibuc.ro\/en\/wp-json\/wp\/v2\/product\/1211","targetHints":{"allow":["GET"]}}],"collection":[{"href":"https:\/\/editura-unibuc.ro\/en\/wp-json\/wp\/v2\/product"}],"about":[{"href":"https:\/\/editura-unibuc.ro\/en\/wp-json\/wp\/v2\/types\/product"}],"replies":[{"embeddable":true,"href":"https:\/\/editura-unibuc.ro\/en\/wp-json\/wp\/v2\/comments?post=1211"}],"wp:featuredmedia":[{"embeddable":true,"href":"https:\/\/editura-unibuc.ro\/en\/wp-json\/wp\/v2\/media\/11215"}],"wp:attachment":[{"href":"https:\/\/editura-unibuc.ro\/en\/wp-json\/wp\/v2\/media?parent=1211"}],"wp:term":[{"taxonomy":"product_brand","embeddable":true,"href":"https:\/\/editura-unibuc.ro\/en\/wp-json\/wp\/v2\/product_brand?post=1211"},{"taxonomy":"product_cat","embeddable":true,"href":"https:\/\/editura-unibuc.ro\/en\/wp-json\/wp\/v2\/product_cat?post=1211"},{"taxonomy":"product_tag","embeddable":true,"href":"https:\/\/editura-unibuc.ro\/en\/wp-json\/wp\/v2\/product_tag?post=1211"}],"curies":[{"name":"wp","href":"https:\/\/api.w.org\/{rel}","templated":true}]}}