{"id":12179,"date":"2013-12-04T15:20:33","date_gmt":"2013-12-04T12:20:33","guid":{"rendered":"https:\/\/editura-unibuc.ro\/?p=12179"},"modified":"2025-08-06T14:12:30","modified_gmt":"2025-08-06T11:12:30","slug":"lamour-chez-stendhal-et-madame-de-la-fayette-essai-psychanalytique","status":"publish","type":"product","link":"https:\/\/editura-unibuc.ro\/en\/lamour-chez-stendhal-et-madame-de-la-fayette-essai-psychanalytique\/","title":{"rendered":"L\u2019AMOUR CHEZ STENDHAL ET MADAME DE LA FAYETTE. ESSAI PSYCHANALYTIQUE"},"content":{"rendered":"<p>IN FRENCH<\/p>\n<p>Stendhal et La Fayette sont deux esclaves, le premier des pulsions sans barri\u00e8re et le second du Surmoi. Voil\u00e0 la grande diff\u00e9rence qui oppose les deux chevaliers de l\u2019amour.<\/p>\n<p>Tous les deux sont des malades:\u00a0Stendhal \u2013 un n\u00e9vros\u00e9 obsessionnel, Madame de la Fayette accabl\u00e9e par sa\u00a0\u00ab complexion maladive\u00a0\u00bb \u2013 une refoul\u00e9e parfaite. Tous les deux trouvent une solution dans le transfert, dans la sublimation fictionnelle, le seul rem\u00e8de partiellement efficace.<\/p>\n<p>(Dan Dobre)<\/p>","protected":false},"excerpt":{"rendered":"<p>IN FRENCH Stendhal et La Fayette sont deux esclaves, le premier des pulsions sans barri\u00e8re et le second du Surmoi. Voil\u00e0 la grande diff\u00e9rence qui oppose les deux chevaliers de l\u2019amour. Tous les deux sont des malades:\u00a0Stendhal \u2013 un n\u00e9vros\u00e9 obsessionnel, Madame de la Fayette accabl\u00e9e par sa\u00a0\u00ab complexion maladive\u00a0\u00bb \u2013 une refoul\u00e9e parfaite. Tous [&hellip;]<\/p>\n","protected":false},"featured_media":0,"comment_status":"open","ping_status":"closed","template":"","meta":[],"product_brand":[],"product_cat":[1464,977],"product_tag":[877,1168,1209,1210],"class_list":{"0":"post-12179","1":"product","2":"type-product","3":"status-publish","5":"product_cat-filologie","6":"product_cat-limba-franceza","7":"product_tag-franceza","8":"product_tag-limba-franceza","9":"product_tag-madame-de-la-fayette","10":"product_tag-stendhal","12":"first","13":"instock","14":"shipping-taxable","15":"purchasable","16":"product-type-simple"},"_links":{"self":[{"href":"https:\/\/editura-unibuc.ro\/en\/wp-json\/wp\/v2\/product\/12179","targetHints":{"allow":["GET"]}}],"collection":[{"href":"https:\/\/editura-unibuc.ro\/en\/wp-json\/wp\/v2\/product"}],"about":[{"href":"https:\/\/editura-unibuc.ro\/en\/wp-json\/wp\/v2\/types\/product"}],"replies":[{"embeddable":true,"href":"https:\/\/editura-unibuc.ro\/en\/wp-json\/wp\/v2\/comments?post=12179"}],"wp:attachment":[{"href":"https:\/\/editura-unibuc.ro\/en\/wp-json\/wp\/v2\/media?parent=12179"}],"wp:term":[{"taxonomy":"product_brand","embeddable":true,"href":"https:\/\/editura-unibuc.ro\/en\/wp-json\/wp\/v2\/product_brand?post=12179"},{"taxonomy":"product_cat","embeddable":true,"href":"https:\/\/editura-unibuc.ro\/en\/wp-json\/wp\/v2\/product_cat?post=12179"},{"taxonomy":"product_tag","embeddable":true,"href":"https:\/\/editura-unibuc.ro\/en\/wp-json\/wp\/v2\/product_tag?post=12179"}],"curies":[{"name":"wp","href":"https:\/\/api.w.org\/{rel}","templated":true}]}}