{"id":12217,"date":"2013-12-11T17:03:22","date_gmt":"2013-12-11T15:03:22","guid":{"rendered":"https:\/\/editura-unibuc.ro\/?p=12217"},"modified":"2016-02-18T15:10:18","modified_gmt":"2016-02-18T13:10:18","slug":"voci-labirint-studii-critice-si-de-literatura-comparata","status":"publish","type":"product","link":"https:\/\/editura-unibuc.ro\/en\/voci-labirint-studii-critice-si-de-literatura-comparata\/","title":{"rendered":"VOICES IN A LABYRINTH. STUDIES OF CRITICISM AND COMPARATIVE LITERATURE"},"content":{"rendered":"<p>Colec\u021bia Imago Mundi (1)<\/p>\n<p>IN ROMANIAN<\/p>\n<p>Permanen\u021ba dialogului estetic, Discursul fantastic \/ realitatea fic\u021biunii pure, Accente moderne \/ contemporane, Tonalit\u0103\u021bi universale sunt doar c\u00e2teva dintre temele ce formeaz\u0103 capitolele lucr\u0103rii. Studiile sunt \u00eenso\u021bite de o bibliografie selectiv\u0103.<\/p>","protected":false},"excerpt":{"rendered":"<p>Colec\u021bia Imago Mundi (1) IN ROMANIAN Permanen\u021ba dialogului estetic, Discursul fantastic \/ realitatea fic\u021biunii pure, Accente moderne \/ contemporane, Tonalit\u0103\u021bi universale sunt doar c\u00e2teva dintre temele ce formeaz\u0103 capitolele lucr\u0103rii. Studiile sunt \u00eenso\u021bite de o bibliografie selectiv\u0103.<\/p>\n","protected":false},"featured_media":0,"comment_status":"open","ping_status":"closed","template":"","meta":[],"product_brand":[],"product_cat":[1464,979],"product_tag":[884,885],"class_list":{"0":"post-12217","1":"product","2":"type-product","3":"status-publish","5":"product_cat-filologie","6":"product_cat-limba-romana","7":"product_tag-literatura-comparata","8":"product_tag-studii-critice","10":"first","11":"instock","12":"shipping-taxable","13":"purchasable","14":"product-type-simple"},"_links":{"self":[{"href":"https:\/\/editura-unibuc.ro\/en\/wp-json\/wp\/v2\/product\/12217","targetHints":{"allow":["GET"]}}],"collection":[{"href":"https:\/\/editura-unibuc.ro\/en\/wp-json\/wp\/v2\/product"}],"about":[{"href":"https:\/\/editura-unibuc.ro\/en\/wp-json\/wp\/v2\/types\/product"}],"replies":[{"embeddable":true,"href":"https:\/\/editura-unibuc.ro\/en\/wp-json\/wp\/v2\/comments?post=12217"}],"wp:attachment":[{"href":"https:\/\/editura-unibuc.ro\/en\/wp-json\/wp\/v2\/media?parent=12217"}],"wp:term":[{"taxonomy":"product_brand","embeddable":true,"href":"https:\/\/editura-unibuc.ro\/en\/wp-json\/wp\/v2\/product_brand?post=12217"},{"taxonomy":"product_cat","embeddable":true,"href":"https:\/\/editura-unibuc.ro\/en\/wp-json\/wp\/v2\/product_cat?post=12217"},{"taxonomy":"product_tag","embeddable":true,"href":"https:\/\/editura-unibuc.ro\/en\/wp-json\/wp\/v2\/product_tag?post=12217"}],"curies":[{"name":"wp","href":"https:\/\/api.w.org\/{rel}","templated":true}]}}