{"id":12221,"date":"2013-12-11T17:20:14","date_gmt":"2013-12-11T14:20:14","guid":{"rendered":"https:\/\/editura-unibuc.ro\/?p=12221"},"modified":"2025-08-06T14:41:37","modified_gmt":"2025-08-06T11:41:37","slug":"literatura-ceha-veche-antologie-de-texte-sec-ix-xvii","status":"publish","type":"product","link":"https:\/\/editura-unibuc.ro\/en\/literatura-ceha-veche-antologie-de-texte-sec-ix-xvii\/","title":{"rendered":"OLD CZECH LITERATURE. ANTHOLOGY OF TEXTS (IXth-XVIIth CENTURIES)"},"content":{"rendered":"<p>Antologia de literatur\u0103 ceh\u0103 veche este structurat\u0103 \u00een cinci capitole: Literatura Evului Mediu timpuriu; Secolul de aur al literaturii cehe; Literatura perioadei husite; Literatura Umanismului; Literatura Barocului. Lucrarea este \u00eenso\u021bit\u0103 de o bogat\u0103 bibliografie \u0219i con\u021bine numeroase ilustra\u021bii color, sugestive pentru textele de referin\u021b\u0103 cuprinse \u00een volum.<\/p>\n","protected":false},"excerpt":{"rendered":"<p>Antologia de literatur\u0103 ceh\u0103 veche este structurat\u0103 \u00een cinci capitole: Literatura Evului Mediu timpuriu; Secolul de aur al literaturii cehe; Literatura perioadei husite; Literatura Umanismului; Literatura Barocului. Lucrarea este \u00eenso\u021bit\u0103 de o bogat\u0103 bibliografie \u0219i con\u021bine numeroase ilustra\u021bii color, sugestive pentru textele de referin\u021b\u0103 cuprinse \u00een volum.<\/p>\n","protected":false},"featured_media":0,"comment_status":"open","ping_status":"closed","template":"","meta":[],"product_brand":[],"product_cat":[1464,981],"product_tag":[1147],"class_list":{"0":"post-12221","1":"product","2":"type-product","3":"status-publish","5":"product_cat-filologie","6":"product_cat-limbi-slave","7":"product_tag-literatura-ceha","9":"first","10":"outofstock","11":"shipping-taxable","12":"purchasable","13":"product-type-simple"},"_links":{"self":[{"href":"https:\/\/editura-unibuc.ro\/en\/wp-json\/wp\/v2\/product\/12221","targetHints":{"allow":["GET"]}}],"collection":[{"href":"https:\/\/editura-unibuc.ro\/en\/wp-json\/wp\/v2\/product"}],"about":[{"href":"https:\/\/editura-unibuc.ro\/en\/wp-json\/wp\/v2\/types\/product"}],"replies":[{"embeddable":true,"href":"https:\/\/editura-unibuc.ro\/en\/wp-json\/wp\/v2\/comments?post=12221"}],"wp:attachment":[{"href":"https:\/\/editura-unibuc.ro\/en\/wp-json\/wp\/v2\/media?parent=12221"}],"wp:term":[{"taxonomy":"product_brand","embeddable":true,"href":"https:\/\/editura-unibuc.ro\/en\/wp-json\/wp\/v2\/product_brand?post=12221"},{"taxonomy":"product_cat","embeddable":true,"href":"https:\/\/editura-unibuc.ro\/en\/wp-json\/wp\/v2\/product_cat?post=12221"},{"taxonomy":"product_tag","embeddable":true,"href":"https:\/\/editura-unibuc.ro\/en\/wp-json\/wp\/v2\/product_tag?post=12221"}],"curies":[{"name":"wp","href":"https:\/\/api.w.org\/{rel}","templated":true}]}}