{"id":12224,"date":"2013-12-11T17:31:52","date_gmt":"2013-12-11T14:31:52","guid":{"rendered":"https:\/\/editura-unibuc.ro\/?p=12224"},"modified":"2018-01-04T10:17:17","modified_gmt":"2018-01-04T08:17:17","slug":"documente-privind-reglementarile-referitoare-la-admiterea-invatamantul-superior-din-romania-1948-1968","status":"publish","type":"product","link":"https:\/\/editura-unibuc.ro\/en\/documente-privind-reglementarile-referitoare-la-admiterea-invatamantul-superior-din-romania-1948-1968\/","title":{"rendered":"DOCUMENTS ON THE RULES RELATING TO THE ADMISSION IN HIGHER EDUCATION IN ROMANIA (1948-1968)"},"content":{"rendered":"<p>\u201eVolumul de documente pe care-l propunem acum, \u0219i care va fi urmat de un al doilea dedicat anilor 1968-1989, face parte din proiectul PN-II-ID-PCE-2011-3-0476,\u00a0<i>Planificare economic\u0103, \u00eenv\u0103\u021b\u0103m\u00e2nt superior \u0219i acumularea capitalului uman \u00een Rom\u00e2nia \u00een timpul regimului comunist (1948-1989).<\/i>\u00a0Documentele din volum surprind at\u00e2t persisten\u021ba unor incoeren\u021be \u0219i ambiguit\u0103\u021bi (inclusiv la nivelul acurate\u021bii planific\u0103rii multianuale a sistemului), c\u00e2t \u0219i stabilizarea sistemului de admitere, statuat\u0103 \u0219i prin prevederile legii \u00eenv\u0103\u021b\u0103m\u00e2ntului din 1968\u201d, noteaz\u0103 coordonatorii volumului.<\/p>","protected":false},"excerpt":{"rendered":"<p>\u201eVolumul de documente pe care-l propunem acum, \u0219i care va fi urmat de un al doilea dedicat anilor 1968-1989, face parte din proiectul PN-II-ID-PCE-2011-3-0476,\u00a0Planificare economic\u0103, \u00eenv\u0103\u021b\u0103m\u00e2nt superior \u0219i acumularea capitalului uman \u00een Rom\u00e2nia \u00een timpul regimului comunist (1948-1989).\u00a0Documentele din volum surprind at\u00e2t persisten\u021ba unor incoeren\u021be \u0219i ambiguit\u0103\u021bi (inclusiv la nivelul acurate\u021bii planific\u0103rii multianuale a sistemului), [&hellip;]<\/p>\n","protected":false},"featured_media":0,"comment_status":"open","ping_status":"closed","template":"","meta":[],"product_brand":[],"product_cat":[991,995],"product_tag":[1207],"class_list":{"0":"post-12224","1":"product","2":"type-product","3":"status-publish","5":"product_cat-stiinte-sociale","6":"product_cat-istorie-stiinte-politice","7":"product_tag-comunism","9":"first","10":"outofstock","11":"shipping-taxable","12":"purchasable","13":"product-type-simple"},"_links":{"self":[{"href":"https:\/\/editura-unibuc.ro\/en\/wp-json\/wp\/v2\/product\/12224","targetHints":{"allow":["GET"]}}],"collection":[{"href":"https:\/\/editura-unibuc.ro\/en\/wp-json\/wp\/v2\/product"}],"about":[{"href":"https:\/\/editura-unibuc.ro\/en\/wp-json\/wp\/v2\/types\/product"}],"replies":[{"embeddable":true,"href":"https:\/\/editura-unibuc.ro\/en\/wp-json\/wp\/v2\/comments?post=12224"}],"wp:attachment":[{"href":"https:\/\/editura-unibuc.ro\/en\/wp-json\/wp\/v2\/media?parent=12224"}],"wp:term":[{"taxonomy":"product_brand","embeddable":true,"href":"https:\/\/editura-unibuc.ro\/en\/wp-json\/wp\/v2\/product_brand?post=12224"},{"taxonomy":"product_cat","embeddable":true,"href":"https:\/\/editura-unibuc.ro\/en\/wp-json\/wp\/v2\/product_cat?post=12224"},{"taxonomy":"product_tag","embeddable":true,"href":"https:\/\/editura-unibuc.ro\/en\/wp-json\/wp\/v2\/product_tag?post=12224"}],"curies":[{"name":"wp","href":"https:\/\/api.w.org\/{rel}","templated":true}]}}